{"id":1730,"date":"2022-02-03T09:06:25","date_gmt":"2022-02-03T09:06:25","guid":{"rendered":"http:\/\/sfaltea.com\/contacto\/"},"modified":"2022-07-02T11:50:24","modified_gmt":"2022-07-02T11:50:24","slug":"contacto","status":"publish","type":"page","link":"https:\/\/www.sfaltea.com\/es\/contacto\/","title":{"rendered":"Contacto"},"content":{"rendered":"\t\t<div data-elementor-type=\"wp-page\" data-elementor-id=\"1730\" class=\"elementor elementor-1730\" data-elementor-settings=\"[]\">\n\t\t\t\t\t\t\t<div class=\"elementor-section-wrap\">\n\t\t\t\t\t\t\t<section class=\"elementor-section elementor-top-section elementor-element elementor-element-0fd9b39 elementor-section-boxed elementor-section-height-default elementor-section-height-default\" data-id=\"0fd9b39\" data-element_type=\"section\">\n\t\t\t\t\t\t<div class=\"elementor-container elementor-column-gap-default\">\n\t\t\t\t\t<div class=\"elementor-column elementor-col-50 elementor-top-column elementor-element elementor-element-a6ed703\" data-id=\"a6ed703\" data-element_type=\"column\">\n\t\t\t<div class=\"elementor-widget-wrap elementor-element-populated\">\n\t\t\t\t\t\t\t\t<div class=\"elementor-element elementor-element-b75aaba elementor-widget elementor-widget-eael-feature-list\" data-id=\"b75aaba\" data-element_type=\"widget\" data-widget_type=\"eael-feature-list.default\">\n\t\t\t\t<div class=\"elementor-widget-container\">\n\t\t\t\t\t<div class=\"-icon-position-right -tablet-icon-position-left -mobile-icon-position-left\">\n\t\t\t<ul id=\"eael-feature-list-b75aaba\" class=\"eael-feature-list-items circle stacked \">\n\t\t\t                <li class=\"eael-feature-list-item elementor-repeater-item-2a1e643\">\n                    \n\t\t\t\t\t\t<div class=\"eael-feature-list-icon-box\">\n\t\t\t\t\t\t\t<div class=\"eael-feature-list-icon-inner\">\n\n\t\t\t\t\t\t\t\t<span class=\"eael-feature-list-icon fl-icon-0\">\n\n\t\t<i aria-hidden=\"true\" class=\"far fa-address-card\"><\/i>\t\t\t\t\t\t\t\t<\/span>\n\t\t\t\t\t\t\t<\/div>\n\t\t\t\t\t\t<\/div>\n\t\t\t\t\t\t<div class=\"eael-feature-list-content-box\">\n\t\t\t\t\t\t\t<h3 class=\"eael-feature-list-title\"\t\t\t\t\t\t\t><\/h3\t\t\t\t\t\t>\n\t\t\t\t\t\t<p class=\"eael-feature-list-content\">C\/ Filarm\u00f3nica, 12\n\nApdo. de Correos 474<br>\n\n03590 Altea (Alicante) \u2013 Espa\u00f1a<\/p>\n\t\t\t\t\t\t<\/div>\n\n\t\t\t\t\t<\/li>\n\t\t\t\t                <li class=\"eael-feature-list-item elementor-repeater-item-5a8479a\">\n                    \n\t\t\t\t\t\t<div class=\"eael-feature-list-icon-box\">\n\t\t\t\t\t\t\t<div class=\"eael-feature-list-icon-inner\">\n\n\t\t\t\t\t\t\t\t<span class=\"eael-feature-list-icon fl-icon-1\">\n\n\t\t<i aria-hidden=\"true\" class=\"far fa-envelope\"><\/i>\t\t\t\t\t\t\t\t<\/span>\n\t\t\t\t\t\t\t<\/div>\n\t\t\t\t\t\t<\/div>\n\t\t\t\t\t\t<div class=\"eael-feature-list-content-box\">\n\t\t\t\t\t\t\t<h3 class=\"eael-feature-list-title\"\t\t\t\t\t\t\t><\/h3\t\t\t\t\t\t>\n\t\t\t\t\t\t<p class=\"eael-feature-list-content\"><p>\n<a href=\"mailto:gestion@sfaltea.com\">gestion@sfaltea.com<\/a><\/p>\n\t\t\t\t\t\t<\/div>\n\n\t\t\t\t\t<\/li>\n\t\t\t\t\t\t\t<\/ul>\n\t\t<\/div>\n\t\t\t\t<\/div>\n\t\t\t\t<\/div>\n\t\t\t\t\t<\/div>\n\t\t<\/div>\n\t\t\t\t<div class=\"elementor-column elementor-col-50 elementor-top-column elementor-element elementor-element-02c001c\" data-id=\"02c001c\" data-element_type=\"column\">\n\t\t\t<div class=\"elementor-widget-wrap elementor-element-populated\">\n\t\t\t\t\t\t\t\t<div class=\"elementor-element elementor-element-a0fa8c0 elementor-widget elementor-widget-eael-feature-list\" data-id=\"a0fa8c0\" data-element_type=\"widget\" data-widget_type=\"eael-feature-list.default\">\n\t\t\t\t<div class=\"elementor-widget-container\">\n\t\t\t\t\t<div class=\"-icon-position-left -tablet-icon-position-left -mobile-icon-position-left\">\n\t\t\t<ul id=\"eael-feature-list-a0fa8c0\" class=\"eael-feature-list-items circle stacked \">\n\t\t\t                <li class=\"eael-feature-list-item elementor-repeater-item-605cf3c\">\n                    \n\t\t\t\t\t\t<div class=\"eael-feature-list-icon-box\">\n\t\t\t\t\t\t\t<div class=\"eael-feature-list-icon-inner\">\n\n\t\t\t\t\t\t\t\t<span class=\"eael-feature-list-icon fl-icon-0\">\n\n\t\t<i aria-hidden=\"true\" class=\"fas fa-phone-square-alt\"><\/i>\t\t\t\t\t\t\t\t<\/span>\n\t\t\t\t\t\t\t<\/div>\n\t\t\t\t\t\t<\/div>\n\t\t\t\t\t\t<div class=\"eael-feature-list-content-box\">\n\t\t\t\t\t\t\t<h3 class=\"eael-feature-list-title\"\t\t\t\t\t\t\t><\/h3\t\t\t\t\t\t>\n\t\t\t\t\t\t<p class=\"eael-feature-list-content\"><b>965844499<\/b> - Tel\u00e9fono fijo<\/p>\n\t\t\t\t\t\t<\/div>\n\n\t\t\t\t\t<\/li>\n\t\t\t\t                <li class=\"eael-feature-list-item elementor-repeater-item-175c01a\">\n                    \n\t\t\t\t\t\t<div class=\"eael-feature-list-icon-box\">\n\t\t\t\t\t\t\t<div class=\"eael-feature-list-icon-inner\">\n\n\t\t\t\t\t\t\t\t<span class=\"eael-feature-list-icon fl-icon-1\">\n\n\t\t<i aria-hidden=\"true\" class=\"fab fa-whatsapp\"><\/i>\t\t\t\t\t\t\t\t<\/span>\n\t\t\t\t\t\t\t<\/div>\n\t\t\t\t\t\t<\/div>\n\t\t\t\t\t\t<div class=\"eael-feature-list-content-box\">\n\t\t\t\t\t\t\t<h3 class=\"eael-feature-list-title\"\t\t\t\t\t\t\t><\/h3\t\t\t\t\t\t>\n\t\t\t\t\t\t<p class=\"eael-feature-list-content\"><b>629854888<\/b> - M\u00f3vil \/ WhatsApp<\/p>\n\t\t\t\t\t\t<\/div>\n\n\t\t\t\t\t<\/li>\n\t\t\t\t\t\t\t<\/ul>\n\t\t<\/div>\n\t\t\t\t<\/div>\n\t\t\t\t<\/div>\n\t\t\t\t\t<\/div>\n\t\t<\/div>\n\t\t\t\t\t\t\t<\/div>\n\t\t<\/section>\n\t\t\t\t<section class=\"elementor-section elementor-top-section elementor-element elementor-element-86af856 elementor-section-boxed elementor-section-height-default elementor-section-height-default\" data-id=\"86af856\" data-element_type=\"section\">\n\t\t\t\t\t\t<div class=\"elementor-container elementor-column-gap-default\">\n\t\t\t\t\t<div class=\"elementor-column elementor-col-100 elementor-top-column elementor-element elementor-element-58fde4a\" data-id=\"58fde4a\" data-element_type=\"column\">\n\t\t\t<div class=\"elementor-widget-wrap elementor-element-populated\">\n\t\t\t\t\t\t\t\t<div class=\"elementor-element elementor-element-95894bf elementor-widget elementor-widget-spacer\" data-id=\"95894bf\" data-element_type=\"widget\" data-widget_type=\"spacer.default\">\n\t\t\t\t<div class=\"elementor-widget-container\">\n\t\t\t\t\t<div class=\"elementor-spacer\">\n\t\t\t<div class=\"elementor-spacer-inner\"><\/div>\n\t\t<\/div>\n\t\t\t\t<\/div>\n\t\t\t\t<\/div>\n\t\t\t\t\t<\/div>\n\t\t<\/div>\n\t\t\t\t\t\t\t<\/div>\n\t\t<\/section>\n\t\t\t\t<section class=\"elementor-section elementor-top-section elementor-element elementor-element-efd66af elementor-section-boxed elementor-section-height-default elementor-section-height-default\" data-id=\"efd66af\" data-element_type=\"section\">\n\t\t\t\t\t\t<div class=\"elementor-container elementor-column-gap-default\">\n\t\t\t\t\t<div class=\"elementor-column elementor-col-50 elementor-top-column elementor-element elementor-element-e3fba91\" data-id=\"e3fba91\" data-element_type=\"column\" data-settings=\"{&quot;background_background&quot;:&quot;classic&quot;}\">\n\t\t\t<div class=\"elementor-widget-wrap elementor-element-populated\">\n\t\t\t\t\t\t\t\t<div class=\"elementor-element elementor-element-4938da8 elementor-widget elementor-widget-google_maps\" data-id=\"4938da8\" data-element_type=\"widget\" data-widget_type=\"google_maps.default\">\n\t\t\t\t<div class=\"elementor-widget-container\">\n\t\t\t\t\t<div class=\"elementor-custom-embed\">\n\t\t\t<iframe frameborder=\"0\" scrolling=\"no\" marginheight=\"0\" marginwidth=\"0\"\n\t\t\t\t\tsrc=\"https:\/\/maps.google.com\/maps?q=C%2F%20Filarm%C3%B3nica%2C%2012%2C%2003590%20Altea&#038;t=m&#038;z=17&#038;output=embed&#038;iwloc=near\"\n\t\t\t\t\ttitle=\"C\/ Filarm\u00f3nica, 12, 03590 Altea\"\n\t\t\t\t\taria-label=\"C\/ Filarm\u00f3nica, 12, 03590 Altea\"\n\t\t\t><\/iframe>\n\t\t<\/div>\n\t\t\t\t<\/div>\n\t\t\t\t<\/div>\n\t\t\t\t\t<\/div>\n\t\t<\/div>\n\t\t\t\t<div class=\"elementor-column elementor-col-50 elementor-top-column elementor-element elementor-element-f3b1741\" data-id=\"f3b1741\" data-element_type=\"column\" data-settings=\"{&quot;background_background&quot;:&quot;classic&quot;}\">\n\t\t\t<div class=\"elementor-widget-wrap elementor-element-populated\">\n\t\t\t\t\t\t\t\t<div class=\"elementor-element elementor-element-6dc81ad content-align-cta-center elementor-widget elementor-widget-eael-cta-box\" data-id=\"6dc81ad\" data-element_type=\"widget\" data-widget_type=\"eael-cta-box.default\">\n\t\t\t\t<div class=\"elementor-widget-container\">\n\t\t\t\t\t<div class=\"eael-call-to-action bg-lite\">\n        <h2 class=\"title\"><\/h2><p><h3>Horario<\/h3><p><strong>Lunes, mi\u00e9rcoles y viernes<\/strong><br \/><strong>17.30 a 19.00 h<br \/><\/strong>(cerrado del 16\/jul a 31\/ago)<\/p><p>Tambi\u00e9n puede pedir cita en este u otro horario:<\/p><\/p><a href=\"http:\/\/bit.ly\/soli-cita\" target=\"_blank\" class=\"cta-button \">PEDIR CITA PREVIA<\/a>\t<\/div>\n\t\t\t\t\t\t<\/div>\n\t\t\t\t<\/div>\n\t\t\t\t\t<\/div>\n\t\t<\/div>\n\t\t\t\t\t\t\t<\/div>\n\t\t<\/section>\n\t\t\t\t<section class=\"elementor-section elementor-top-section elementor-element elementor-element-7041751 elementor-section-boxed elementor-section-height-default elementor-section-height-default\" data-id=\"7041751\" data-element_type=\"section\">\n\t\t\t\t\t\t<div class=\"elementor-container elementor-column-gap-default\">\n\t\t\t\t\t<div class=\"elementor-column elementor-col-100 elementor-top-column elementor-element elementor-element-065defd\" data-id=\"065defd\" data-element_type=\"column\">\n\t\t\t<div class=\"elementor-widget-wrap\">\n\t\t\t\t\t\t\t\t\t<\/div>\n\t\t<\/div>\n\t\t\t\t\t\t\t<\/div>\n\t\t<\/section>\n\t\t\t\t\t\t<\/div>\n\t\t\t\t\t<\/div>\n\t\t","protected":false},"excerpt":{"rendered":"<p>C\/ Filarm\u00f3nica, 12 Apdo. de Correos 474 03590 Altea (Alicante) \u2013 Espa\u00f1a gestion@sfaltea.com 965844499 &#8211; Tel\u00e9fono fijo 629854888 &#8211; M\u00f3vil \/ WhatsApp Horario Lunes, mi\u00e9rcoles y viernes17.30 a 19.00 h(cerrado &#8230;<\/p>\n","protected":false},"author":1,"featured_media":0,"parent":0,"menu_order":0,"comment_status":"closed","ping_status":"closed","template":"template-layout-full-width.php","meta":[],"_links":{"self":[{"href":"https:\/\/www.sfaltea.com\/es\/wp-json\/wp\/v2\/pages\/1730"}],"collection":[{"href":"https:\/\/www.sfaltea.com\/es\/wp-json\/wp\/v2\/pages"}],"about":[{"href":"https:\/\/www.sfaltea.com\/es\/wp-json\/wp\/v2\/types\/page"}],"author":[{"embeddable":true,"href":"https:\/\/www.sfaltea.com\/es\/wp-json\/wp\/v2\/users\/1"}],"replies":[{"embeddable":true,"href":"https:\/\/www.sfaltea.com\/es\/wp-json\/wp\/v2\/comments?post=1730"}],"version-history":[{"count":7,"href":"https:\/\/www.sfaltea.com\/es\/wp-json\/wp\/v2\/pages\/1730\/revisions"}],"predecessor-version":[{"id":2144,"href":"https:\/\/www.sfaltea.com\/es\/wp-json\/wp\/v2\/pages\/1730\/revisions\/2144"}],"wp:attachment":[{"href":"https:\/\/www.sfaltea.com\/es\/wp-json\/wp\/v2\/media?parent=1730"}],"curies":[{"name":"wp","href":"https:\/\/api.w.org\/{rel}","templated":true}]}}