{"id":1759,"date":"2021-05-18T09:35:14","date_gmt":"2021-05-18T09:35:14","guid":{"rendered":"http:\/\/sfaltea.com\/noticias\/"},"modified":"2023-05-10T17:28:07","modified_gmt":"2023-05-10T17:28:07","slug":"noticies","status":"publish","type":"page","link":"https:\/\/www.sfaltea.com\/es\/noticies\/","title":{"rendered":"Noticias"},"content":{"rendered":"\t\t<div data-elementor-type=\"wp-page\" data-elementor-id=\"1759\" class=\"elementor elementor-1759\" data-elementor-settings=\"[]\">\n\t\t\t\t\t\t\t<div class=\"elementor-section-wrap\">\n\t\t\t\t\t\t\t<section class=\"elementor-section elementor-top-section elementor-element elementor-element-2902c031 elementor-section-boxed elementor-section-height-default elementor-section-height-default\" data-id=\"2902c031\" data-element_type=\"section\">\n\t\t\t\t\t\t<div class=\"elementor-container elementor-column-gap-default\">\n\t\t\t\t\t<div class=\"elementor-column elementor-col-100 elementor-top-column elementor-element elementor-element-25f88297\" data-id=\"25f88297\" data-element_type=\"column\">\n\t\t\t<div class=\"elementor-widget-wrap elementor-element-populated\">\n\t\t\t\t\t\t\t\t<div class=\"elementor-element elementor-element-17e23ade elementor-widget elementor-widget-text-editor\" data-id=\"17e23ade\" data-element_type=\"widget\" data-widget_type=\"text-editor.default\">\n\t\t\t\t<div class=\"elementor-widget-container\">\n\t\t\t\t\t\t\t<!-- wp:latest-posts {\"postLayout\":\"grid\"} \/-->\t\t\t\t\t\t<\/div>\n\t\t\t\t<\/div>\n\t\t\t\t\t<\/div>\n\t\t<\/div>\n\t\t\t\t\t\t\t<\/div>\n\t\t<\/section>\n\t\t\t\t<section class=\"elementor-section elementor-top-section elementor-element elementor-element-6a7d16d elementor-section-boxed elementor-section-height-default elementor-section-height-default\" data-id=\"6a7d16d\" data-element_type=\"section\">\n\t\t\t\t\t\t<div class=\"elementor-container elementor-column-gap-default\">\n\t\t\t\t\t<div class=\"elementor-column elementor-col-100 elementor-top-column elementor-element elementor-element-857828a\" data-id=\"857828a\" data-element_type=\"column\">\n\t\t\t<div class=\"elementor-widget-wrap elementor-element-populated\">\n\t\t\t\t\t\t\t\t<div class=\"elementor-element elementor-element-2ae2e1f elementor-grid-eael-col-3 elementor-grid-tablet-eael-col-2 elementor-grid-mobile-eael-col-1 elementor-widget elementor-widget-eael-post-grid\" data-id=\"2ae2e1f\" data-element_type=\"widget\" data-settings=\"{&quot;eael_post_grid_columns&quot;:&quot;eael-col-3&quot;,&quot;eael_post_grid_columns_tablet&quot;:&quot;eael-col-2&quot;,&quot;eael_post_grid_columns_mobile&quot;:&quot;eael-col-1&quot;}\" data-widget_type=\"eael-post-grid.default\">\n\t\t\t\t<div class=\"elementor-widget-container\">\n\t\t\t<div id=\"eael-post-grid-2ae2e1f\" class=\"eael-post-grid-container\">\n            <div class=\"eael-post-grid eael-post-appender eael-post-appender-2ae2e1f eael-post-grid-style-default\" data-layout-mode=\"grid\"><article class=\"eael-grid-post eael-post-grid-column\" data-id=\"7322\">\n        <div class=\"eael-grid-post-holder\">\n            <div class=\"eael-grid-post-holder-inner\"><div class=\"eael-entry-media\"><div class=\"eael-entry-overlay fade-in\"><i class=\"fas fa-long-arrow-alt-right\" aria-hidden=\"true\"><\/i><a href=\"https:\/\/www.sfaltea.com\/es\/2026\/03\/20\/vii-concurs-dinterpretacio-de-joves-musics-de-la-marina-baixa\/\"><\/a><\/div><div class=\"eael-entry-thumbnail\">\n                <img width=\"299\" height=\"169\" src=\"https:\/\/www.sfaltea.com\/wp-content\/uploads\/2025\/02\/fsmcv_marina_baixa.jpeg\" class=\"attachment-medium size-medium\" alt=\"\" loading=\"lazy\" srcset=\"https:\/\/www.sfaltea.com\/wp-content\/uploads\/2025\/02\/fsmcv_marina_baixa.jpeg 299w, https:\/\/www.sfaltea.com\/wp-content\/uploads\/2025\/02\/fsmcv_marina_baixa-100x57.jpeg 100w\" sizes=\"(max-width: 299px) 100vw, 299px\" \/>\n            <\/div>\n        <\/div><div class=\"eael-entry-wrapper\"><header class=\"eael-entry-header\"><h2 class=\"eael-entry-title\"><a\n                        class=\"eael-grid-post-link\"\n                        href=\"https:\/\/www.sfaltea.com\/es\/2026\/03\/20\/vii-concurs-dinterpretacio-de-joves-musics-de-la-marina-baixa\/\"\n                        title=\"VII Concursi de Interpretaci\u00f3n de J\u00f3venes M\u00fasicos de la Marina Baixa\">VII Concursi de Interpretaci\u00f3n de J\u00f3venes M\u00fasicos de la Marina Baixa<\/a><\/h2><\/header><div class=\"eael-entry-content\">\n                        <div class=\"eael-grid-post-excerpt\"><p>Inscripci\u00f3n candidatos SFA: (Hasta el 01-04-2026) Bases:<\/p><a\n                            href=\"https:\/\/www.sfaltea.com\/es\/2026\/03\/20\/vii-concurs-dinterpretacio-de-joves-musics-de-la-marina-baixa\/\"\n                            class=\"eael-post-elements-readmore-btn\">Leer m\u00e1s...<\/a><\/div>\n                    <\/div><div class=\"eael-entry-footer\"><div class=\"eael-entry-meta\"><span class=\"eael-posted-on\"><time datetime=\"20\/03\/2026\">20\/03\/2026<\/time><\/span><\/div><\/div><\/div><\/div>\n        <\/div>\n    <\/article><article class=\"eael-grid-post eael-post-grid-column\" data-id=\"7300\">\n        <div class=\"eael-grid-post-holder\">\n            <div class=\"eael-grid-post-holder-inner\"><div class=\"eael-entry-media\"><div class=\"eael-entry-overlay fade-in\"><i class=\"fas fa-long-arrow-alt-right\" aria-hidden=\"true\"><\/i><a href=\"https:\/\/www.sfaltea.com\/es\/2026\/03\/10\/assemblea-general-ordinaria-sfa-2026\/\"><\/a><\/div><div class=\"eael-entry-thumbnail\">\n                <img width=\"231\" height=\"130\" src=\"https:\/\/www.sfaltea.com\/wp-content\/uploads\/2023\/04\/ASAMBLEA-21-banner.jpg\" class=\"attachment-medium size-medium\" alt=\"\" loading=\"lazy\" srcset=\"https:\/\/www.sfaltea.com\/wp-content\/uploads\/2023\/04\/ASAMBLEA-21-banner.jpg 231w, https:\/\/www.sfaltea.com\/wp-content\/uploads\/2023\/04\/ASAMBLEA-21-banner-100x56.jpg 100w\" sizes=\"(max-width: 231px) 100vw, 231px\" \/>\n            <\/div>\n        <\/div><div class=\"eael-entry-wrapper\"><header class=\"eael-entry-header\"><h2 class=\"eael-entry-title\"><a\n                        class=\"eael-grid-post-link\"\n                        href=\"https:\/\/www.sfaltea.com\/es\/2026\/03\/10\/assemblea-general-ordinaria-sfa-2026\/\"\n                        title=\"Asamblea General Ordinaria SFA 2026\">Asamblea General Ordinaria SFA 2026<\/a><\/h2><\/header><div class=\"eael-entry-content\">\n                        <div class=\"eael-grid-post-excerpt\"><p>La Societat Filharm\u00f2nica Alteanense convoca a sus socios y m\u00fasicos...<\/p><a\n                            href=\"https:\/\/www.sfaltea.com\/es\/2026\/03\/10\/assemblea-general-ordinaria-sfa-2026\/\"\n                            class=\"eael-post-elements-readmore-btn\">Leer m\u00e1s...<\/a><\/div>\n                    <\/div><div class=\"eael-entry-footer\"><div class=\"eael-entry-meta\"><span class=\"eael-posted-on\"><time datetime=\"10\/03\/2026\">10\/03\/2026<\/time><\/span><\/div><\/div><\/div><\/div>\n        <\/div>\n    <\/article><article class=\"eael-grid-post eael-post-grid-column\" data-id=\"7241\">\n        <div class=\"eael-grid-post-holder\">\n            <div class=\"eael-grid-post-holder-inner\"><div class=\"eael-entry-media\"><div class=\"eael-entry-overlay fade-in\"><i class=\"fas fa-long-arrow-alt-right\" aria-hidden=\"true\"><\/i><a href=\"https:\/\/www.sfaltea.com\/es\/2026\/01\/25\/convocatoria-2026-acces-a-la-banda-simfonica-de-la-filharmonica-alteanense\/\"><\/a><\/div><div class=\"eael-entry-thumbnail\">\n                <img width=\"300\" height=\"175\" src=\"https:\/\/www.sfaltea.com\/wp-content\/uploads\/2023\/04\/SFA-peq.jpg\" class=\"attachment-medium size-medium\" alt=\"\" loading=\"lazy\" srcset=\"https:\/\/www.sfaltea.com\/wp-content\/uploads\/2023\/04\/SFA-peq.jpg 300w, https:\/\/www.sfaltea.com\/wp-content\/uploads\/2023\/04\/SFA-peq-100x58.jpg 100w\" sizes=\"(max-width: 300px) 100vw, 300px\" \/>\n            <\/div>\n        <\/div><div class=\"eael-entry-wrapper\"><header class=\"eael-entry-header\"><h2 class=\"eael-entry-title\"><a\n                        class=\"eael-grid-post-link\"\n                        href=\"https:\/\/www.sfaltea.com\/es\/2026\/01\/25\/convocatoria-2026-acces-a-la-banda-simfonica-de-la-filharmonica-alteanense\/\"\n                        title=\"Convocatoria 2026: ACCESO A LA BANDA SINF\u00d3NICA DE LA FILARM\u00d3NICA ALTEANENSE\">Convocatoria 2026: ACCESO A LA BANDA SINF\u00d3NICA DE LA FILARM\u00d3NICA ALTEANENSE<\/a><\/h2><\/header><div class=\"eael-entry-content\">\n                        <div class=\"eael-grid-post-excerpt\"><p>Inscripciones: hasta el 25\/02\/2026Prueba te\u00f3rico-pr\u00e1ctica: marzo 2026 Requisitos principales:&#8211; Disponer...<\/p><a\n                            href=\"https:\/\/www.sfaltea.com\/es\/2026\/01\/25\/convocatoria-2026-acces-a-la-banda-simfonica-de-la-filharmonica-alteanense\/\"\n                            class=\"eael-post-elements-readmore-btn\">Leer m\u00e1s...<\/a><\/div>\n                    <\/div><div class=\"eael-entry-footer\"><div class=\"eael-entry-meta\"><span class=\"eael-posted-on\"><time datetime=\"25\/01\/2026\">25\/01\/2026<\/time><\/span><\/div><\/div><\/div><\/div>\n        <\/div>\n    <\/article><article class=\"eael-grid-post eael-post-grid-column\" data-id=\"7227\">\n        <div class=\"eael-grid-post-holder\">\n            <div class=\"eael-grid-post-holder-inner\"><div class=\"eael-entry-media\"><div class=\"eael-entry-overlay fade-in\"><i class=\"fas fa-long-arrow-alt-right\" aria-hidden=\"true\"><\/i><a href=\"https:\/\/www.sfaltea.com\/es\/2025\/12\/06\/programacio-de-nadal-2025-sfa\/\"><\/a><\/div><div class=\"eael-entry-thumbnail\">\n                <img width=\"300\" height=\"58\" src=\"https:\/\/www.sfaltea.com\/wp-content\/uploads\/2025\/03\/NADAL-CONCERTS-SFA-300x58.jpg\" class=\"attachment-medium size-medium\" alt=\"\" loading=\"lazy\" srcset=\"https:\/\/www.sfaltea.com\/wp-content\/uploads\/2025\/03\/NADAL-CONCERTS-SFA-300x58.jpg 300w, https:\/\/www.sfaltea.com\/wp-content\/uploads\/2025\/03\/NADAL-CONCERTS-SFA-391x77.jpg 391w, https:\/\/www.sfaltea.com\/wp-content\/uploads\/2025\/03\/NADAL-CONCERTS-SFA-100x19.jpg 100w, https:\/\/www.sfaltea.com\/wp-content\/uploads\/2025\/03\/NADAL-CONCERTS-SFA.jpg 400w\" sizes=\"(max-width: 300px) 100vw, 300px\" \/>\n            <\/div>\n        <\/div><div class=\"eael-entry-wrapper\"><header class=\"eael-entry-header\"><h2 class=\"eael-entry-title\"><a\n                        class=\"eael-grid-post-link\"\n                        href=\"https:\/\/www.sfaltea.com\/es\/2025\/12\/06\/programacio-de-nadal-2025-sfa\/\"\n                        title=\"Programaci\u00f3n de Navidad 2025 &#8211; SFA\">Programaci\u00f3n de Navidad 2025 &#8211; SFA<\/a><\/h2><\/header><div class=\"eael-entry-content\">\n                        <div class=\"eael-grid-post-excerpt\"><p>Altea, del 13 al 23 de diciembre 2025<\/p><a\n                            href=\"https:\/\/www.sfaltea.com\/es\/2025\/12\/06\/programacio-de-nadal-2025-sfa\/\"\n                            class=\"eael-post-elements-readmore-btn\">Leer m\u00e1s...<\/a><\/div>\n                    <\/div><div class=\"eael-entry-footer\"><div class=\"eael-entry-meta\"><span class=\"eael-posted-on\"><time datetime=\"06\/12\/2025\">06\/12\/2025<\/time><\/span><\/div><\/div><\/div><\/div>\n        <\/div>\n    <\/article><article class=\"eael-grid-post eael-post-grid-column\" data-id=\"7169\">\n        <div class=\"eael-grid-post-holder\">\n            <div class=\"eael-grid-post-holder-inner\"><div class=\"eael-entry-media\"><div class=\"eael-entry-overlay fade-in\"><i class=\"fas fa-long-arrow-alt-right\" aria-hidden=\"true\"><\/i><a href=\"https:\/\/www.sfaltea.com\/es\/2025\/11\/10\/programacio-jornades-musicals-en-honor-a-santa-cecilia-2025-sfa\/\"><\/a><\/div><div class=\"eael-entry-thumbnail\">\n                <img width=\"212\" height=\"300\" src=\"https:\/\/www.sfaltea.com\/wp-content\/uploads\/2025\/11\/REVISTA_SFA_017_web_1-212x300.jpg\" class=\"attachment-medium size-medium\" alt=\"\" loading=\"lazy\" srcset=\"https:\/\/www.sfaltea.com\/wp-content\/uploads\/2025\/11\/REVISTA_SFA_017_web_1-212x300.jpg 212w, https:\/\/www.sfaltea.com\/wp-content\/uploads\/2025\/11\/REVISTA_SFA_017_web_1-724x1024.jpg 724w, https:\/\/www.sfaltea.com\/wp-content\/uploads\/2025\/11\/REVISTA_SFA_017_web_1-768x1086.jpg 768w, https:\/\/www.sfaltea.com\/wp-content\/uploads\/2025\/11\/REVISTA_SFA_017_web_1-1086x1536.jpg 1086w, https:\/\/www.sfaltea.com\/wp-content\/uploads\/2025\/11\/REVISTA_SFA_017_web_1-100x141.jpg 100w, https:\/\/www.sfaltea.com\/wp-content\/uploads\/2025\/11\/REVISTA_SFA_017_web_1-862x1219.jpg 862w, https:\/\/www.sfaltea.com\/wp-content\/uploads\/2025\/11\/REVISTA_SFA_017_web_1-1020x1443.jpg 1020w, https:\/\/www.sfaltea.com\/wp-content\/uploads\/2025\/11\/REVISTA_SFA_017_web_1.jpg 1240w\" sizes=\"(max-width: 212px) 100vw, 212px\" \/>\n            <\/div>\n        <\/div><div class=\"eael-entry-wrapper\"><header class=\"eael-entry-header\"><h2 class=\"eael-entry-title\"><a\n                        class=\"eael-grid-post-link\"\n                        href=\"https:\/\/www.sfaltea.com\/es\/2025\/11\/10\/programacio-jornades-musicals-en-honor-a-santa-cecilia-2025-sfa\/\"\n                        title=\"Programaci\u00f3n Jornadas Musicales en Honor a Santa Cecilia 2025 &#8211; SFA\">Programaci\u00f3n Jornadas Musicales en Honor a Santa Cecilia 2025 &#8211; SFA<\/a><\/h2><\/header><div class=\"eael-entry-content\">\n                        <div class=\"eael-grid-post-excerpt\"><p>Altea, del 25\/oct al 7\/dic 2025 Compra de entradas<\/p><a\n                            href=\"https:\/\/www.sfaltea.com\/es\/2025\/11\/10\/programacio-jornades-musicals-en-honor-a-santa-cecilia-2025-sfa\/\"\n                            class=\"eael-post-elements-readmore-btn\">Leer m\u00e1s...<\/a><\/div>\n                    <\/div><div class=\"eael-entry-footer\"><div class=\"eael-entry-meta\"><span class=\"eael-posted-on\"><time datetime=\"10\/11\/2025\">10\/11\/2025<\/time><\/span><\/div><\/div><\/div><\/div>\n        <\/div>\n    <\/article><article class=\"eael-grid-post eael-post-grid-column\" data-id=\"7146\">\n        <div class=\"eael-grid-post-holder\">\n            <div class=\"eael-grid-post-holder-inner\"><div class=\"eael-entry-media\"><div class=\"eael-entry-overlay fade-in\"><i class=\"fas fa-long-arrow-alt-right\" aria-hidden=\"true\"><\/i><a href=\"https:\/\/www.sfaltea.com\/es\/2025\/11\/07\/si-fa-sol-si-revista-de-la-filharmonica-alteanense-num-17\/\"><\/a><\/div><div class=\"eael-entry-thumbnail\">\n                <img width=\"212\" height=\"300\" src=\"https:\/\/www.sfaltea.com\/wp-content\/uploads\/2025\/11\/REVISTA_SFA_017_web_2-212x300.jpg\" class=\"attachment-medium size-medium\" alt=\"\" loading=\"lazy\" srcset=\"https:\/\/www.sfaltea.com\/wp-content\/uploads\/2025\/11\/REVISTA_SFA_017_web_2-212x300.jpg 212w, https:\/\/www.sfaltea.com\/wp-content\/uploads\/2025\/11\/REVISTA_SFA_017_web_2-724x1024.jpg 724w, https:\/\/www.sfaltea.com\/wp-content\/uploads\/2025\/11\/REVISTA_SFA_017_web_2-768x1086.jpg 768w, https:\/\/www.sfaltea.com\/wp-content\/uploads\/2025\/11\/REVISTA_SFA_017_web_2-1086x1536.jpg 1086w, https:\/\/www.sfaltea.com\/wp-content\/uploads\/2025\/11\/REVISTA_SFA_017_web_2-100x141.jpg 100w, https:\/\/www.sfaltea.com\/wp-content\/uploads\/2025\/11\/REVISTA_SFA_017_web_2-862x1219.jpg 862w, https:\/\/www.sfaltea.com\/wp-content\/uploads\/2025\/11\/REVISTA_SFA_017_web_2-1020x1443.jpg 1020w, https:\/\/www.sfaltea.com\/wp-content\/uploads\/2025\/11\/REVISTA_SFA_017_web_2.jpg 1240w\" sizes=\"(max-width: 212px) 100vw, 212px\" \/>\n            <\/div>\n        <\/div><div class=\"eael-entry-wrapper\"><header class=\"eael-entry-header\"><h2 class=\"eael-entry-title\"><a\n                        class=\"eael-grid-post-link\"\n                        href=\"https:\/\/www.sfaltea.com\/es\/2025\/11\/07\/si-fa-sol-si-revista-de-la-filharmonica-alteanense-num-17\/\"\n                        title=\"SI FA SOL SI &#8211; Revista de la Filharm\u00f2nica Alteanense n\u00fam. 17\">SI FA SOL SI &#8211; Revista de la Filharm\u00f2nica Alteanense n\u00fam. 17<\/a><\/h2><\/header><div class=\"eael-entry-content\">\n                        <div class=\"eael-grid-post-excerpt\"><p>Ya est\u00e1 disponible el n\u00fam. 17 de la revista de...<\/p><a\n                            href=\"https:\/\/www.sfaltea.com\/es\/2025\/11\/07\/si-fa-sol-si-revista-de-la-filharmonica-alteanense-num-17\/\"\n                            class=\"eael-post-elements-readmore-btn\">Leer m\u00e1s...<\/a><\/div>\n                    <\/div><div class=\"eael-entry-footer\"><div class=\"eael-entry-meta\"><span class=\"eael-posted-on\"><time datetime=\"07\/11\/2025\">07\/11\/2025<\/time><\/span><\/div><\/div><\/div><\/div>\n        <\/div>\n    <\/article><article class=\"eael-grid-post eael-post-grid-column\" data-id=\"7212\">\n        <div class=\"eael-grid-post-holder\">\n            <div class=\"eael-grid-post-holder-inner\"><div class=\"eael-entry-media\"><div class=\"eael-entry-overlay fade-in\"><i class=\"fas fa-long-arrow-alt-right\" aria-hidden=\"true\"><\/i><a href=\"https:\/\/www.sfaltea.com\/es\/2025\/07\/10\/ajuda-rebuda-de-livc-per-a-reposicio-dinstruments-exercici-2025\/\"><\/a><\/div><div class=\"eael-entry-thumbnail\">\n                <img width=\"300\" height=\"79\" src=\"https:\/\/www.sfaltea.com\/wp-content\/uploads\/2023\/04\/ivc-gva-300x79.jpg\" class=\"attachment-medium size-medium\" alt=\"\" loading=\"lazy\" srcset=\"https:\/\/www.sfaltea.com\/wp-content\/uploads\/2023\/04\/ivc-gva-300x79.jpg 300w, https:\/\/www.sfaltea.com\/wp-content\/uploads\/2023\/04\/ivc-gva-1024x269.jpg 1024w, https:\/\/www.sfaltea.com\/wp-content\/uploads\/2023\/04\/ivc-gva-768x202.jpg 768w, https:\/\/www.sfaltea.com\/wp-content\/uploads\/2023\/04\/ivc-gva-1536x403.jpg 1536w, https:\/\/www.sfaltea.com\/wp-content\/uploads\/2023\/04\/ivc-gva-2048x538.jpg 2048w, https:\/\/www.sfaltea.com\/wp-content\/uploads\/2023\/04\/ivc-gva-100x26.jpg 100w, https:\/\/www.sfaltea.com\/wp-content\/uploads\/2023\/04\/ivc-gva-862x226.jpg 862w, https:\/\/www.sfaltea.com\/wp-content\/uploads\/2023\/04\/ivc-gva-1020x268.jpg 1020w\" sizes=\"(max-width: 300px) 100vw, 300px\" \/>\n            <\/div>\n        <\/div><div class=\"eael-entry-wrapper\"><header class=\"eael-entry-header\"><h2 class=\"eael-entry-title\"><a\n                        class=\"eael-grid-post-link\"\n                        href=\"https:\/\/www.sfaltea.com\/es\/2025\/07\/10\/ajuda-rebuda-de-livc-per-a-reposicio-dinstruments-exercici-2025\/\"\n                        title=\"Ayuda recibida del IVC para reposici\u00f3n de instrumentos ejercicio 2025\">Ayuda recibida del IVC para reposici\u00f3n de instrumentos ejercicio 2025<\/a><\/h2><\/header><div class=\"eael-entry-content\">\n                        <div class=\"eael-grid-post-excerpt\"><p>La SFA ha recibido del Instituto Valenciano de Cultura (IVC)...<\/p><a\n                            href=\"https:\/\/www.sfaltea.com\/es\/2025\/07\/10\/ajuda-rebuda-de-livc-per-a-reposicio-dinstruments-exercici-2025\/\"\n                            class=\"eael-post-elements-readmore-btn\">Leer m\u00e1s...<\/a><\/div>\n                    <\/div><div class=\"eael-entry-footer\"><div class=\"eael-entry-meta\"><span class=\"eael-posted-on\"><time datetime=\"10\/07\/2025\">10\/07\/2025<\/time><\/span><\/div><\/div><\/div><\/div>\n        <\/div>\n    <\/article><article class=\"eael-grid-post eael-post-grid-column\" data-id=\"7055\">\n        <div class=\"eael-grid-post-holder\">\n            <div class=\"eael-grid-post-holder-inner\"><div class=\"eael-entry-media\"><div class=\"eael-entry-overlay fade-in\"><i class=\"fas fa-long-arrow-alt-right\" aria-hidden=\"true\"><\/i><a href=\"https:\/\/www.sfaltea.com\/es\/2025\/07\/01\/festival-de-bandes-joves\/\"><\/a><\/div><div class=\"eael-entry-thumbnail\">\n                <img width=\"300\" height=\"169\" src=\"https:\/\/www.sfaltea.com\/wp-content\/uploads\/2025\/06\/festival-bandes-joves-certamen-25-banner-300x169.jpg\" class=\"attachment-medium size-medium\" alt=\"\" loading=\"lazy\" srcset=\"https:\/\/www.sfaltea.com\/wp-content\/uploads\/2025\/06\/festival-bandes-joves-certamen-25-banner-300x169.jpg 300w, https:\/\/www.sfaltea.com\/wp-content\/uploads\/2025\/06\/festival-bandes-joves-certamen-25-banner-100x56.jpg 100w, https:\/\/www.sfaltea.com\/wp-content\/uploads\/2025\/06\/festival-bandes-joves-certamen-25-banner.jpg 400w\" sizes=\"(max-width: 300px) 100vw, 300px\" \/>\n            <\/div>\n        <\/div><div class=\"eael-entry-wrapper\"><header class=\"eael-entry-header\"><h2 class=\"eael-entry-title\"><a\n                        class=\"eael-grid-post-link\"\n                        href=\"https:\/\/www.sfaltea.com\/es\/2025\/07\/01\/festival-de-bandes-joves\/\"\n                        title=\"Festival de Bandas J\u00f3venes\">Festival de Bandas J\u00f3venes<\/a><\/h2><\/header><div class=\"eael-entry-content\">\n                        <div class=\"eael-grid-post-excerpt\"><p>Dentro de la conmemoraci\u00f3n de la 50 edici\u00f3n del CIM...<\/p><a\n                            href=\"https:\/\/www.sfaltea.com\/es\/2025\/07\/01\/festival-de-bandes-joves\/\"\n                            class=\"eael-post-elements-readmore-btn\">Leer m\u00e1s...<\/a><\/div>\n                    <\/div><div class=\"eael-entry-footer\"><div class=\"eael-entry-meta\"><span class=\"eael-posted-on\"><time datetime=\"01\/07\/2025\">01\/07\/2025<\/time><\/span><\/div><\/div><\/div><\/div>\n        <\/div>\n    <\/article><article class=\"eael-grid-post eael-post-grid-column\" data-id=\"7111\">\n        <div class=\"eael-grid-post-holder\">\n            <div class=\"eael-grid-post-holder-inner\"><div class=\"eael-entry-media\"><div class=\"eael-entry-overlay fade-in\"><i class=\"fas fa-long-arrow-alt-right\" aria-hidden=\"true\"><\/i><a href=\"https:\/\/www.sfaltea.com\/es\/2025\/07\/01\/ajuda-rebuda-de-lajt-daltea-per-a-lexercici-2025\/\"><\/a><\/div><div class=\"eael-entry-thumbnail\">\n                <img width=\"278\" height=\"156\" src=\"https:\/\/www.sfaltea.com\/wp-content\/uploads\/2023\/04\/AYTO-ALTEA.jpg\" class=\"attachment-medium size-medium\" alt=\"\" loading=\"lazy\" srcset=\"https:\/\/www.sfaltea.com\/wp-content\/uploads\/2023\/04\/AYTO-ALTEA.jpg 278w, https:\/\/www.sfaltea.com\/wp-content\/uploads\/2023\/04\/AYTO-ALTEA-100x56.jpg 100w\" sizes=\"(max-width: 278px) 100vw, 278px\" \/>\n            <\/div>\n        <\/div><div class=\"eael-entry-wrapper\"><header class=\"eael-entry-header\"><h2 class=\"eael-entry-title\"><a\n                        class=\"eael-grid-post-link\"\n                        href=\"https:\/\/www.sfaltea.com\/es\/2025\/07\/01\/ajuda-rebuda-de-lajt-daltea-per-a-lexercici-2025\/\"\n                        title=\"Ayuda recibida del Ayto. de Altea para el ejercicio 2025\">Ayuda recibida del Ayto. de Altea para el ejercicio 2025<\/a><\/h2><\/header><div class=\"eael-entry-content\">\n                        <div class=\"eael-grid-post-excerpt\"><p>La SFA ha recibido del Ayuntamiento de Altea una ayuda...<\/p><a\n                            href=\"https:\/\/www.sfaltea.com\/es\/2025\/07\/01\/ajuda-rebuda-de-lajt-daltea-per-a-lexercici-2025\/\"\n                            class=\"eael-post-elements-readmore-btn\">Leer m\u00e1s...<\/a><\/div>\n                    <\/div><div class=\"eael-entry-footer\"><div class=\"eael-entry-meta\"><span class=\"eael-posted-on\"><time datetime=\"01\/07\/2025\">01\/07\/2025<\/time><\/span><\/div><\/div><\/div><\/div>\n        <\/div>\n    <\/article><\/div>\n            <div class=\"clearfix\"><\/div>\n        <\/div>            <div class=\"eael-load-more-button-wrap\">\n                <button class=\"eael-load-more-button\" id=\"eael-load-more-btn-2ae2e1f\" data-widget-id=\"2ae2e1f\" data-widget=\"2ae2e1f\" data-page-id=\"1759\" data-nonce=\"98e237ac8b\" data-template=\"{&quot;dir&quot;:&quot;lite&quot;,&quot;file_name&quot;:&quot;default.php&quot;,&quot;name&quot;:&quot;Post-Grid&quot;}\" data-class=\"Essential_Addons_Elementor\\Elements\\Post_Grid\" data-layout=\"grid\" data-page=\"1\" data-args=\"orderby=date&amp;order=desc&amp;ignore_sticky_posts=1&amp;post_status=publish&amp;posts_per_page=9&amp;offset=0&amp;post_type=post\" data-max-page=\"20\">\n                    <div class=\"eael-btn-loader button__loader\"><\/div>\n                    <span>Mostrar m\u00e1s<\/span>\n                <\/button>\n            <\/div>\n        \t\t<\/div>\n\t\t\t\t<\/div>\n\t\t\t\t\t<\/div>\n\t\t<\/div>\n\t\t\t\t\t\t\t<\/div>\n\t\t<\/section>\n\t\t\t\t\t\t<\/div>\n\t\t\t\t\t<\/div>\n\t\t","protected":false},"excerpt":{"rendered":"<p>Tallers i Cursos Musicals d\u2019estiu Altea, juliol i agost 2023 Inscripci\u00f3 \/ +info:\u00b7&nbsp;esmualtea.com\/verano\u00b7 WhatsApp 629.854.888 Leer m\u00e1s&#8230; April 18, 2023 Escola d\u2019Estiu Escola d\u2019Estiu d\u2019ensenyaments art\u00edstics \u2013 Altea 2023 Del &#8230;<\/p>\n","protected":false},"author":1,"featured_media":0,"parent":0,"menu_order":0,"comment_status":"closed","ping_status":"closed","template":"template-layout-full-width.php","meta":[],"_links":{"self":[{"href":"https:\/\/www.sfaltea.com\/es\/wp-json\/wp\/v2\/pages\/1759"}],"collection":[{"href":"https:\/\/www.sfaltea.com\/es\/wp-json\/wp\/v2\/pages"}],"about":[{"href":"https:\/\/www.sfaltea.com\/es\/wp-json\/wp\/v2\/types\/page"}],"author":[{"embeddable":true,"href":"https:\/\/www.sfaltea.com\/es\/wp-json\/wp\/v2\/users\/1"}],"replies":[{"embeddable":true,"href":"https:\/\/www.sfaltea.com\/es\/wp-json\/wp\/v2\/comments?post=1759"}],"version-history":[{"count":12,"href":"https:\/\/www.sfaltea.com\/es\/wp-json\/wp\/v2\/pages\/1759\/revisions"}],"predecessor-version":[{"id":3168,"href":"https:\/\/www.sfaltea.com\/es\/wp-json\/wp\/v2\/pages\/1759\/revisions\/3168"}],"wp:attachment":[{"href":"https:\/\/www.sfaltea.com\/es\/wp-json\/wp\/v2\/media?parent=1759"}],"curies":[{"name":"wp","href":"https:\/\/api.w.org\/{rel}","templated":true}]}}