{"id":1765,"date":"2021-05-20T10:23:25","date_gmt":"2021-05-20T10:23:25","guid":{"rendered":"http:\/\/sfaltea.com\/presentacion\/"},"modified":"2026-02-18T19:16:18","modified_gmt":"2026-02-18T18:16:18","slug":"presentacion","status":"publish","type":"page","link":"https:\/\/www.sfaltea.com\/es\/presentacion\/","title":{"rendered":"Presentaci\u00f3n"},"content":{"rendered":"\t\t<div data-elementor-type=\"wp-page\" data-elementor-id=\"1765\" class=\"elementor elementor-1765\" data-elementor-settings=\"[]\">\n\t\t\t\t\t\t\t<div class=\"elementor-section-wrap\">\n\t\t\t\t\t\t\t<section class=\"elementor-section elementor-top-section elementor-element elementor-element-d96df70 elementor-section-boxed elementor-section-height-default elementor-section-height-default\" data-id=\"d96df70\" data-element_type=\"section\">\n\t\t\t\t\t\t<div class=\"elementor-container elementor-column-gap-default\">\n\t\t\t\t\t<div class=\"elementor-column elementor-col-100 elementor-top-column elementor-element elementor-element-c5a3dfa\" data-id=\"c5a3dfa\" data-element_type=\"column\">\n\t\t\t<div class=\"elementor-widget-wrap elementor-element-populated\">\n\t\t\t\t\t\t\t\t<div class=\"elementor-element elementor-element-33b17ed elementor-widget elementor-widget-image\" data-id=\"33b17ed\" data-element_type=\"widget\" data-widget_type=\"image.default\">\n\t\t\t\t<div class=\"elementor-widget-container\">\n\t\t\t\t\t\t\t\t\t\t\t\t\t\t\t<img width=\"300\" height=\"175\" src=\"https:\/\/www.sfaltea.com\/wp-content\/uploads\/2021\/05\/LOGO-SFA-res-web-300x175.jpg\" class=\"attachment-medium size-medium\" alt=\"\" loading=\"lazy\" srcset=\"https:\/\/www.sfaltea.com\/wp-content\/uploads\/2021\/05\/LOGO-SFA-res-web-300x175.jpg 300w, https:\/\/www.sfaltea.com\/wp-content\/uploads\/2021\/05\/LOGO-SFA-res-web-100x58.jpg 100w, https:\/\/www.sfaltea.com\/wp-content\/uploads\/2021\/05\/LOGO-SFA-res-web.jpg 600w\" sizes=\"(max-width: 300px) 100vw, 300px\" \/>\t\t\t\t\t\t\t\t\t\t\t\t\t\t\t<\/div>\n\t\t\t\t<\/div>\n\t\t\t\t\t<\/div>\n\t\t<\/div>\n\t\t\t\t\t\t\t<\/div>\n\t\t<\/section>\n\t\t\t\t<section class=\"elementor-section elementor-top-section elementor-element elementor-element-6903240 elementor-section-boxed elementor-section-height-default elementor-section-height-default\" data-id=\"6903240\" data-element_type=\"section\">\n\t\t\t\t\t\t<div class=\"elementor-container elementor-column-gap-default\">\n\t\t\t\t\t<div class=\"elementor-column elementor-col-100 elementor-top-column elementor-element elementor-element-c290478\" data-id=\"c290478\" data-element_type=\"column\">\n\t\t\t<div class=\"elementor-widget-wrap elementor-element-populated\">\n\t\t\t\t\t\t\t\t<div class=\"elementor-element elementor-element-0a80bb3 elementor-widget elementor-widget-spacer\" data-id=\"0a80bb3\" data-element_type=\"widget\" data-widget_type=\"spacer.default\">\n\t\t\t\t<div class=\"elementor-widget-container\">\n\t\t\t\t\t<div class=\"elementor-spacer\">\n\t\t\t<div class=\"elementor-spacer-inner\"><\/div>\n\t\t<\/div>\n\t\t\t\t<\/div>\n\t\t\t\t<\/div>\n\t\t\t\t\t<\/div>\n\t\t<\/div>\n\t\t\t\t\t\t\t<\/div>\n\t\t<\/section>\n\t\t\t\t<section class=\"elementor-section elementor-top-section elementor-element elementor-element-bd3d15f elementor-section-boxed elementor-section-height-default elementor-section-height-default\" data-id=\"bd3d15f\" data-element_type=\"section\">\n\t\t\t\t\t\t<div class=\"elementor-container elementor-column-gap-default\">\n\t\t\t\t\t<div class=\"elementor-column elementor-col-100 elementor-top-column elementor-element elementor-element-7f0691b\" data-id=\"7f0691b\" data-element_type=\"column\">\n\t\t\t<div class=\"elementor-widget-wrap elementor-element-populated\">\n\t\t\t\t\t\t\t\t<div class=\"elementor-element elementor-element-e7a47ae elementor-widget elementor-widget-text-editor\" data-id=\"e7a47ae\" data-element_type=\"widget\" data-widget_type=\"text-editor.default\">\n\t\t\t\t<div class=\"elementor-widget-container\">\n\t\t\t\t\t\t\t<p>El&nbsp;<strong>1889<\/strong> aparece en Altea una peque\u00f1a agrupaci\u00f3n de m\u00fasicos, de la cual es director el maestre V. Marzal, con el objetivo de animar los festejos de la localidad. Veinte a\u00f1os despu\u00e9s, gracias al impulso de D. Jos\u00e9 P\u00e9rez Albi\u00f1ana, la banda de m\u00fasica cobra importancia y se constituye con el nombre de&nbsp;<strong>Sociedad Filarm\u00f3nica Alteanense<\/strong>.<\/p>\n<p>A partir de&nbsp;<strong>1931<\/strong>, con la aprobaci\u00f3n de sus estatutos, la Filarm\u00f3nica se convierte en el principal foco cultural del pueblo de Altea: pone en funcionamiento una biblioteca p\u00fablica y edita la revista mensual ALTEA desde el 1931 hasta el 1936.<\/p>\n<p>El&nbsp;<strong>1970<\/strong>, bajo la direcci\u00f3n de D. Francisco P\u00e9rez Devesa, la Sociedad crea la Escuela de Educandos Benjamin Palencia, de la que nacer\u00e1n los nuevos m\u00fasicos, iniciando una etapa de esplendor con proyecci\u00f3n de futuro.<\/p>\n<div class=\"wp-block-group\">\n<div class=\"wp-block-columns\">\n<div class=\"wp-block-column\">\n<p style=\"font-size: 18px;\">El&nbsp;<strong>1988<\/strong>, y debido a la importancia de la actividad musical que se desarrollaba a Altea, la Conselleria de Cultura, Educaci\u00f3n y Ciencia de la Generalitat Valenciana otorga en la Escuela de M\u00fasica la condici\u00f3n de Centro Reconocido de Grado Elemental, y pasa a depender del Conservatorio Superior de M\u00fasica \u00d3scar Espl\u00e1 de Alicante. A partir del curso 1997-98, la Escuela de M\u00fasica pasa a denominarse Conservatorio Municipal de Grado Medio, en el que reciben educaci\u00f3n musical m\u00e1s de 300 alumnos de toda la comarca, y constituye una importante fuente de m\u00fasicos para las bandas de la localidad y para otras actividades musicales.<\/p>\n<p><!-- \/wp:paragraph --><!-- wp:paragraph --><\/p>\n<p>En&nbsp;<strong>2005<\/strong>, la primitiva escuela de la Filarm\u00f3nica, se reconstituye bajo la denominaci\u00f3n de Escola de M\u00fasica i Dansa d&#8217;Altea con un nuevo y remodelado proyecto educativo.<\/p>\n<p><!-- \/wp:paragraph --><!-- wp:paragraph --><\/p>\n<p>La demanda y diversidad musical ha provocado que nacieran nuevas agrupaciones en la Filarm\u00f3nica. Por ese motivo, en 1990 se fund\u00f3 la Coral de la SFA, en el 1991 la Orquesta de Pulso y P\u00faa de la SFA y en 2007 la Orquesta de C\u00e1mara de la SFA.<\/p>\n<p><img loading=\"lazy\" class=\"aligncenter wp-image-130\" src=\"http:\/\/sfaltea.com\/wp-content\/uploads\/2021\/05\/bandacoriveus.jpg\" alt=\"\" width=\"500\" height=\"332\" srcset=\"https:\/\/www.sfaltea.com\/wp-content\/uploads\/2021\/05\/bandacoriveus.jpg 734w, https:\/\/www.sfaltea.com\/wp-content\/uploads\/2021\/05\/bandacoriveus-300x199.jpg 300w, https:\/\/www.sfaltea.com\/wp-content\/uploads\/2021\/05\/bandacoriveus-391x260.jpg 391w, https:\/\/www.sfaltea.com\/wp-content\/uploads\/2021\/05\/bandacoriveus-100x66.jpg 100w\" sizes=\"(max-width: 500px) 100vw, 500px\" \/><\/p>\n<p><!-- \/wp:paragraph --><\/p><\/div>\n<p><!-- \/wp:column --><\/p><\/div>\n<p><!-- \/wp:columns --><\/p><\/div>\n<p><!-- \/wp:group --><!-- wp:paragraph {\"align\":\"center\"} --><\/p>\n<p class=\"has-text-align-center\"><strong>Agrupaciones principales<\/strong><\/p>\n<p><!-- \/wp:paragraph --><!-- wp:paragraph {\"align\":\"center\"} --><\/p>\n<p class=\"has-text-align-center\">Hoy, la actividad de la Sociedad Filarm\u00f3nica Alteanense se centra en las principales agrupaciones musicales que la componen:<\/p>\n<p><!-- \/wp:paragraph --><!-- wp:paragraph {\"align\":\"center\"} --><\/p>\n<p class=\"has-text-align-center\"><a href=\"http:\/\/sfaltea.com\/banda\"><strong>Banda sinf\u00f3nica <\/strong><\/a>&#8211; 180 componentes aprox.<br><a href=\"http:\/\/sfaltea.com\/coral\/\"><strong>Coral polif\u00f3nica<\/strong><\/a> &#8211; 50 componentes aprox.<br><a href=\"http:\/\/sfaltea.com\/orquesta-de-pulso-y-pua\/\"><strong>Orquesta de pulso y p\u00faa<\/strong><\/a> &#8211; 25 componentes aprox.<br><a href=\"http:\/\/sfaltea.com\/orquesta-de-camara-de-la-sfa\/\"><strong>Orquesta de c\u00e1mara<\/strong><\/a> &#8211; 25 componentes aprox.<br><a href=\"https:\/\/esmualtea.com\/\" target=\"_blank\" rel=\"noopener\"><strong>Escuela de m\u00fasica y danza<\/strong><\/a> &#8211; 340 alumnos aprox.<\/p>\n<p><!-- \/wp:paragraph --><!-- wp:paragraph --><\/p>\n<p><!-- \/wp:paragraph --><!-- wp:paragraph --><\/p>\t\t\t\t\t\t<\/div>\n\t\t\t\t<\/div>\n\t\t\t\t\t<\/div>\n\t\t<\/div>\n\t\t\t\t\t\t\t<\/div>\n\t\t<\/section>\n\t\t\t\t\t\t<\/div>\n\t\t\t\t\t<\/div>\n\t\t","protected":false},"excerpt":{"rendered":"<p>El&nbsp;1889 aparece en Altea una peque\u00f1a agrupaci\u00f3n de m\u00fasicos, de la cual es director el maestre V. Marzal, con el objetivo de animar los festejos de la localidad. Veinte a\u00f1os &#8230;<\/p>\n","protected":false},"author":1,"featured_media":0,"parent":0,"menu_order":0,"comment_status":"closed","ping_status":"closed","template":"template-layout-full-width.php","meta":[],"_links":{"self":[{"href":"https:\/\/www.sfaltea.com\/es\/wp-json\/wp\/v2\/pages\/1765"}],"collection":[{"href":"https:\/\/www.sfaltea.com\/es\/wp-json\/wp\/v2\/pages"}],"about":[{"href":"https:\/\/www.sfaltea.com\/es\/wp-json\/wp\/v2\/types\/page"}],"author":[{"embeddable":true,"href":"https:\/\/www.sfaltea.com\/es\/wp-json\/wp\/v2\/users\/1"}],"replies":[{"embeddable":true,"href":"https:\/\/www.sfaltea.com\/es\/wp-json\/wp\/v2\/comments?post=1765"}],"version-history":[{"count":6,"href":"https:\/\/www.sfaltea.com\/es\/wp-json\/wp\/v2\/pages\/1765\/revisions"}],"predecessor-version":[{"id":7264,"href":"https:\/\/www.sfaltea.com\/es\/wp-json\/wp\/v2\/pages\/1765\/revisions\/7264"}],"wp:attachment":[{"href":"https:\/\/www.sfaltea.com\/es\/wp-json\/wp\/v2\/media?parent=1765"}],"curies":[{"name":"wp","href":"https:\/\/api.w.org\/{rel}","templated":true}]}}