{"id":1820,"date":"2021-07-28T11:08:59","date_gmt":"2021-07-28T11:08:59","guid":{"rendered":"http:\/\/sfaltea.com\/banda-sinfonica\/"},"modified":"2023-05-10T16:59:58","modified_gmt":"2023-05-10T16:59:58","slug":"banda","status":"publish","type":"page","link":"https:\/\/www.sfaltea.com\/es\/banda\/","title":{"rendered":"Banda Sinf\u00f3nica"},"content":{"rendered":"\t\t<div data-elementor-type=\"wp-page\" data-elementor-id=\"1820\" class=\"elementor elementor-1820\" data-elementor-settings=\"[]\">\n\t\t\t\t\t\t\t<div class=\"elementor-section-wrap\">\n\t\t\t\t\t\t\t<section class=\"elementor-section elementor-top-section elementor-element elementor-element-5c83da8 elementor-section-boxed elementor-section-height-default elementor-section-height-default\" data-id=\"5c83da8\" data-element_type=\"section\">\n\t\t\t\t\t\t<div class=\"elementor-container elementor-column-gap-default\">\n\t\t\t\t\t<div class=\"elementor-column elementor-col-100 elementor-top-column elementor-element elementor-element-5138153\" data-id=\"5138153\" data-element_type=\"column\">\n\t\t\t<div class=\"elementor-widget-wrap elementor-element-populated\">\n\t\t\t\t\t\t\t\t<div class=\"elementor-element elementor-element-64cf96a elementor-widget elementor-widget-image\" data-id=\"64cf96a\" data-element_type=\"widget\" data-widget_type=\"image.default\">\n\t\t\t\t<div class=\"elementor-widget-container\">\n\t\t\t\t\t\t\t\t\t\t\t\t\t\t\t<img width=\"862\" height=\"239\" src=\"https:\/\/www.sfaltea.com\/wp-content\/uploads\/2021\/07\/bsfa-1024x284.jpg\" class=\"attachment-large size-large\" alt=\"\" loading=\"lazy\" srcset=\"https:\/\/www.sfaltea.com\/wp-content\/uploads\/2021\/07\/bsfa-1024x284.jpg 1024w, https:\/\/www.sfaltea.com\/wp-content\/uploads\/2021\/07\/bsfa-300x83.jpg 300w, https:\/\/www.sfaltea.com\/wp-content\/uploads\/2021\/07\/bsfa-768x213.jpg 768w, https:\/\/www.sfaltea.com\/wp-content\/uploads\/2021\/07\/bsfa-100x28.jpg 100w, https:\/\/www.sfaltea.com\/wp-content\/uploads\/2021\/07\/bsfa-862x239.jpg 862w, https:\/\/www.sfaltea.com\/wp-content\/uploads\/2021\/07\/bsfa.jpg 1080w\" sizes=\"(max-width: 862px) 100vw, 862px\" \/>\t\t\t\t\t\t\t\t\t\t\t\t\t\t\t<\/div>\n\t\t\t\t<\/div>\n\t\t\t\t\t<\/div>\n\t\t<\/div>\n\t\t\t\t\t\t\t<\/div>\n\t\t<\/section>\n\t\t\t\t<section class=\"elementor-section elementor-top-section elementor-element elementor-element-9c6cea0 elementor-section-boxed elementor-section-height-default elementor-section-height-default\" data-id=\"9c6cea0\" data-element_type=\"section\">\n\t\t\t\t\t\t<div class=\"elementor-container elementor-column-gap-default\">\n\t\t\t\t\t<div class=\"elementor-column elementor-col-100 elementor-top-column elementor-element elementor-element-8ada28b\" data-id=\"8ada28b\" data-element_type=\"column\">\n\t\t\t<div class=\"elementor-widget-wrap elementor-element-populated\">\n\t\t\t\t\t\t\t\t<div class=\"elementor-element elementor-element-644c82d elementor-widget elementor-widget-spacer\" data-id=\"644c82d\" data-element_type=\"widget\" data-widget_type=\"spacer.default\">\n\t\t\t\t<div class=\"elementor-widget-container\">\n\t\t\t\t\t<div class=\"elementor-spacer\">\n\t\t\t<div class=\"elementor-spacer-inner\"><\/div>\n\t\t<\/div>\n\t\t\t\t<\/div>\n\t\t\t\t<\/div>\n\t\t\t\t\t<\/div>\n\t\t<\/div>\n\t\t\t\t\t\t\t<\/div>\n\t\t<\/section>\n\t\t\t\t<section class=\"elementor-section elementor-top-section elementor-element elementor-element-6191834 elementor-section-boxed elementor-section-height-default elementor-section-height-default\" data-id=\"6191834\" data-element_type=\"section\">\n\t\t\t\t\t\t<div class=\"elementor-container elementor-column-gap-default\">\n\t\t\t\t\t<div class=\"elementor-column elementor-col-25 elementor-top-column elementor-element elementor-element-b95d47d\" data-id=\"b95d47d\" data-element_type=\"column\">\n\t\t\t<div class=\"elementor-widget-wrap elementor-element-populated\">\n\t\t\t\t\t\t\t\t<div class=\"elementor-element elementor-element-1d4f334 elementor-widget elementor-widget-image\" data-id=\"1d4f334\" data-element_type=\"widget\" data-widget_type=\"image.default\">\n\t\t\t\t<div class=\"elementor-widget-container\">\n\t\t\t\t\t\t\t\t\t\t\t\t\t\t\t\t<a href=\"http:\/\/sfaltea.com\/es\/historia-banda\">\n\t\t\t\t\t\t\t<img width=\"480\" height=\"480\" src=\"https:\/\/www.sfaltea.com\/wp-content\/uploads\/2021\/07\/history.jpg\" class=\"elementor-animation-bob attachment-large size-large\" alt=\"\" loading=\"lazy\" srcset=\"https:\/\/www.sfaltea.com\/wp-content\/uploads\/2021\/07\/history.jpg 480w, https:\/\/www.sfaltea.com\/wp-content\/uploads\/2021\/07\/history-300x300.jpg 300w, https:\/\/www.sfaltea.com\/wp-content\/uploads\/2021\/07\/history-150x150.jpg 150w, https:\/\/www.sfaltea.com\/wp-content\/uploads\/2021\/07\/history-100x100.jpg 100w\" sizes=\"(max-width: 480px) 100vw, 480px\" \/>\t\t\t\t\t\t\t\t<\/a>\n\t\t\t\t\t\t\t\t\t\t\t\t\t\t\t<\/div>\n\t\t\t\t<\/div>\n\t\t\t\t\t<\/div>\n\t\t<\/div>\n\t\t\t\t<div class=\"elementor-column elementor-col-25 elementor-top-column elementor-element elementor-element-56e1c91\" data-id=\"56e1c91\" data-element_type=\"column\">\n\t\t\t<div class=\"elementor-widget-wrap elementor-element-populated\">\n\t\t\t\t\t\t\t\t<div class=\"elementor-element elementor-element-6d67a2a elementor-widget elementor-widget-image\" data-id=\"6d67a2a\" data-element_type=\"widget\" data-widget_type=\"image.default\">\n\t\t\t\t<div class=\"elementor-widget-container\">\n\t\t\t\t\t\t\t\t\t\t\t\t\t\t\t\t<a href=\"http:\/\/sfaltea.com\/es\/director-banda\">\n\t\t\t\t\t\t\t<img width=\"480\" height=\"480\" src=\"https:\/\/www.sfaltea.com\/wp-content\/uploads\/2021\/07\/director.jpg\" class=\"elementor-animation-bob attachment-large size-large\" alt=\"\" loading=\"lazy\" srcset=\"https:\/\/www.sfaltea.com\/wp-content\/uploads\/2021\/07\/director.jpg 480w, https:\/\/www.sfaltea.com\/wp-content\/uploads\/2021\/07\/director-300x300.jpg 300w, https:\/\/www.sfaltea.com\/wp-content\/uploads\/2021\/07\/director-150x150.jpg 150w, https:\/\/www.sfaltea.com\/wp-content\/uploads\/2021\/07\/director-100x100.jpg 100w\" sizes=\"(max-width: 480px) 100vw, 480px\" \/>\t\t\t\t\t\t\t\t<\/a>\n\t\t\t\t\t\t\t\t\t\t\t\t\t\t\t<\/div>\n\t\t\t\t<\/div>\n\t\t\t\t\t<\/div>\n\t\t<\/div>\n\t\t\t\t<div class=\"elementor-column elementor-col-25 elementor-top-column elementor-element elementor-element-ff32062\" data-id=\"ff32062\" data-element_type=\"column\">\n\t\t\t<div class=\"elementor-widget-wrap elementor-element-populated\">\n\t\t\t\t\t\t\t\t<div class=\"elementor-element elementor-element-4388fbe elementor-widget elementor-widget-image\" data-id=\"4388fbe\" data-element_type=\"widget\" data-widget_type=\"image.default\">\n\t\t\t\t<div class=\"elementor-widget-container\">\n\t\t\t\t\t\t\t\t\t\t\t\t\t\t\t\t<a href=\"http:\/\/sfaltea.com\/es\/components-banda\">\n\t\t\t\t\t\t\t<img width=\"480\" height=\"480\" src=\"https:\/\/www.sfaltea.com\/wp-content\/uploads\/2021\/07\/comp.jpg\" class=\"elementor-animation-bob attachment-large size-large\" alt=\"\" loading=\"lazy\" srcset=\"https:\/\/www.sfaltea.com\/wp-content\/uploads\/2021\/07\/comp.jpg 480w, https:\/\/www.sfaltea.com\/wp-content\/uploads\/2021\/07\/comp-300x300.jpg 300w, https:\/\/www.sfaltea.com\/wp-content\/uploads\/2021\/07\/comp-150x150.jpg 150w, https:\/\/www.sfaltea.com\/wp-content\/uploads\/2021\/07\/comp-100x100.jpg 100w\" sizes=\"(max-width: 480px) 100vw, 480px\" \/>\t\t\t\t\t\t\t\t<\/a>\n\t\t\t\t\t\t\t\t\t\t\t\t\t\t\t<\/div>\n\t\t\t\t<\/div>\n\t\t\t\t\t<\/div>\n\t\t<\/div>\n\t\t\t\t<div class=\"elementor-column elementor-col-25 elementor-top-column elementor-element elementor-element-23533f1\" data-id=\"23533f1\" data-element_type=\"column\">\n\t\t\t<div class=\"elementor-widget-wrap elementor-element-populated\">\n\t\t\t\t\t\t\t\t<div class=\"elementor-element elementor-element-f26c9ca elementor-widget elementor-widget-image\" data-id=\"f26c9ca\" data-element_type=\"widget\" data-widget_type=\"image.default\">\n\t\t\t\t<div class=\"elementor-widget-container\">\n\t\t\t\t\t\t\t\t\t\t\t\t\t\t\t\t<a href=\"http:\/\/sfaltea.com\/es\/agenda-banda\/\">\n\t\t\t\t\t\t\t<img width=\"480\" height=\"480\" src=\"https:\/\/www.sfaltea.com\/wp-content\/uploads\/2021\/07\/agenda.jpg\" class=\"elementor-animation-bob attachment-large size-large\" alt=\"\" loading=\"lazy\" srcset=\"https:\/\/www.sfaltea.com\/wp-content\/uploads\/2021\/07\/agenda.jpg 480w, https:\/\/www.sfaltea.com\/wp-content\/uploads\/2021\/07\/agenda-300x300.jpg 300w, https:\/\/www.sfaltea.com\/wp-content\/uploads\/2021\/07\/agenda-150x150.jpg 150w, https:\/\/www.sfaltea.com\/wp-content\/uploads\/2021\/07\/agenda-100x100.jpg 100w\" sizes=\"(max-width: 480px) 100vw, 480px\" \/>\t\t\t\t\t\t\t\t<\/a>\n\t\t\t\t\t\t\t\t\t\t\t\t\t\t\t<\/div>\n\t\t\t\t<\/div>\n\t\t\t\t\t<\/div>\n\t\t<\/div>\n\t\t\t\t\t\t\t<\/div>\n\t\t<\/section>\n\t\t\t\t<section class=\"elementor-section elementor-top-section elementor-element elementor-element-de968cd elementor-section-boxed elementor-section-height-default elementor-section-height-default\" data-id=\"de968cd\" data-element_type=\"section\">\n\t\t\t\t\t\t<div class=\"elementor-container elementor-column-gap-default\">\n\t\t\t\t\t<div class=\"elementor-column elementor-col-100 elementor-top-column elementor-element elementor-element-f409ad6\" data-id=\"f409ad6\" data-element_type=\"column\">\n\t\t\t<div class=\"elementor-widget-wrap elementor-element-populated\">\n\t\t\t\t\t\t\t\t<div class=\"elementor-element elementor-element-dc68b1e elementor-widget elementor-widget-spacer\" data-id=\"dc68b1e\" data-element_type=\"widget\" data-widget_type=\"spacer.default\">\n\t\t\t\t<div class=\"elementor-widget-container\">\n\t\t\t\t\t<div class=\"elementor-spacer\">\n\t\t\t<div class=\"elementor-spacer-inner\"><\/div>\n\t\t<\/div>\n\t\t\t\t<\/div>\n\t\t\t\t<\/div>\n\t\t\t\t\t<\/div>\n\t\t<\/div>\n\t\t\t\t\t\t\t<\/div>\n\t\t<\/section>\n\t\t\t\t<section class=\"elementor-section elementor-top-section elementor-element elementor-element-ba224e6 elementor-section-boxed elementor-section-height-default elementor-section-height-default\" data-id=\"ba224e6\" data-element_type=\"section\">\n\t\t\t\t\t\t<div class=\"elementor-container elementor-column-gap-default\">\n\t\t\t\t\t<div class=\"elementor-column elementor-col-100 elementor-top-column elementor-element elementor-element-785e978\" data-id=\"785e978\" data-element_type=\"column\">\n\t\t\t<div class=\"elementor-widget-wrap elementor-element-populated\">\n\t\t\t\t\t\t\t\t<div class=\"elementor-element elementor-element-4c2fcb1 eael-dual-header-content-align-center elementor-widget elementor-widget-eael-dual-color-header\" data-id=\"4c2fcb1\" data-element_type=\"widget\" data-widget_type=\"eael-dual-color-header.default\">\n\t\t\t\t<div class=\"elementor-widget-container\">\n\t\t\t\n\t\t        <div class=\"eael-dual-header\">\n\t\t\t\t<h4 class=\"title\"><span  class=\"lead solid-color\">Noticias<\/span> <span>Banda Sinf\u00f3nica<\/span><\/h4>\n\t\t<div class=\"eael-dch-separator-wrap\"><span class=\"separator-one\"><\/span>\n\t\t\t<span class=\"separator-two\"><\/span><\/div>\t\t<span class=\"subtext\"><\/span>\n\t\t\t\t<\/div>\n\t\n\t\t\n\t\t\n\t\t\n\t\t\t\t<\/div>\n\t\t\t\t<\/div>\n\t\t\t\t\t<\/div>\n\t\t<\/div>\n\t\t\t\t\t\t\t<\/div>\n\t\t<\/section>\n\t\t\t\t<section class=\"elementor-section elementor-top-section elementor-element elementor-element-00f3fca elementor-section-boxed elementor-section-height-default elementor-section-height-default\" data-id=\"00f3fca\" data-element_type=\"section\">\n\t\t\t\t\t\t<div class=\"elementor-container elementor-column-gap-default\">\n\t\t\t\t\t<div class=\"elementor-column elementor-col-100 elementor-top-column elementor-element elementor-element-272c19b\" data-id=\"272c19b\" data-element_type=\"column\">\n\t\t\t<div class=\"elementor-widget-wrap elementor-element-populated\">\n\t\t\t\t\t\t\t\t<div class=\"elementor-element elementor-element-b89b460 elementor-grid-eael-col-3 elementor-grid-tablet-eael-col-2 elementor-grid-mobile-eael-col-1 elementor-widget elementor-widget-eael-post-grid\" data-id=\"b89b460\" data-element_type=\"widget\" data-settings=\"{&quot;eael_post_grid_columns&quot;:&quot;eael-col-3&quot;,&quot;eael_post_grid_columns_tablet&quot;:&quot;eael-col-2&quot;,&quot;eael_post_grid_columns_mobile&quot;:&quot;eael-col-1&quot;}\" data-widget_type=\"eael-post-grid.default\">\n\t\t\t\t<div class=\"elementor-widget-container\">\n\t\t\t<div id=\"eael-post-grid-b89b460\" class=\"eael-post-grid-container\">\n            <div class=\"eael-post-grid eael-post-appender eael-post-appender-b89b460 eael-post-grid-style-default\" data-layout-mode=\"masonry\"><article class=\"eael-grid-post eael-post-grid-column\" data-id=\"7322\">\n        <div class=\"eael-grid-post-holder\">\n            <div class=\"eael-grid-post-holder-inner\"><div class=\"eael-entry-media\"><div class=\"eael-entry-overlay fade-in\"><i class=\"fas fa-long-arrow-alt-right\" aria-hidden=\"true\"><\/i><a href=\"https:\/\/www.sfaltea.com\/es\/2026\/03\/20\/vii-concurs-dinterpretacio-de-joves-musics-de-la-marina-baixa\/\"><\/a><\/div><div class=\"eael-entry-thumbnail\">\n                <img width=\"299\" height=\"169\" src=\"https:\/\/www.sfaltea.com\/wp-content\/uploads\/2025\/02\/fsmcv_marina_baixa.jpeg\" class=\"attachment-medium size-medium\" alt=\"\" loading=\"lazy\" srcset=\"https:\/\/www.sfaltea.com\/wp-content\/uploads\/2025\/02\/fsmcv_marina_baixa.jpeg 299w, https:\/\/www.sfaltea.com\/wp-content\/uploads\/2025\/02\/fsmcv_marina_baixa-100x57.jpeg 100w\" sizes=\"(max-width: 299px) 100vw, 299px\" \/>\n            <\/div>\n        <\/div><div class=\"eael-entry-wrapper\"><header class=\"eael-entry-header\"><h2 class=\"eael-entry-title\"><a\n                        class=\"eael-grid-post-link\"\n                        href=\"https:\/\/www.sfaltea.com\/es\/2026\/03\/20\/vii-concurs-dinterpretacio-de-joves-musics-de-la-marina-baixa\/\"\n                        title=\"VII Concursi de Interpretaci\u00f3n de J\u00f3venes M\u00fasicos de la Marina Baixa\">VII Concursi de Interpretaci\u00f3n de J\u00f3venes M\u00fasicos de la Marina Baixa<\/a><\/h2><\/header><div class=\"eael-entry-content\">\n                        <div class=\"eael-grid-post-excerpt\"><p>Inscripci\u00f3n candidatos SFA: (Hasta el 01-04-2026) Bases:<\/p><a\n                            href=\"https:\/\/www.sfaltea.com\/es\/2026\/03\/20\/vii-concurs-dinterpretacio-de-joves-musics-de-la-marina-baixa\/\"\n                            class=\"eael-post-elements-readmore-btn\">Leer m\u00e1s...<\/a><\/div>\n                    <\/div><div class=\"eael-entry-footer\"><div class=\"eael-entry-meta\"><span class=\"eael-posted-on\"><time datetime=\"20\/03\/2026\">20\/03\/2026<\/time><\/span><\/div><\/div><\/div><\/div>\n        <\/div>\n    <\/article><article class=\"eael-grid-post eael-post-grid-column\" data-id=\"7241\">\n        <div class=\"eael-grid-post-holder\">\n            <div class=\"eael-grid-post-holder-inner\"><div class=\"eael-entry-media\"><div class=\"eael-entry-overlay fade-in\"><i class=\"fas fa-long-arrow-alt-right\" aria-hidden=\"true\"><\/i><a href=\"https:\/\/www.sfaltea.com\/es\/2026\/01\/25\/convocatoria-2026-acces-a-la-banda-simfonica-de-la-filharmonica-alteanense\/\"><\/a><\/div><div class=\"eael-entry-thumbnail\">\n                <img width=\"300\" height=\"175\" src=\"https:\/\/www.sfaltea.com\/wp-content\/uploads\/2023\/04\/SFA-peq.jpg\" class=\"attachment-medium size-medium\" alt=\"\" loading=\"lazy\" srcset=\"https:\/\/www.sfaltea.com\/wp-content\/uploads\/2023\/04\/SFA-peq.jpg 300w, https:\/\/www.sfaltea.com\/wp-content\/uploads\/2023\/04\/SFA-peq-100x58.jpg 100w\" sizes=\"(max-width: 300px) 100vw, 300px\" \/>\n            <\/div>\n        <\/div><div class=\"eael-entry-wrapper\"><header class=\"eael-entry-header\"><h2 class=\"eael-entry-title\"><a\n                        class=\"eael-grid-post-link\"\n                        href=\"https:\/\/www.sfaltea.com\/es\/2026\/01\/25\/convocatoria-2026-acces-a-la-banda-simfonica-de-la-filharmonica-alteanense\/\"\n                        title=\"Convocatoria 2026: ACCESO A LA BANDA SINF\u00d3NICA DE LA FILARM\u00d3NICA ALTEANENSE\">Convocatoria 2026: ACCESO A LA BANDA SINF\u00d3NICA DE LA FILARM\u00d3NICA ALTEANENSE<\/a><\/h2><\/header><div class=\"eael-entry-content\">\n                        <div class=\"eael-grid-post-excerpt\"><p>Inscripciones: hasta el 25\/02\/2026Prueba te\u00f3rico-pr\u00e1ctica: marzo 2026 Requisitos principales:&#8211; Disponer...<\/p><a\n                            href=\"https:\/\/www.sfaltea.com\/es\/2026\/01\/25\/convocatoria-2026-acces-a-la-banda-simfonica-de-la-filharmonica-alteanense\/\"\n                            class=\"eael-post-elements-readmore-btn\">Leer m\u00e1s...<\/a><\/div>\n                    <\/div><div class=\"eael-entry-footer\"><div class=\"eael-entry-meta\"><span class=\"eael-posted-on\"><time datetime=\"25\/01\/2026\">25\/01\/2026<\/time><\/span><\/div><\/div><\/div><\/div>\n        <\/div>\n    <\/article><article class=\"eael-grid-post eael-post-grid-column\" data-id=\"7227\">\n        <div class=\"eael-grid-post-holder\">\n            <div class=\"eael-grid-post-holder-inner\"><div class=\"eael-entry-media\"><div class=\"eael-entry-overlay fade-in\"><i class=\"fas fa-long-arrow-alt-right\" aria-hidden=\"true\"><\/i><a href=\"https:\/\/www.sfaltea.com\/es\/2025\/12\/06\/programacio-de-nadal-2025-sfa\/\"><\/a><\/div><div class=\"eael-entry-thumbnail\">\n                <img width=\"300\" height=\"58\" src=\"https:\/\/www.sfaltea.com\/wp-content\/uploads\/2025\/03\/NADAL-CONCERTS-SFA-300x58.jpg\" class=\"attachment-medium size-medium\" alt=\"\" loading=\"lazy\" srcset=\"https:\/\/www.sfaltea.com\/wp-content\/uploads\/2025\/03\/NADAL-CONCERTS-SFA-300x58.jpg 300w, https:\/\/www.sfaltea.com\/wp-content\/uploads\/2025\/03\/NADAL-CONCERTS-SFA-391x77.jpg 391w, https:\/\/www.sfaltea.com\/wp-content\/uploads\/2025\/03\/NADAL-CONCERTS-SFA-100x19.jpg 100w, https:\/\/www.sfaltea.com\/wp-content\/uploads\/2025\/03\/NADAL-CONCERTS-SFA.jpg 400w\" sizes=\"(max-width: 300px) 100vw, 300px\" \/>\n            <\/div>\n        <\/div><div class=\"eael-entry-wrapper\"><header class=\"eael-entry-header\"><h2 class=\"eael-entry-title\"><a\n                        class=\"eael-grid-post-link\"\n                        href=\"https:\/\/www.sfaltea.com\/es\/2025\/12\/06\/programacio-de-nadal-2025-sfa\/\"\n                        title=\"Programaci\u00f3n de Navidad 2025 &#8211; SFA\">Programaci\u00f3n de Navidad 2025 &#8211; SFA<\/a><\/h2><\/header><div class=\"eael-entry-content\">\n                        <div class=\"eael-grid-post-excerpt\"><p>Altea, del 13 al 23 de diciembre 2025<\/p><a\n                            href=\"https:\/\/www.sfaltea.com\/es\/2025\/12\/06\/programacio-de-nadal-2025-sfa\/\"\n                            class=\"eael-post-elements-readmore-btn\">Leer m\u00e1s...<\/a><\/div>\n                    <\/div><div class=\"eael-entry-footer\"><div class=\"eael-entry-meta\"><span class=\"eael-posted-on\"><time datetime=\"06\/12\/2025\">06\/12\/2025<\/time><\/span><\/div><\/div><\/div><\/div>\n        <\/div>\n    <\/article><\/div>\n            <div class=\"clearfix\"><\/div>\n        <\/div>            <div class=\"eael-load-more-button-wrap\">\n                <button class=\"eael-load-more-button\" id=\"eael-load-more-btn-b89b460\" data-widget-id=\"b89b460\" data-widget=\"b89b460\" data-page-id=\"1820\" data-nonce=\"1e86ec0f30\" data-template=\"{&quot;dir&quot;:&quot;lite&quot;,&quot;file_name&quot;:&quot;default.php&quot;,&quot;name&quot;:&quot;Post-Grid&quot;}\" data-class=\"Essential_Addons_Elementor\\Elements\\Post_Grid\" data-layout=\"masonry\" data-page=\"1\" data-args=\"orderby=date&amp;order=desc&amp;ignore_sticky_posts=1&amp;post_status=publish&amp;posts_per_page=3&amp;offset=0&amp;post_type=post&amp;tax_query%5B0%5D%5Btaxonomy%5D=category&amp;tax_query%5B0%5D%5Bfield%5D=term_id&amp;tax_query%5B0%5D%5Bterms%5D%5B0%5D=17&amp;tax_query%5Brelation%5D=AND\" data-max-page=\"15\">\n                    <div class=\"eael-btn-loader button__loader\"><\/div>\n                    <span>Mostrar m\u00e1s<\/span>\n                <\/button>\n            <\/div>\n        \t\t<\/div>\n\t\t\t\t<\/div>\n\t\t\t\t\t<\/div>\n\t\t<\/div>\n\t\t\t\t\t\t\t<\/div>\n\t\t<\/section>\n\t\t\t\t\t\t<\/div>\n\t\t\t\t\t<\/div>\n\t\t","protected":false},"excerpt":{"rendered":"<p>Noticias Banda Sinf\u00f3nica El CIMALTEA en el programa de hoy de Plaza Mayor de RNE, con la actuaci\u00f3n de la Filarm\u00f3nica Alteanense!! El programa centra su lupa en los mejores &#8230;<\/p>\n","protected":false},"author":1,"featured_media":0,"parent":0,"menu_order":0,"comment_status":"closed","ping_status":"closed","template":"template-layout-full-width.php","meta":[],"_links":{"self":[{"href":"https:\/\/www.sfaltea.com\/es\/wp-json\/wp\/v2\/pages\/1820"}],"collection":[{"href":"https:\/\/www.sfaltea.com\/es\/wp-json\/wp\/v2\/pages"}],"about":[{"href":"https:\/\/www.sfaltea.com\/es\/wp-json\/wp\/v2\/types\/page"}],"author":[{"embeddable":true,"href":"https:\/\/www.sfaltea.com\/es\/wp-json\/wp\/v2\/users\/1"}],"replies":[{"embeddable":true,"href":"https:\/\/www.sfaltea.com\/es\/wp-json\/wp\/v2\/comments?post=1820"}],"version-history":[{"count":39,"href":"https:\/\/www.sfaltea.com\/es\/wp-json\/wp\/v2\/pages\/1820\/revisions"}],"predecessor-version":[{"id":3125,"href":"https:\/\/www.sfaltea.com\/es\/wp-json\/wp\/v2\/pages\/1820\/revisions\/3125"}],"wp:attachment":[{"href":"https:\/\/www.sfaltea.com\/es\/wp-json\/wp\/v2\/media?parent=1820"}],"curies":[{"name":"wp","href":"https:\/\/api.w.org\/{rel}","templated":true}]}}