{"id":1863,"date":"2021-07-29T07:15:18","date_gmt":"2021-07-29T07:15:18","guid":{"rendered":"http:\/\/sfaltea.com\/historia-de-la-banda-sinfonica-de-la-sfa\/"},"modified":"2026-02-18T19:13:31","modified_gmt":"2026-02-18T18:13:31","slug":"historia-banda","status":"publish","type":"page","link":"https:\/\/www.sfaltea.com\/es\/historia-banda\/","title":{"rendered":"Historia de la Banda Sinf\u00f3nica de la SFA"},"content":{"rendered":"\t\t<div data-elementor-type=\"wp-page\" data-elementor-id=\"1863\" class=\"elementor elementor-1863\" data-elementor-settings=\"[]\">\n\t\t\t\t\t\t\t<div class=\"elementor-section-wrap\">\n\t\t\t\t\t\t\t<section class=\"elementor-section elementor-top-section elementor-element elementor-element-c99a246 elementor-section-boxed elementor-section-height-default elementor-section-height-default\" data-id=\"c99a246\" data-element_type=\"section\">\n\t\t\t\t\t\t<div class=\"elementor-container elementor-column-gap-default\">\n\t\t\t\t\t<div class=\"elementor-column elementor-col-100 elementor-top-column elementor-element elementor-element-b565bd1\" data-id=\"b565bd1\" data-element_type=\"column\">\n\t\t\t<div class=\"elementor-widget-wrap elementor-element-populated\">\n\t\t\t\t\t\t\t\t<div class=\"elementor-element elementor-element-9a7a89c elementor-widget elementor-widget-text-editor\" data-id=\"9a7a89c\" data-element_type=\"widget\" data-widget_type=\"text-editor.default\">\n\t\t\t\t<div class=\"elementor-widget-container\">\n\t\t\t\t\t\t\t<p><a href=\"http:\/\/sfaltea.com\/es\/banda\">\ud83e\udc78VOLVER<\/a><\/p>\t\t\t\t\t\t<\/div>\n\t\t\t\t<\/div>\n\t\t\t\t\t<\/div>\n\t\t<\/div>\n\t\t\t\t\t\t\t<\/div>\n\t\t<\/section>\n\t\t\t\t<section class=\"elementor-section elementor-top-section elementor-element elementor-element-b7ab9af elementor-section-boxed elementor-section-height-default elementor-section-height-default\" data-id=\"b7ab9af\" data-element_type=\"section\">\n\t\t\t\t\t\t<div class=\"elementor-container elementor-column-gap-default\">\n\t\t\t\t\t<div class=\"elementor-column elementor-col-100 elementor-top-column elementor-element elementor-element-c059824\" data-id=\"c059824\" data-element_type=\"column\">\n\t\t\t<div class=\"elementor-widget-wrap elementor-element-populated\">\n\t\t\t\t\t\t\t\t<div class=\"elementor-element elementor-element-3eef349 elementor-widget elementor-widget-image\" data-id=\"3eef349\" data-element_type=\"widget\" data-widget_type=\"image.default\">\n\t\t\t\t<div class=\"elementor-widget-container\">\n\t\t\t\t\t\t\t\t\t\t\t\t\t\t\t<img width=\"411\" height=\"285\" src=\"https:\/\/www.sfaltea.com\/wp-content\/uploads\/2021\/07\/banda3.jpg\" class=\"attachment-large size-large\" alt=\"\" loading=\"lazy\" srcset=\"https:\/\/www.sfaltea.com\/wp-content\/uploads\/2021\/07\/banda3.jpg 411w, https:\/\/www.sfaltea.com\/wp-content\/uploads\/2021\/07\/banda3-300x208.jpg 300w, https:\/\/www.sfaltea.com\/wp-content\/uploads\/2021\/07\/banda3-100x69.jpg 100w\" sizes=\"(max-width: 411px) 100vw, 411px\" \/>\t\t\t\t\t\t\t\t\t\t\t\t\t\t\t<\/div>\n\t\t\t\t<\/div>\n\t\t\t\t\t<\/div>\n\t\t<\/div>\n\t\t\t\t\t\t\t<\/div>\n\t\t<\/section>\n\t\t\t\t<section class=\"elementor-section elementor-top-section elementor-element elementor-element-007ee55 elementor-section-boxed elementor-section-height-default elementor-section-height-default\" data-id=\"007ee55\" data-element_type=\"section\">\n\t\t\t\t\t\t<div class=\"elementor-container elementor-column-gap-default\">\n\t\t\t\t\t<div class=\"elementor-column elementor-col-100 elementor-top-column elementor-element elementor-element-6d33bbc\" data-id=\"6d33bbc\" data-element_type=\"column\">\n\t\t\t<div class=\"elementor-widget-wrap elementor-element-populated\">\n\t\t\t\t\t\t\t\t<div class=\"elementor-element elementor-element-2c68188 elementor-widget elementor-widget-text-editor\" data-id=\"2c68188\" data-element_type=\"widget\" data-widget_type=\"text-editor.default\">\n\t\t\t\t<div class=\"elementor-widget-container\">\n\t\t\t\t\t\t\t<p><strong>OR\u00cdGENES<\/strong><\/p>\n<p>Los or\u00edgenes de la Soc. Filarm\u00f3nica Alteanense se remontan al 1889, a\u00f1o en que se crea una agrupaci\u00f3n musical dirigida por el maestro V. Marzal. Veinte a\u00f1os despu\u00e9s la agrupaci\u00f3n se organiza oficialmente y se consolida gracias a el impulso del maestro alteano Jos\u00e9 P\u00e9rez Albi\u00f1ana. Desde su creaci\u00f3n, la Sociedad Filarm\u00f3nica Alteanense ha sido la principal entidad cultural de Altea. En los a\u00f1os 30 contaba con una biblioteca p\u00fablica y, desde el 1931 al 1936, edit\u00f3 la revista Altea, de periodicidad mensual.<\/p>\n<p><strong>DIRECTORES<\/strong><\/p>\n<p>Han sido directores de la Filarm\u00f3nica Jos\u00e9 P\u00e9rez Albi\u00f1ana, Octavio Juan Palacio, Joaqu\u00edn P\u00e9rez Montaner, Francisco P\u00e9rez Devesa, Jos\u00e9 Mirete Bertomeu, Jos\u00e9 Bort Ram\u00f3n, Ram\u00f3n Pastor Gimeno, Jes\u00fas Juan Oriola, Joan Espinosa, Daniel Ferrero, Jordi Franc\u00e9s-Sanju\u00e1n, Jaume F. Ripoll Martins, Rafael M. Garrig\u00f3s Garc\u00eda&nbsp;<span style=\"font-size: 1.125rem;\">y actualmente, Jos\u00e9 Vte. Algado Climent<\/span><span style=\"font-size: 1.125rem;\">.<\/span><\/p>\n<p><strong>PREMIOS<\/strong><\/p>\n<p>Los reconocimientos y los premios de la Filarm\u00f3nica a lo largo de la historia son muy numerosos. Hay que destacar los primeros premios conseguidos en Crevillent (1972), Mon\u00f2ver (1973), Certamen Internacional de Frankfurt (1973), Benidorm (1979), Alfaz del P\u00ed (1981), Beneixama (1982), Concurso Mundial de la M\u00fasica de Kerkrade (Pa\u00edses Bajos) obteniendo dos medallas de oro en 1985 y dos medallas de oro, menci\u00f3n de honor y estandarte de honor en 1989, Certamen de la Diputaci\u00f3n de Alicante (1986 y 1988), Certamen de la Comunidad Valenciana (1986), Certamen Internacional Ciudad de Valencia (1987 y 1990) y Campo de Criptana (1994). En 1992 se le otorg\u00f3 el Premio Nacional Cultura Viva de agrupaciones musicales \u00abpor la gran calidad interpretativa, reflejada en importantes \u00e9xitos internacionales\u00bb. En 2001 gan\u00f3 el segundo premio de la primera secci\u00f3n del XI Certamen Nacional de Bandas Ciudad de Murcia. Estuvo seleccionada entre las veinte mejores bandas de la Comunidad Valenciana con motivo de los conciertos especiales del proyecto M\u00fasica 92.<br>Ha hecho numerosas grabaciones para RNE, TVE, Canal 9 Radio y Canal 9 TV. Ha editado un disco LP, dos discos CD y varias cintas.<\/p>\t\t\t\t\t\t<\/div>\n\t\t\t\t<\/div>\n\t\t\t\t\t<\/div>\n\t\t<\/div>\n\t\t\t\t\t\t\t<\/div>\n\t\t<\/section>\n\t\t\t\t\t\t<\/div>\n\t\t\t\t\t<\/div>\n\t\t","protected":false},"excerpt":{"rendered":"<p>\ud83e\udc78VOLVER OR\u00cdGENES Los or\u00edgenes de la Soc. Filarm\u00f3nica Alteanense se remontan al 1889, a\u00f1o en que se crea una agrupaci\u00f3n musical dirigida por el maestro V. Marzal. Veinte a\u00f1os despu\u00e9s &#8230;<\/p>\n","protected":false},"author":1,"featured_media":0,"parent":0,"menu_order":0,"comment_status":"closed","ping_status":"closed","template":"template-layout-full-width.php","meta":[],"_links":{"self":[{"href":"https:\/\/www.sfaltea.com\/es\/wp-json\/wp\/v2\/pages\/1863"}],"collection":[{"href":"https:\/\/www.sfaltea.com\/es\/wp-json\/wp\/v2\/pages"}],"about":[{"href":"https:\/\/www.sfaltea.com\/es\/wp-json\/wp\/v2\/types\/page"}],"author":[{"embeddable":true,"href":"https:\/\/www.sfaltea.com\/es\/wp-json\/wp\/v2\/users\/1"}],"replies":[{"embeddable":true,"href":"https:\/\/www.sfaltea.com\/es\/wp-json\/wp\/v2\/comments?post=1863"}],"version-history":[{"count":16,"href":"https:\/\/www.sfaltea.com\/es\/wp-json\/wp\/v2\/pages\/1863\/revisions"}],"predecessor-version":[{"id":7252,"href":"https:\/\/www.sfaltea.com\/es\/wp-json\/wp\/v2\/pages\/1863\/revisions\/7252"}],"wp:attachment":[{"href":"https:\/\/www.sfaltea.com\/es\/wp-json\/wp\/v2\/media?parent=1863"}],"curies":[{"name":"wp","href":"https:\/\/api.w.org\/{rel}","templated":true}]}}