{"id":1867,"date":"2021-07-29T10:18:38","date_gmt":"2021-07-29T10:18:38","guid":{"rendered":"http:\/\/sfaltea.com\/director-de-la-banda-sinfonica-de-la-sfa\/"},"modified":"2026-02-27T10:13:28","modified_gmt":"2026-02-27T09:13:28","slug":"director-banda","status":"publish","type":"page","link":"https:\/\/www.sfaltea.com\/es\/director-banda\/","title":{"rendered":"Director de la Banda Sinf\u00f3nica de la SFA"},"content":{"rendered":"\t\t<div data-elementor-type=\"wp-page\" data-elementor-id=\"1867\" class=\"elementor elementor-1867\" data-elementor-settings=\"[]\">\n\t\t\t\t\t\t\t<div class=\"elementor-section-wrap\">\n\t\t\t\t\t\t\t<section class=\"elementor-section elementor-top-section elementor-element elementor-element-bbdbb4e elementor-section-boxed elementor-section-height-default elementor-section-height-default\" data-id=\"bbdbb4e\" data-element_type=\"section\">\n\t\t\t\t\t\t<div class=\"elementor-container elementor-column-gap-default\">\n\t\t\t\t\t<div class=\"elementor-column elementor-col-100 elementor-top-column elementor-element elementor-element-406cd2e\" data-id=\"406cd2e\" data-element_type=\"column\">\n\t\t\t<div class=\"elementor-widget-wrap elementor-element-populated\">\n\t\t\t\t\t\t\t\t<div class=\"elementor-element elementor-element-80dc96f elementor-widget elementor-widget-text-editor\" data-id=\"80dc96f\" data-element_type=\"widget\" data-widget_type=\"text-editor.default\">\n\t\t\t\t<div class=\"elementor-widget-container\">\n\t\t\t\t\t\t\t<p><a href=\"http:\/\/sfaltea.com\/es\/banda\">\ud83e\udc78VOLVER<\/a><\/p><p>\u00a0<\/p>\t\t\t\t\t\t<\/div>\n\t\t\t\t<\/div>\n\t\t\t\t\t<\/div>\n\t\t<\/div>\n\t\t\t\t\t\t\t<\/div>\n\t\t<\/section>\n\t\t\t\t<section class=\"elementor-section elementor-top-section elementor-element elementor-element-85d8a9b elementor-section-boxed elementor-section-height-default elementor-section-height-default\" data-id=\"85d8a9b\" data-element_type=\"section\">\n\t\t\t\t\t\t<div class=\"elementor-container elementor-column-gap-default\">\n\t\t\t\t\t<div class=\"elementor-column elementor-col-100 elementor-top-column elementor-element elementor-element-501b23e\" data-id=\"501b23e\" data-element_type=\"column\">\n\t\t\t<div class=\"elementor-widget-wrap elementor-element-populated\">\n\t\t\t\t\t\t\t\t<div class=\"elementor-element elementor-element-8fdb3cc elementor-widget elementor-widget-heading\" data-id=\"8fdb3cc\" data-element_type=\"widget\" data-widget_type=\"heading.default\">\n\t\t\t\t<div class=\"elementor-widget-container\">\n\t\t\t<h3 class=\"elementor-heading-title elementor-size-default\">Jos\u00e9 Vicente Algado Climent<\/h3>\t\t<\/div>\n\t\t\t\t<\/div>\n\t\t\t\t\t<\/div>\n\t\t<\/div>\n\t\t\t\t\t\t\t<\/div>\n\t\t<\/section>\n\t\t\t\t<section class=\"elementor-section elementor-top-section elementor-element elementor-element-ba8d517 elementor-section-boxed elementor-section-height-default elementor-section-height-default\" data-id=\"ba8d517\" data-element_type=\"section\">\n\t\t\t\t\t\t<div class=\"elementor-container elementor-column-gap-default\">\n\t\t\t\t\t<div class=\"elementor-column elementor-col-100 elementor-top-column elementor-element elementor-element-5f9b559\" data-id=\"5f9b559\" data-element_type=\"column\">\n\t\t\t<div class=\"elementor-widget-wrap elementor-element-populated\">\n\t\t\t\t\t\t\t\t<div class=\"elementor-element elementor-element-f4c1c62 elementor-widget elementor-widget-text-editor\" data-id=\"f4c1c62\" data-element_type=\"widget\" data-widget_type=\"text-editor.default\">\n\t\t\t\t<div class=\"elementor-widget-container\">\n\t\t\t\t\t\t\t<p><img loading=\"lazy\" class=\"alignright wp-image-7271\" src=\"https:\/\/www.sfaltea.com\/wp-content\/uploads\/2026\/02\/JOSE-VICENTE-ALGADO-CLIMENT-1.jpg\" alt=\"\" width=\"400\" height=\"267\" srcset=\"https:\/\/www.sfaltea.com\/wp-content\/uploads\/2026\/02\/JOSE-VICENTE-ALGADO-CLIMENT-1.jpg 1600w, https:\/\/www.sfaltea.com\/wp-content\/uploads\/2026\/02\/JOSE-VICENTE-ALGADO-CLIMENT-1-300x200.jpg 300w, https:\/\/www.sfaltea.com\/wp-content\/uploads\/2026\/02\/JOSE-VICENTE-ALGADO-CLIMENT-1-1024x682.jpg 1024w, https:\/\/www.sfaltea.com\/wp-content\/uploads\/2026\/02\/JOSE-VICENTE-ALGADO-CLIMENT-1-768x512.jpg 768w, https:\/\/www.sfaltea.com\/wp-content\/uploads\/2026\/02\/JOSE-VICENTE-ALGADO-CLIMENT-1-391x260.jpg 391w, https:\/\/www.sfaltea.com\/wp-content\/uploads\/2026\/02\/JOSE-VICENTE-ALGADO-CLIMENT-1-1536x1023.jpg 1536w, https:\/\/www.sfaltea.com\/wp-content\/uploads\/2026\/02\/JOSE-VICENTE-ALGADO-CLIMENT-1-100x67.jpg 100w, https:\/\/www.sfaltea.com\/wp-content\/uploads\/2026\/02\/JOSE-VICENTE-ALGADO-CLIMENT-1-862x574.jpg 862w, https:\/\/www.sfaltea.com\/wp-content\/uploads\/2026\/02\/JOSE-VICENTE-ALGADO-CLIMENT-1-1020x680.jpg 1020w\" sizes=\"(max-width: 400px) 100vw, 400px\" \/><\/p><p>Naci\u00f3 en 1981 e inici\u00f3 sus estudios musicales en el Centre Musical Puig Campana de Finestrat con su padre e Ismael Bevi\u00e1 Torregrosa, continu\u00e1ndolos en el Conservatorio \u00ab\u00d3scar Espl\u00e1\u00bb de Alicante, donde finaliz\u00f3 los estudios de profesor de trompa.<br \/><br \/>En 1996 recibi\u00f3 una beca del centro de estudios norteamericano para realizar un curso de verano en el International Music Camp de Minot (EE.UU.).<br \/><br \/>En el \u00e1mbito de la direcci\u00f3n, inici\u00f3 sus estudios en 1999, asistiendo a diferentes cursos de direcci\u00f3n con Frank de Vuyst, Jos\u00e9 R. Pascual Vilaplana, Crist\u00f3bal Soler, Douglas Bostock, Jan Cober, Henrie Adams, Nacho de Paz y Christian Karlsen. Estudi\u00f3 composici\u00f3n con Norman Milan\u00e9s y Joan Enric Canet en el Conservatorio Superior de Alicante. Es titulado superior en Direcci\u00f3n de Orquesta por el Conservatorio Superior de M\u00fasica \u201cManuel Massotti Littel\u201d de Murcia, donde estudi\u00f3 con C\u00e9sar \u00c1lvarez y Jos\u00e9 Miguel Rodilla.<br \/><br \/>Ha recibido en dos ocasiones una beca de la Conselleria de Educaci\u00f3n de la Generalitat Valenciana para asistir a los cursos de direcci\u00f3n de banda de la Berklee College of Music, con Rafael Sanz Espert.<br \/><br \/>Como director, ha dirigido diferentes formaciones, como la Orquesta Sinf\u00f3nica de la Catedral de Madrid, la Banda de Lanjar\u00f3n (Granada), la Banda Municipal de Los Palacios y Villafranca (Sevilla), la Banda Sinf\u00f3nica de Og\u00edjares (Granada), la Orquesta de la Universitat de Val\u00e8ncia, la Banda Nacional de Conciertos de Cuba, la Rundfunk-Blasorchester Leipzig (Alemania), la Orquesta Sinf\u00f3nica del Conservatorio Superior de Murcia, la Orchestre d\u2019Harmonie de la Ville du Havre (Francia), el D\u00e9dalo Ensemble (Italia), el Fryderyk Chopin Warsaw University of Music Chamber Wind Ensemble, la Polish Army Wind Band (Polonia), la Banda Municipal de Ja\u00e9n, la Banda Municipal de Santander, la Banda Municipal de Granada y la Banda Municipal de Palma de Mallorca.<br \/><br \/>Ha colaborado con solistas de prestigio como Ara Malikian, Joaqu\u00edn Palomares, Ricardo Moll\u00e1, Bastien Baumet y Quatuor Habanera.<br \/><br \/>Ha sido director titular de la Agrupaci\u00f3n Coral de Finestrat (1999-2005), de la Banda La Lira de Monfort del Cid (2006-2007), de la Banda del Ateneu Musical de Cocentaina (2007-2009), de la Banda del Centre Musical Puig Campana de Finestrat (2005-2012), de la Orquesta de C\u00e1mara de la Uni\u00f3 Musical de Benidorm, de la Banda del Ateneu Musical de la Vila Joiosa (2020-2023) y del Centre Art\u00edstic Cultural \u201cVerge de la Pau\u201d de Agost (2013-2025). Tambi\u00e9n ha sido director en funciones de la Banda Municipal de Castell\u00f3 (2018 y 2022).<br \/><br \/><strong>Premios como int\u00e9rprete<\/strong><br \/><br \/>\u2022 1\u00ba Premio en el Concurso de J\u00f3venes Int\u00e9rpretes de Villena (1996), con la colaboraci\u00f3n en la grabaci\u00f3n de un CD.<br \/><br \/>\u2022 Premio al mejor int\u00e9rprete en el International Music Camp de Minot (EE.UU.) (1996).<br \/><br \/><strong>Premios como director<\/strong><br \/><br \/>Ha obtenido 14 primeros premios en diferentes cert\u00e1menes de bandas de m\u00fasica en los \u00faltimos diez a\u00f1os. Entre los m\u00e1s destacados:<br \/><br \/>\u2022 1\u00ba Premio en el Certamen de M\u00fasica de Moros y Cristianos de la Font d\u2019en Carr\u00f2s con la Banda del Ateneu Musical de Cocentaina (2007).<br \/><br \/>\u2022 1\u00ba Premio en la segunda secci\u00f3n del Certamen Provincial de Bandas de M\u00fasica de Alicante con el Centre Art\u00edstic Cultural \u201cVerge de la Pau\u201d de Agost (2013).<br \/><br \/>\u2022 3\u00ba Premio en la segunda secci\u00f3n del Certamen Internacional de Bandas de M\u00fasica de Valencia con el Centre Art\u00edstic Cultural \u201cVerge de la Pau\u201d de Agost (2014).<br \/><br \/>\u2022 1\u00ba Premio en el Certamen de M\u00fasica Festera de Altea la Vella con el Centre Art\u00edstic Cultural \u201cVerge de la Pau\u201d de Agost (febrero 2015).<br \/><br \/>\u2022 1\u00ba Premio y Menci\u00f3n de Honor en la segunda secci\u00f3n del Certamen Provincial de Bandas de M\u00fasica de Alicante con el Centre Art\u00edstic Cultural \u201cVerge de la Pau\u201d de Agost (marzo 2015).<br \/><br \/>\u2022 1\u00ba Premio en el Certamen de Bandas J\u00f3venes de Beniarr\u00e9s con la Banda Joven del Centre Art\u00edstic Cultural \u201cVerge de la Pau\u201d de Agost (abril 2015).<br \/><br \/>\u2022 1\u00ba Premio en el Certamen de Bandas de M\u00fasica de la Comunitat Valenciana con el Centre Art\u00edstic Cultural \u201cVerge de la Pau\u201d de Agost (noviembre 2015).<br \/><br \/>\u2022 1\u00ba Premio en el Certamen de Interpretaci\u00f3n de M\u00fasica de Moros y Cristianos de Elda con el Centre Art\u00edstic Cultural \u201cVerge de la Pau\u201d de Agost (marzo 2017).<br \/><br \/>\u2022 1\u00ba Premio y Menci\u00f3n de Honor en el Certamen Provincial de Bandas de M\u00fasica de Alicante con el Centre Art\u00edstic Cultural \u201cVerge de la Pau\u201d de Agost (abril 2018).<br \/><br \/>\u2022 1\u00ba Premio en el II Certamen de Interpretaci\u00f3n de M\u00fasica Festera de Alcoy con el Centre Art\u00edstic Cultural \u201cVerge de la Pau\u201d de Agost (octubre 2018).<br \/><br \/>\u2022 1\u00ba Premio y Menci\u00f3n de Honor en el Certamen de Bandas de M\u00fasica de la Comunitat Valenciana con el Centre Art\u00edstic Cultural \u201cVerge de la Pau\u201d de Agost (noviembre 2018).<br \/><br \/>\u2022 1\u00ba Premio en el Certamen de Interpretaci\u00f3n de M\u00fasica de Moros y Cristianos de Elda con el Centre Art\u00edstic Cultural \u201cVerge de la Pau\u201d de Agost (marzo 2019).<br \/><br \/>\u2022 1\u00ba Premio en el Certamen de Interpretaci\u00f3n de M\u00fasica Festera \u201cVila de Cocentaina\u201d con el Centre Art\u00edstic Cultural \u201cVerge de la Pau\u201d de Agost (abril 2022).<br \/><br \/>\u2022 2\u00ba Premio en el Certamen de Interpretaci\u00f3n de M\u00fasica de Moros y Cristianos de Elda con la Uni\u00f3 Musical de Polop de la Marina (mayo 2022).<br \/><br \/>\u2022 1\u00ba Premio en la tercera secci\u00f3n del Certamen Internacional de Bandas de M\u00fasica \u201cCiutat de Val\u00e8ncia\u201d con la Uni\u00f3 Musical de Polop de la Marina (julio 2023).<br \/><br \/>\u2022 1\u00ba Premio en la segunda secci\u00f3n del Certamen Internacional de Bandas de M\u00fasica \u201cCiutat de Val\u00e8ncia\u201d con el Centre Art\u00edstic Cultural \u201cVerge de la Pau\u201d de Agost (julio 2023).<br \/><br \/><strong>Distinciones como director<\/strong><br \/><br \/>\u2022 Batuta del maestro Guillermo Tom\u00e1s, otorgada por la Banda Nacional de Conciertos de Cuba (2005).<br \/><br \/>\u2022 Menci\u00f3n especial al mejor director en el Certamen de Bandas de M\u00fasica de la Comunitat Valenciana (2018).<br \/><br \/>\u2022 Premio al mejor director en el Certamen Internacional de Bandas de M\u00fasica \u201cCiutat de Val\u00e8ncia\u201d (2023).<br \/><br \/>\u2022 Primer director en conseguir dos primeros premios en una misma edici\u00f3n en los 135 a\u00f1os de historia del Certamen Internacional de Bandas de M\u00fasica \u201cCiutat de Val\u00e8ncia\u201d.<br \/><br \/>\u2022 2\u00ba premio en el Warsaw Wind Band Conducting Competition (diciembre 2023).<br \/><br \/><strong>Participaci\u00f3n en jurados y docencia<\/strong><br \/><br \/>Ha sido miembro del jurado en diversos concursos, como el Concurso de Viento Metal de Namur (B\u00e9lgica), el Certamen de M\u00fasica de Moros y Cristianos de Agost, Elda y Altea la Vella, as\u00ed como en diferentes ediciones del Certamen Provincial de Bandas de M\u00fasica de Alicante. Igualmente, ha formado parte del jurado de los concursos de composici\u00f3n musical para banda de La Nucia, Mutxamel y Finestrat. En 2025 fue designado por la Direcci\u00f3n Adjunta de M\u00fasica y Cultura Popular Valenciana del Institut Valenci\u00e0 de Cultura como vocal t\u00e9cnico en los Cert\u00e1menes de Bandas de Alicante, Castell\u00f3n y Valencia.<br \/><br \/>Actualmente, es director titular de la Societat Musical l&#8217;Alian\u00e7a de Mutxamel, de la Uni\u00f3 Musical de Polop de la Marina y de la Societat Filham\u00f2nica Alteanense. Tambi\u00e9n ha sido profesor en los cursos de direcci\u00f3n de banda de Sella (Alicante) y colaborador de la WASBE con art\u00edculos de la serie Suggested Repertoire from Around the World for Developing Bands.<br \/><br \/>Recientemente, ha sido invitado como profesor de direcci\u00f3n de banda en los Symphonic Band Workshops de Berklee Val\u00e8ncia, en el II Workshop de Direcci\u00f3n de Banda organizado por la Banda Musical San Tiago de Silvalde (Portugal) y, el pasado mes de octubre, imparti\u00f3 una masterclass sobre la historia del repertorio de banda en Espa\u00f1a en el prestigioso Dirigentl\u00f8ftet de Oslo (Noruega). Asimismo, ha participado como director invitado con la Royal Norwegian Navy Band.<\/p>\t\t\t\t\t\t<\/div>\n\t\t\t\t<\/div>\n\t\t\t\t\t<\/div>\n\t\t<\/div>\n\t\t\t\t\t\t\t<\/div>\n\t\t<\/section>\n\t\t\t\t\t\t<\/div>\n\t\t\t\t\t<\/div>\n\t\t","protected":false},"excerpt":{"rendered":"<p>\ud83e\udc78VOLVER \u00a0 Jos\u00e9 Vicente Algado Climent Naci\u00f3 en 1981 e inici\u00f3 sus estudios musicales en el Centre Musical Puig Campana de Finestrat con su padre e Ismael Bevi\u00e1 Torregrosa, continu\u00e1ndolos &#8230;<\/p>\n","protected":false},"author":1,"featured_media":0,"parent":0,"menu_order":0,"comment_status":"closed","ping_status":"closed","template":"template-layout-full-width.php","meta":[],"_links":{"self":[{"href":"https:\/\/www.sfaltea.com\/es\/wp-json\/wp\/v2\/pages\/1867"}],"collection":[{"href":"https:\/\/www.sfaltea.com\/es\/wp-json\/wp\/v2\/pages"}],"about":[{"href":"https:\/\/www.sfaltea.com\/es\/wp-json\/wp\/v2\/types\/page"}],"author":[{"embeddable":true,"href":"https:\/\/www.sfaltea.com\/es\/wp-json\/wp\/v2\/users\/1"}],"replies":[{"embeddable":true,"href":"https:\/\/www.sfaltea.com\/es\/wp-json\/wp\/v2\/comments?post=1867"}],"version-history":[{"count":28,"href":"https:\/\/www.sfaltea.com\/es\/wp-json\/wp\/v2\/pages\/1867\/revisions"}],"predecessor-version":[{"id":7289,"href":"https:\/\/www.sfaltea.com\/es\/wp-json\/wp\/v2\/pages\/1867\/revisions\/7289"}],"wp:attachment":[{"href":"https:\/\/www.sfaltea.com\/es\/wp-json\/wp\/v2\/media?parent=1867"}],"curies":[{"name":"wp","href":"https:\/\/api.w.org\/{rel}","templated":true}]}}