{"id":1874,"date":"2021-07-29T07:31:13","date_gmt":"2021-07-29T07:31:13","guid":{"rendered":"http:\/\/sfaltea.com\/componentes-de-banda-sinfonica-de-la-sfa\/"},"modified":"2026-02-18T19:46:36","modified_gmt":"2026-02-18T18:46:36","slug":"components-banda","status":"publish","type":"page","link":"https:\/\/www.sfaltea.com\/es\/components-banda\/","title":{"rendered":"Componentes de la Banda Sinf\u00f3nica de la SFA"},"content":{"rendered":"\t\t<div data-elementor-type=\"wp-page\" data-elementor-id=\"1874\" class=\"elementor elementor-1874\" data-elementor-settings=\"[]\">\n\t\t\t\t\t\t\t<div class=\"elementor-section-wrap\">\n\t\t\t\t\t\t\t<section class=\"elementor-section elementor-top-section elementor-element elementor-element-12bebee elementor-section-boxed elementor-section-height-default elementor-section-height-default\" data-id=\"12bebee\" data-element_type=\"section\">\n\t\t\t\t\t\t<div class=\"elementor-container elementor-column-gap-default\">\n\t\t\t\t\t<div class=\"elementor-column elementor-col-100 elementor-top-column elementor-element elementor-element-754d4ca\" data-id=\"754d4ca\" data-element_type=\"column\">\n\t\t\t<div class=\"elementor-widget-wrap elementor-element-populated\">\n\t\t\t\t\t\t\t\t<div class=\"elementor-element elementor-element-5f89f07 elementor-widget elementor-widget-text-editor\" data-id=\"5f89f07\" data-element_type=\"widget\" data-widget_type=\"text-editor.default\">\n\t\t\t\t<div class=\"elementor-widget-container\">\n\t\t\t\t\t\t\t<p><a href=\"http:\/\/sfaltea.com\/es\/banda\">\ud83e\udc78VOLVER<\/a><\/p>\t\t\t\t\t\t<\/div>\n\t\t\t\t<\/div>\n\t\t\t\t\t<\/div>\n\t\t<\/div>\n\t\t\t\t\t\t\t<\/div>\n\t\t<\/section>\n\t\t\t\t<section class=\"elementor-section elementor-top-section elementor-element elementor-element-10b899e pa-display-conditions-yes elementor-section-boxed elementor-section-height-default elementor-section-height-default\" data-id=\"10b899e\" data-element_type=\"section\" data-settings=\"{&quot;pa_display_conditions_switcher&quot;:&quot;yes&quot;}\">\n\t\t\t\t\t\t<div class=\"elementor-container elementor-column-gap-default\">\n\t\t\t\t\t<div class=\"elementor-column elementor-col-100 elementor-top-column elementor-element elementor-element-59c11b5\" data-id=\"59c11b5\" data-element_type=\"column\">\n\t\t\t<div class=\"elementor-widget-wrap elementor-element-populated\">\n\t\t\t\t\t\t\t\t<div class=\"elementor-element elementor-element-7a0d946 elementor-widget elementor-widget-text-editor\" data-id=\"7a0d946\" data-element_type=\"widget\" data-widget_type=\"text-editor.default\">\n\t\t\t\t<div class=\"elementor-widget-container\">\n\t\t\t\t\t\t\t<h4 style=\"text-align: center;\"><span style=\"color: #00ccff;\"><em><strong>Director<\/strong><\/em><\/span><\/h4><p style=\"text-align: center;\">RAFAEL M. GARRIG\u00d3S GARC\u00cdA<\/p><hr \/><h5 style=\"text-align: center;\"><span style=\"color: #00ccff;\"><em><strong>Flautas\u00a0<\/strong><\/em><\/span><\/h5><p style=\"text-align: center;\">ASENSI PASTOR, J\u00daLIA<br \/>FERRANDO P\u00c9REZ, JOSEP<br \/>GARC\u00cdA ALVADO, ALBA<br \/>GOMIS RIPOLL, PEPI<br \/>HACENE AZZI, LINA NOOR<br \/>LLED\u00d3 LLORENS, IN\u00c9S<br \/>LLORET ZARAGOZ\u00cd, AINA<br \/>MART\u00cdNEZ CORT\u00c9S, ANNA<br \/>MORALES LLORET, CARMEN<br \/>ORTU\u00d1O MOLT\u00d3, MARINA<br \/>RAMON JOVER, ANTONIA MARIA<br \/>SANCHEZ GUTIERREZ, Ma CRUZ JULIA<br \/>SANTAMAR\u00cdA CALVO, ROSA<\/p><h5 style=\"text-align: center;\"><span style=\"color: #00ccff;\"><strong><em>Flautines<\/em><\/strong><\/span><\/h5><p style=\"text-align: center;\">ENCINAS LLORCA, SARA<br \/>FERRER ROSTOLL, \u00c0NGELS<\/p><hr \/><h5 style=\"text-align: center;\"><span style=\"color: #00ccff;\"><em><strong>Oboes<\/strong><\/em><\/span><\/h5><p style=\"text-align: center;\">BARBER LLINARES, MARIA<br \/>GARC\u00cdA LLINARES, SARA<br \/>GONZ\u00c1LEZ MASCAR\u00d3, CARLA<br \/>IVARS LLORENS, MONICA<br \/>MART\u00cdN-ALBO FEASES, PAULA<br \/>SELLES GUARINOS, M\u00aa ANGELES<\/p><h5 style=\"text-align: center;\"><span style=\"color: #00ccff;\"><strong><em>Corno Ingl\u00e9s<\/em><\/strong><\/span><\/h5><p style=\"text-align: center;\">RIPOLL LLORET, PEDRO VICENTE<\/p><hr \/><h5 style=\"text-align: center;\"><span style=\"color: #00ccff;\"><em><strong>Requinto<\/strong><\/em><\/span><\/h5><p style=\"text-align: center;\">BORJA SANZ, JOAN<\/p><hr \/><h5 style=\"text-align: center;\"><span style=\"color: #00ccff;\"><em><strong>Clarinetes<\/strong><\/em><\/span><\/h5><p style=\"text-align: center;\">AZNAR CORT\u00c9S, DIEGO<br \/>AZNAR NOGUERA, DIEGO S.<br \/>BALLESTER SILVESTRE, ANGELA<br \/>BORJA LLORET, ANNA<br \/>BORJA SANZ, NICOLAU<br \/>CIUDAD WALTER, ANDREA<br \/>DE TRAZEGNIES CAHUAS, CATHERINE<br \/>DEVESA SUCH, MAR\u00cdA<br \/>FUSTER BALLESTER, \u00c0NGELA<br \/>FUSTER BALLESTER, PAULA<br \/>GARRIGUES SALINAS, IRENE<br \/>GARRIGUES SANCHEZ, SERGIO<br \/>IVORRA SCHULER, MARCOS<br \/>LL\u00c0CER LANUZA, JOAN<br \/>LL\u00c0CER LANUZA, PAU<br \/>LLOREN\u00c7 MART\u00cdNEZ, MIQUEL<br \/>LLORET LLORENS, MARIA ISABEL<br \/>LLORET LOPEZ, ANTONIO<br \/>LLORET ZARAGOZ\u00cd, MARIA<br \/>MARTI GONZALEZ, PAULA<br \/>MART\u00cdNEZ JIM\u00c9NEZ, \u00c1NGELA<br \/>MART\u00cdNEZ LLORCA, IRENE<br \/>MULET BAYONA, TERESA<br \/>ORTIZ CRESPO, MARINA<br \/>PE\u00d1A MANZANARES, MARIA<br \/>PUENTES MOTOS, JOSE B.<br \/>RIPOLL CARDONA, VICENT F.<br \/>RIPOLL MARTINS, JAIME FRANCISCO<br \/>SANCHEZ PELLO, SANTIAGO<br \/>SANTACREU ASENSI, MARIA<br \/>SUCH MANZANO, MIQUEL<br \/>ZARAGOZA LLEDO, TERESA<br \/>ZARAGOZI LLORCA, MARIA<\/p><h5 style=\"text-align: center;\"><span style=\"color: #00ccff;\"><strong><em>Clarinetes Bajos<\/em><\/strong><\/span><\/h5><p style=\"text-align: center;\">IVORRA DE TRAZEGNIES, JOAN<br \/>JUNQUERA CANDELA, HUGO<br \/>MOYA SEVILA, ALEJANDRO<br \/>SUCH BA\u00d1ULS, JOAQUIM<\/p><hr \/><h5 style=\"text-align: center;\"><em><strong><span style=\"color: #00ccff;\">Saxos Altos<\/span><\/strong><\/em><\/h5><p style=\"text-align: center;\">ALCALDE SAVAL, AINA<br \/>ALCALDE SAVAL, LLUNA<br \/>ALCALDE TERRAZAS, MIGUEL A.<br \/>ALVADO SALINAS, MIGUEL<br \/>CANO GONZ\u00c1LEZ, PAOLA<br \/>ESPINOZA HORTELANO, IRENE<br \/>FERR\u00c1NDEZ D\u00cdAZ, JANA<br \/>GARRIGUES SALINAS, LAIA<br \/>IGLESIAS SANCHO, KOLDO<br \/>LLORET COMPANY, FRANCISCO VICENTE<br \/>L\u00d3PEZ CARRI\u00d3N, JORGE<br \/>MART\u00cdNEZ PALAC\u00cdN, BEATRIU<br \/>MORALES ALGUACIL, ELENA<br \/>P\u00c9REZ BARBER, PAULA<br \/>RIPOLL GARCIA, JOS\u00c9 ANTONIO<br \/>SALINAS PEREZ, ESTHER<br \/>ZARAGOZ\u00cd RIPOLL, JAUME<\/p><h5 style=\"text-align: center;\"><span style=\"color: #00ccff;\"><em><strong>Saxos Tenores<\/strong><\/em><\/span><\/h5><p style=\"text-align: center;\">BARBER LLINARES, ANTONIO<br \/>DELGADO P\u00c9REZ, LLOREN\u00c7<br \/>FUSTER ZARAGOZA, JUAN ROQUE<br \/>IGLESIAS ARANDA, ROBERTO<br \/>P\u00c9REZ I\u00d1ESTA, \u00c1NGEL<br \/>SERRANO ANDREU, JOSE RAMON<br \/>SUCH GOMIS, PRABESH<\/p><h5 style=\"text-align: center;\"><span style=\"color: #00ccff;\"><em><strong>Saxo Bar\u00edtono<\/strong><\/em><\/span><\/h5><p style=\"text-align: center;\">ALVADO JUAN, JAIME<\/p><hr \/><h5 style=\"text-align: center;\"><span style=\"color: #00ccff;\"><em><strong>Fagotes<\/strong><\/em><\/span><\/h5><p style=\"text-align: center;\">CANDELA SANCHIS, LLUIS<br \/>MART\u00cdNEZ JIM\u00c9NEZ, MARCOS<\/p><hr \/><h5 style=\"text-align: center;\"><span style=\"color: #00ccff;\"><em><strong>Violonchelos<\/strong><\/em><\/span><\/h5><p style=\"text-align: center;\">BORJA LLORET, MARINA<br \/>DEVESA PEREZ, MARIA JOSE<br \/>FALGAS ALVADO, ANNA<br \/>IGUAL DEVESA, ENRIQUE<br \/>IGUAL DEVESA, MAR\u00cdA<br \/>LAVI\u00d3S BERENGUER, ANGELA<br \/>MORALES DEVESA, MARIA TERESA<br \/>ZARAGOZ\u00cd LAUSIN, MARTA<\/p><hr \/><h5 style=\"text-align: center;\"><span style=\"color: #00ccff;\"><em><strong>Trompetas<\/strong><\/em><\/span><\/h5><p style=\"text-align: center;\">ALSINA LLOPIS, \u00c0LEX<br \/>ALVADO MORALES, JAIME<br \/>BARBER LLINARES, JAUME<br \/>BORJA TORRENS, MARTIN<br \/>CABRERA PAQUET, ALEJANDRO<br \/>ESTEVEZ ZARAGOZA, JORGE<br \/>FERRANDO P\u00c9REZ, JAUME<br \/>GALLARDO P\u00c9REZ, RAM\u00d3N<br \/>GUARDIOLA IBA\u00d1EZ, VICENTE<br \/>LAVIOS BERENGUER, JUAN TOMAS<br \/>MANZANO PACHECO, JOSE MARIA<br \/>MARTINEZ PALACIN, QUICO<br \/>MULET MART\u00cd, AMELIA<br \/>MULET SOLER, PEDRO J.<br \/>OROZCO MULET, JUAN<br \/>PINAZO L\u00d3PEZ, C\u00c9SAR<br \/>SOLBES MART\u00cdNEZ, PERE<br \/>ZARAGOZ\u00cd NADAL, ANDR\u00c9S<\/p><hr \/><h5 style=\"text-align: center;\"><span style=\"color: #00ccff;\"><em><strong>Trompas<\/strong><\/em><\/span><\/h5><p style=\"text-align: center;\">COLOMERA SEVILA, JUAN MANUEL<br \/>LANUZA MORALES, ANTONIO<br \/>MART\u00cdNEZ FERRER, ROSA ANA<br \/>MEDINA SEVILA, PAU<br \/>MESEGUER SABIO, MIQUEL<br \/>P\u00c9REZ IVORRA, VICTOR<br \/>SUCH LAVIOS, FRANCISCO<br \/>SUCH ORQUIN, FRANCISCO<br \/>ZARAGOZI ZARAGOZI, PEDRO JAIME<\/p><hr \/><h5 style=\"text-align: center;\"><em><strong><span style=\"color: #00ccff;\">Trombones<\/span><\/strong><\/em><\/h5><p style=\"text-align: center;\">BERENGUER SANTACREU, ALBERTO<br \/>BORJA CORT\u00c9S, JOAN<br \/>BORJA CORT\u00c9S, MARIA<br \/>GOMIS SUCH, JOSE VTE.<br \/>GUARINOS LANUZA, JOS\u00c9<br \/>LLINARES GUARDIOLA, JAVIER<br \/>MULET FERRER, TONI<br \/>OROZCO PALENCIA, SERGIO<br \/>PASTOR GREGORIO, MARCOS<br \/>P\u00c9REZ BOLO, JUAN<br \/>P\u00c9REZ MU\u00d1OZ, PERE<br \/>PERLES RIBES, FRANCISCO<br \/>SERRAT GUARINOS, \u00c0NGELA<br \/>SUCH MANZANO, JOAN<\/p><hr \/><h5 style=\"text-align: center;\"><span style=\"color: #00ccff;\"><em><strong>Bombardinos<\/strong><\/em><\/span><\/h5><p style=\"text-align: center;\">GUZMAN RIPOLL, FRANCISCO JOSE<br \/>RIQUELME P\u00c9REZ, PERE<\/p><hr \/><h5 style=\"text-align: center;\"><span style=\"color: #00ccff;\"><em><strong>Tubas<\/strong><\/em><\/span><\/h5><p style=\"margin: 0cm; margin-bottom: .0001pt; text-align: center;\" align=\"center\">CANO GARC\u00cdA, XIMO<br \/>DE TRAZEGNIES CAHUAS, A. FERNANDO<br \/>FERRER PEREZ, ANTONIO VICENTE<br \/>MART\u00cd SOLIVERES, ANTONIO<\/p><p style=\"margin: 0cm; margin-bottom: .0001pt; text-align: center;\" align=\"center\">MESEGUER MART\u00cdNEZ, F. JAVIER<\/p><hr \/><h5 style=\"text-align: center;\"><em><strong><span style=\"color: #00ccff;\">Contrabajo<\/span><\/strong><\/em><\/h5><p style=\"text-align: center;\">RIPOLL GALLARDO, MAR<\/p><hr \/><h5 style=\"text-align: center;\"><span style=\"color: #00ccff;\"><em><strong>Percusi\u00f3n<\/strong><\/em><\/span><\/h5><p style=\"text-align: center;\">ALVADO ALVADO, MARC<br \/>ALVADO SALINAS, XIMO<br \/>CANDELA LOPEZ, SEGIMON R.<br \/>DELGADO PEREZ, JAVIER<br \/>DEVESA AZNAR, MARC<br \/>DEVESA SUCH, QUICO<br \/>GOMIS AZNAR, SALVADOR<br \/>GOSALBES MART\u00cdNEZ, CARLOTA<br \/>MORENO JUAN, MIGUEL<br \/>MULET BAYONA, JUAN VTE.<br \/>RONDA VIDAL, GUILL\u00c9M<br \/>SERRANO SALCEDO, GUILLEM ORIOL<br \/>SERRAT MORALES, CARMEN<br \/>TORRES S\u00c1NCHEZ, MIGUEL<\/p><hr \/><h5 style=\"text-align: center;\"><span style=\"color: #00ccff;\"><em><strong>Piano<\/strong><\/em><\/span><\/h5><p style=\"text-align: center;\">ALVADO HERN\u00c1NDEZ, LUIS<\/p>\t\t\t\t\t\t<\/div>\n\t\t\t\t<\/div>\n\t\t\t\t\t<\/div>\n\t\t<\/div>\n\t\t\t\t\t\t\t<\/div>\n\t\t<\/section>\n\t\t\t\t<section class=\"elementor-section elementor-top-section elementor-element elementor-element-e770bb6 elementor-section-boxed elementor-section-height-default elementor-section-height-default\" data-id=\"e770bb6\" data-element_type=\"section\">\n\t\t\t\t\t\t<div class=\"elementor-container elementor-column-gap-default\">\n\t\t\t\t\t<div class=\"elementor-column elementor-col-100 elementor-top-column elementor-element elementor-element-aa5b765\" data-id=\"aa5b765\" data-element_type=\"column\">\n\t\t\t<div class=\"elementor-widget-wrap elementor-element-populated\">\n\t\t\t\t\t\t\t\t<div class=\"elementor-element elementor-element-505b763 elementor-widget elementor-widget-image\" data-id=\"505b763\" data-element_type=\"widget\" data-widget_type=\"image.default\">\n\t\t\t\t<div class=\"elementor-widget-container\">\n\t\t\t\t\t\t\t\t\t\t\t\t<figure class=\"wp-caption\">\n\t\t\t\t\t\t\t\t\t\t\t<a href=\"http:\/\/sfaltea.com\/wp-content\/uploads\/2023\/04\/banda-estiu-tots-1.jpg\" data-elementor-open-lightbox=\"yes\" data-elementor-lightbox-title=\"Banda SFA\" e-action-hash=\"#elementor-action%3Aaction%3Dlightbox%26settings%3DeyJpZCI6MjU5OCwidXJsIjoiaHR0cHM6XC9cL3d3dy5zZmFsdGVhLmNvbVwvd3AtY29udGVudFwvdXBsb2Fkc1wvMjAyM1wvMDRcL2JhbmRhLWVzdGl1LXRvdHMtMS5qcGcifQ%3D%3D\">\n\t\t\t\t\t\t\t<img src=\"https:\/\/www.sfaltea.com\/wp-content\/uploads\/elementor\/thumbs\/banda-estiu-tots-1-q5ou5qwi5d7gevuvmvkyyf69sb6aw2xb09mju0zjoa.jpg\" title=\"Banda SFA\" alt=\"Banda SFA\" \/>\t\t\t\t\t\t\t\t<\/a>\n\t\t\t\t\t\t\t\t\t\t\t<figcaption class=\"widget-image-caption wp-caption-text\">Pulsa sobre la imagen para ampliar<\/figcaption>\n\t\t\t\t\t\t\t\t\t\t<\/figure>\n\t\t\t\t\t\t\t\t\t<\/div>\n\t\t\t\t<\/div>\n\t\t\t\t\t<\/div>\n\t\t<\/div>\n\t\t\t\t\t\t\t<\/div>\n\t\t<\/section>\n\t\t\t\t\t\t<\/div>\n\t\t\t\t\t<\/div>\n\t\t","protected":false},"excerpt":{"rendered":"<p>\ud83e\udc78VOLVER Director RAFAEL M. GARRIG\u00d3S GARC\u00cdA Flautas\u00a0 ASENSI PASTOR, J\u00daLIAFERRANDO P\u00c9REZ, JOSEPGARC\u00cdA ALVADO, ALBAGOMIS RIPOLL, PEPIHACENE AZZI, LINA NOORLLED\u00d3 LLORENS, IN\u00c9SLLORET ZARAGOZ\u00cd, AINAMART\u00cdNEZ CORT\u00c9S, ANNAMORALES LLORET, CARMENORTU\u00d1O MOLT\u00d3, MARINARAMON JOVER, &#8230;<\/p>\n","protected":false},"author":1,"featured_media":0,"parent":0,"menu_order":0,"comment_status":"closed","ping_status":"closed","template":"template-layout-full-width.php","meta":[],"_links":{"self":[{"href":"https:\/\/www.sfaltea.com\/es\/wp-json\/wp\/v2\/pages\/1874"}],"collection":[{"href":"https:\/\/www.sfaltea.com\/es\/wp-json\/wp\/v2\/pages"}],"about":[{"href":"https:\/\/www.sfaltea.com\/es\/wp-json\/wp\/v2\/types\/page"}],"author":[{"embeddable":true,"href":"https:\/\/www.sfaltea.com\/es\/wp-json\/wp\/v2\/users\/1"}],"replies":[{"embeddable":true,"href":"https:\/\/www.sfaltea.com\/es\/wp-json\/wp\/v2\/comments?post=1874"}],"version-history":[{"count":53,"href":"https:\/\/www.sfaltea.com\/es\/wp-json\/wp\/v2\/pages\/1874\/revisions"}],"predecessor-version":[{"id":7284,"href":"https:\/\/www.sfaltea.com\/es\/wp-json\/wp\/v2\/pages\/1874\/revisions\/7284"}],"wp:attachment":[{"href":"https:\/\/www.sfaltea.com\/es\/wp-json\/wp\/v2\/media?parent=1874"}],"curies":[{"name":"wp","href":"https:\/\/api.w.org\/{rel}","templated":true}]}}