{"id":1878,"date":"2021-08-02T10:40:51","date_gmt":"2021-08-02T10:40:51","guid":{"rendered":"http:\/\/sfaltea.com\/historia-de-la-coral-polifonica-de-la-sfa\/"},"modified":"2023-05-10T17:12:42","modified_gmt":"2023-05-10T17:12:42","slug":"historia-coral","status":"publish","type":"page","link":"https:\/\/www.sfaltea.com\/es\/historia-coral\/","title":{"rendered":"Historia de la Coral Polif\u00f3nica de la SFA"},"content":{"rendered":"\t\t<div data-elementor-type=\"wp-page\" data-elementor-id=\"1878\" class=\"elementor elementor-1878\" data-elementor-settings=\"[]\">\n\t\t\t\t\t\t\t<div class=\"elementor-section-wrap\">\n\t\t\t\t\t\t\t<section class=\"elementor-section elementor-top-section elementor-element elementor-element-4b30b1f elementor-section-boxed elementor-section-height-default elementor-section-height-default\" data-id=\"4b30b1f\" data-element_type=\"section\">\n\t\t\t\t\t\t<div class=\"elementor-container elementor-column-gap-default\">\n\t\t\t\t\t<div class=\"elementor-column elementor-col-100 elementor-top-column elementor-element elementor-element-46bb2f8\" data-id=\"46bb2f8\" data-element_type=\"column\">\n\t\t\t<div class=\"elementor-widget-wrap elementor-element-populated\">\n\t\t\t\t\t\t\t\t<div class=\"elementor-element elementor-element-7c8e3e4 elementor-widget elementor-widget-text-editor\" data-id=\"7c8e3e4\" data-element_type=\"widget\" data-widget_type=\"text-editor.default\">\n\t\t\t\t<div class=\"elementor-widget-container\">\n\t\t\t\t\t\t\t<p><a href=\"http:\/\/sfaltea.com\/es\/coral\/\">\ud83e\udc78VOLVER<\/a><\/p>\t\t\t\t\t\t<\/div>\n\t\t\t\t<\/div>\n\t\t\t\t\t<\/div>\n\t\t<\/div>\n\t\t\t\t\t\t\t<\/div>\n\t\t<\/section>\n\t\t\t\t<section class=\"elementor-section elementor-top-section elementor-element elementor-element-1b5091a elementor-section-boxed elementor-section-height-default elementor-section-height-default\" data-id=\"1b5091a\" data-element_type=\"section\">\n\t\t\t\t\t\t<div class=\"elementor-container elementor-column-gap-default\">\n\t\t\t\t\t<div class=\"elementor-column elementor-col-100 elementor-top-column elementor-element elementor-element-942d8fe\" data-id=\"942d8fe\" data-element_type=\"column\">\n\t\t\t<div class=\"elementor-widget-wrap elementor-element-populated\">\n\t\t\t\t\t\t\t\t<div class=\"elementor-element elementor-element-d5759eb elementor-widget elementor-widget-image\" data-id=\"d5759eb\" data-element_type=\"widget\" data-widget_type=\"image.default\">\n\t\t\t\t<div class=\"elementor-widget-container\">\n\t\t\t\t\t\t\t\t\t\t\t\t\t\t\t<img src=\"https:\/\/www.sfaltea.com\/wp-content\/uploads\/elementor\/thumbs\/coralsfa-pb0pzvnm1w06dthwfckljtl1lm068winkit5f22rxe.jpg\" title=\"coralsfa\" alt=\"coralsfa\" \/>\t\t\t\t\t\t\t\t\t\t\t\t\t\t\t<\/div>\n\t\t\t\t<\/div>\n\t\t\t\t\t<\/div>\n\t\t<\/div>\n\t\t\t\t\t\t\t<\/div>\n\t\t<\/section>\n\t\t\t\t<section class=\"elementor-section elementor-top-section elementor-element elementor-element-1966ba5 elementor-section-boxed elementor-section-height-default elementor-section-height-default\" data-id=\"1966ba5\" data-element_type=\"section\">\n\t\t\t\t\t\t<div class=\"elementor-container elementor-column-gap-default\">\n\t\t\t\t\t<div class=\"elementor-column elementor-col-100 elementor-top-column elementor-element elementor-element-07441fd\" data-id=\"07441fd\" data-element_type=\"column\">\n\t\t\t<div class=\"elementor-widget-wrap elementor-element-populated\">\n\t\t\t\t\t\t\t\t<div class=\"elementor-element elementor-element-900c3b1 elementor-widget elementor-widget-spacer\" data-id=\"900c3b1\" data-element_type=\"widget\" data-widget_type=\"spacer.default\">\n\t\t\t\t<div class=\"elementor-widget-container\">\n\t\t\t\t\t<div class=\"elementor-spacer\">\n\t\t\t<div class=\"elementor-spacer-inner\"><\/div>\n\t\t<\/div>\n\t\t\t\t<\/div>\n\t\t\t\t<\/div>\n\t\t\t\t\t<\/div>\n\t\t<\/div>\n\t\t\t\t\t\t\t<\/div>\n\t\t<\/section>\n\t\t\t\t<section class=\"elementor-section elementor-top-section elementor-element elementor-element-5251c3a elementor-section-boxed elementor-section-height-default elementor-section-height-default\" data-id=\"5251c3a\" data-element_type=\"section\">\n\t\t\t\t\t\t<div class=\"elementor-container elementor-column-gap-default\">\n\t\t\t\t\t<div class=\"elementor-column elementor-col-100 elementor-top-column elementor-element elementor-element-c54c06a\" data-id=\"c54c06a\" data-element_type=\"column\">\n\t\t\t<div class=\"elementor-widget-wrap elementor-element-populated\">\n\t\t\t\t\t\t\t\t<div class=\"elementor-element elementor-element-f125c2c elementor-widget elementor-widget-text-editor\" data-id=\"f125c2c\" data-element_type=\"widget\" data-widget_type=\"text-editor.default\">\n\t\t\t\t<div class=\"elementor-widget-container\">\n\t\t\t\t\t\t\t<p>Se forma en el seno de la entidad cultural centenaria de Altea, la Sociedad Filarm\u00f3nica Alteanense, que el 1990 consigue formar esta agrupaci\u00f3n coral estable la cual iniciar\u00eda su actividad con la participaci\u00f3n en las Jornadas Musicales en honor a Santa Cecilia que organiza anualmente la Sociedad Filarm\u00f3nica Alteanense.<br \/><br \/>Desde entonces la agrupaci\u00f3n ha venido realizando una serie de conciertos anuales y otros extraordinarios, equipar\u00e1ndose en actividad a una de sus hermanas de la Entidad, la banda sinf\u00f3nica de la Sociedad Filarm\u00f3nica Alteanense.<br \/><br \/>Al margen de sus conciertos ordinarios, que se realizan en cada estaci\u00f3n del a\u00f1o, la coral organiza desde 1997 el Festival de Corales de Altea y participa en numerosos actos lit\u00fargicos de la comarca, as\u00ed como realiza peri\u00f3dicamente giras y conciertos por toda la geograf\u00eda espa\u00f1ola, as\u00ed como diversos pa\u00edses del extranjero. En 1994 y 95, realiz\u00f3 giras de conciertos por Galicia y Francia con la Banda Sinf\u00f3nica y la Orquesta de la Sociedad Filarm\u00f3nica Alteanense. En julio de 1995 particip\u00f3 en el Certamen Internacional de Coros de Preveza (Grecia), junto a importantes corales rumanas, b\u00falgaras y rusas, obteniendo el tercer premio. En noviembre de 1996 fue invitada a participar en el I Festival de Corales que se celebra en la Casa de Campo de Madrid. En febrero de 1998, obtuvo el segundo premio en el I Certamen de Corales Villa de Potries. En diciembre de 1999 participa en el Festival Internacional de Santiago de Cuba. En agosto de 2003 fue invitada a una gira por Noruega. Posteriormente, ha realizado conciertos y ha asistido a diversos festivales, de entre los que cabe destacar Castell\u00f3n y Villena, en 2004; Palam\u00f3s (Girona) y Cullera, en 2005; Zaragoza, Cudillero (Asturias) y Burjassot, en 2006; Monasterio del Puig (Valencia), en 2007; Godella y San Juan de Alicante, en 2008; Villaca\u00f1as (Toledo) y la participaci\u00f3n en la Conmemoraci\u00f3n del Himno Valenciano en Valencia, en 2009; El Escorial (Madrid), en 2010.<br \/><br \/>Asimismo, colabora activamente en los festejos locales, cantando en multitud de misas de las fiestas, as\u00ed como en los actos de la Semana Santa y de las Jornadas Musicales en Honor a Santa Cecilia. Asimismo, dise\u00f1a peri\u00f3dicamente conciertos tem\u00e1ticos, en los que, entre otros, en 2011 se puso a escena el Gloria de Vivaldi y en 2012 el Magn\u00edficat de Pergolesi, con la participaci\u00f3n, en diversos conciertos de estos, de otras agrupaciones estables de la Entidad, como la Orquesta de C\u00e1mara o la Banda Sinf\u00f3nica de la Sociedad Filarm\u00f3nica Alteanense. Tambi\u00e9n ha colaborado con la Orquesta Pro-M\u00fasica de Muchamiel y la Banda Municipal de Alicante<\/p>\t\t\t\t\t\t<\/div>\n\t\t\t\t<\/div>\n\t\t\t\t\t<\/div>\n\t\t<\/div>\n\t\t\t\t\t\t\t<\/div>\n\t\t<\/section>\n\t\t\t\t\t\t<\/div>\n\t\t\t\t\t<\/div>\n\t\t","protected":false},"excerpt":{"rendered":"<p>\ud83e\udc78VOLVER Se forma en el seno de la entidad cultural centenaria de Altea, la Sociedad Filarm\u00f3nica Alteanense, que el 1990 consigue formar esta agrupaci\u00f3n coral estable la cual iniciar\u00eda su &#8230;<\/p>\n","protected":false},"author":1,"featured_media":0,"parent":0,"menu_order":0,"comment_status":"closed","ping_status":"closed","template":"template-layout-full-width.php","meta":[],"_links":{"self":[{"href":"https:\/\/www.sfaltea.com\/es\/wp-json\/wp\/v2\/pages\/1878"}],"collection":[{"href":"https:\/\/www.sfaltea.com\/es\/wp-json\/wp\/v2\/pages"}],"about":[{"href":"https:\/\/www.sfaltea.com\/es\/wp-json\/wp\/v2\/types\/page"}],"author":[{"embeddable":true,"href":"https:\/\/www.sfaltea.com\/es\/wp-json\/wp\/v2\/users\/1"}],"replies":[{"embeddable":true,"href":"https:\/\/www.sfaltea.com\/es\/wp-json\/wp\/v2\/comments?post=1878"}],"version-history":[{"count":10,"href":"https:\/\/www.sfaltea.com\/es\/wp-json\/wp\/v2\/pages\/1878\/revisions"}],"predecessor-version":[{"id":3146,"href":"https:\/\/www.sfaltea.com\/es\/wp-json\/wp\/v2\/pages\/1878\/revisions\/3146"}],"wp:attachment":[{"href":"https:\/\/www.sfaltea.com\/es\/wp-json\/wp\/v2\/media?parent=1878"}],"curies":[{"name":"wp","href":"https:\/\/api.w.org\/{rel}","templated":true}]}}