{"id":1882,"date":"2021-08-02T10:49:26","date_gmt":"2021-08-02T10:49:26","guid":{"rendered":"http:\/\/sfaltea.com\/director-de-la-coral-polifonica-de-la-sfa\/"},"modified":"2023-05-10T17:14:10","modified_gmt":"2023-05-10T17:14:10","slug":"director-coral","status":"publish","type":"page","link":"https:\/\/www.sfaltea.com\/es\/director-coral\/","title":{"rendered":"Director de la Coral Polif\u00f3nica de la SFA"},"content":{"rendered":"\t\t<div data-elementor-type=\"wp-page\" data-elementor-id=\"1882\" class=\"elementor elementor-1882\" data-elementor-settings=\"[]\">\n\t\t\t\t\t\t\t<div class=\"elementor-section-wrap\">\n\t\t\t\t\t\t\t<section class=\"elementor-section elementor-top-section elementor-element elementor-element-4a47282 elementor-section-boxed elementor-section-height-default elementor-section-height-default\" data-id=\"4a47282\" data-element_type=\"section\">\n\t\t\t\t\t\t<div class=\"elementor-container elementor-column-gap-default\">\n\t\t\t\t\t<div class=\"elementor-column elementor-col-100 elementor-top-column elementor-element elementor-element-61b0180\" data-id=\"61b0180\" data-element_type=\"column\">\n\t\t\t<div class=\"elementor-widget-wrap elementor-element-populated\">\n\t\t\t\t\t\t\t\t<div class=\"elementor-element elementor-element-0fca7c4 elementor-widget elementor-widget-text-editor\" data-id=\"0fca7c4\" data-element_type=\"widget\" data-widget_type=\"text-editor.default\">\n\t\t\t\t<div class=\"elementor-widget-container\">\n\t\t\t\t\t\t\t<p><a href=\"http:\/\/sfaltea.com\/es\/coral\/\">\ud83e\udc78VOLVER<\/a><\/p><p><br><\/p>\t\t\t\t\t\t<\/div>\n\t\t\t\t<\/div>\n\t\t\t\t\t<\/div>\n\t\t<\/div>\n\t\t\t\t\t\t\t<\/div>\n\t\t<\/section>\n\t\t\t\t<section class=\"elementor-section elementor-top-section elementor-element elementor-element-9898deb elementor-section-boxed elementor-section-height-default elementor-section-height-default\" data-id=\"9898deb\" data-element_type=\"section\">\n\t\t\t\t\t\t<div class=\"elementor-container elementor-column-gap-default\">\n\t\t\t\t\t<div class=\"elementor-column elementor-col-100 elementor-top-column elementor-element elementor-element-7ec3e86\" data-id=\"7ec3e86\" data-element_type=\"column\">\n\t\t\t<div class=\"elementor-widget-wrap elementor-element-populated\">\n\t\t\t\t\t\t\t\t<div class=\"elementor-element elementor-element-7301852 elementor-widget elementor-widget-heading\" data-id=\"7301852\" data-element_type=\"widget\" data-widget_type=\"heading.default\">\n\t\t\t\t<div class=\"elementor-widget-container\">\n\t\t\t<h3 class=\"elementor-heading-title elementor-size-default\">Guillem Ronda Vidal<\/h3>\t\t<\/div>\n\t\t\t\t<\/div>\n\t\t\t\t\t<\/div>\n\t\t<\/div>\n\t\t\t\t\t\t\t<\/div>\n\t\t<\/section>\n\t\t\t\t<section class=\"elementor-section elementor-top-section elementor-element elementor-element-13e57af elementor-section-boxed elementor-section-height-default elementor-section-height-default\" data-id=\"13e57af\" data-element_type=\"section\">\n\t\t\t\t\t\t<div class=\"elementor-container elementor-column-gap-default\">\n\t\t\t\t\t<div class=\"elementor-column elementor-col-100 elementor-top-column elementor-element elementor-element-e4c43ff\" data-id=\"e4c43ff\" data-element_type=\"column\">\n\t\t\t<div class=\"elementor-widget-wrap elementor-element-populated\">\n\t\t\t\t\t\t\t\t<div class=\"elementor-element elementor-element-004cce2 elementor-widget elementor-widget-text-editor\" data-id=\"004cce2\" data-element_type=\"widget\" data-widget_type=\"text-editor.default\">\n\t\t\t\t<div class=\"elementor-widget-container\">\n\t\t\t\t\t\t\t<p><img loading=\"lazy\" class=\"size-full wp-image-774 alignright\" src=\"http:\/\/sfaltea.com\/wp-content\/uploads\/2021\/08\/guillem.jpg\" alt=\"\" width=\"291\" height=\"378\" srcset=\"https:\/\/www.sfaltea.com\/wp-content\/uploads\/2021\/08\/guillem.jpg 291w, https:\/\/www.sfaltea.com\/wp-content\/uploads\/2021\/08\/guillem-231x300.jpg 231w, https:\/\/www.sfaltea.com\/wp-content\/uploads\/2021\/08\/guillem-100x130.jpg 100w\" sizes=\"(max-width: 291px) 100vw, 291px\" \/>Guillem Ronda Vidal nace en Altea (Alicante) donde empieza sus estudios musicales en la Sociedad Filarm\u00f3nica Alteanense.<\/p><p>M\u00e1s tarde ingresa al Conservatorio Municipal Profesional de Altea en el cual cursa el Grado Profesional de M\u00fasica en la especialidad de Percusi\u00f3n, siente su profesor Jos\u00e9 Mar\u00eda Navarro Forni\u00e9s. A continuaci\u00f3n, realiza los Estudios Superiores de Direcci\u00f3n de Banda, Orquesta y Coro al Conservatorio Superior de M\u00fasica de Castilla-La Mancha, con los profesores Pablo Marqu\u00e9s Mestre, Rafael Garc\u00eda Vidal i Nuria Fern\u00e1ndez Herranz, donde ha dirigido recientemente la Banda Sinf\u00f3nica Municipal de Albacete.<\/p><p>Paralelamente, ampl\u00eda sus estudios de Direcci\u00f3n de Orquesta con Alejandro Posada (Colombia) y Miguel Etchegoncelay (Argentina). Ha realizado distintos cursos y masterclass de Direcci\u00f3n de Banda con Frank de Vuyst (B\u00e9lgica), Jan Cober (Holanda) y Douglas Bostock (Inglaterra) entre otras.<\/p><p>Actualmente, estudia Composici\u00f3n al Conservatorio Superior de M\u00fasica \u201cJoaqu\u00edn Rodrigo\u201d de Valencia con los profesores Andr\u00e9s Valero-Castells y Voro Garc\u00eda. Tiene diferentes obras de varios estilos para piano, coro, grupos de viento, cuerda y percusi\u00f3n, adem\u00e1s de arreglos, orquestaciones y transcripciones para banda.<\/p><p>Desde marzo del 2020 es el director de la Coral Polif\u00f3nica de la Sociedad Filarm\u00f3nica Alteanense.<\/p>\t\t\t\t\t\t<\/div>\n\t\t\t\t<\/div>\n\t\t\t\t\t<\/div>\n\t\t<\/div>\n\t\t\t\t\t\t\t<\/div>\n\t\t<\/section>\n\t\t\t\t\t\t<\/div>\n\t\t\t\t\t<\/div>\n\t\t","protected":false},"excerpt":{"rendered":"<p>\ud83e\udc78VOLVER Guillem Ronda Vidal Guillem Ronda Vidal nace en Altea (Alicante) donde empieza sus estudios musicales en la Sociedad Filarm\u00f3nica Alteanense. M\u00e1s tarde ingresa al Conservatorio Municipal Profesional de Altea &#8230;<\/p>\n","protected":false},"author":1,"featured_media":0,"parent":0,"menu_order":0,"comment_status":"closed","ping_status":"closed","template":"template-layout-full-width.php","meta":[],"_links":{"self":[{"href":"https:\/\/www.sfaltea.com\/es\/wp-json\/wp\/v2\/pages\/1882"}],"collection":[{"href":"https:\/\/www.sfaltea.com\/es\/wp-json\/wp\/v2\/pages"}],"about":[{"href":"https:\/\/www.sfaltea.com\/es\/wp-json\/wp\/v2\/types\/page"}],"author":[{"embeddable":true,"href":"https:\/\/www.sfaltea.com\/es\/wp-json\/wp\/v2\/users\/1"}],"replies":[{"embeddable":true,"href":"https:\/\/www.sfaltea.com\/es\/wp-json\/wp\/v2\/comments?post=1882"}],"version-history":[{"count":22,"href":"https:\/\/www.sfaltea.com\/es\/wp-json\/wp\/v2\/pages\/1882\/revisions"}],"predecessor-version":[{"id":3150,"href":"https:\/\/www.sfaltea.com\/es\/wp-json\/wp\/v2\/pages\/1882\/revisions\/3150"}],"wp:attachment":[{"href":"https:\/\/www.sfaltea.com\/es\/wp-json\/wp\/v2\/media?parent=1882"}],"curies":[{"name":"wp","href":"https:\/\/api.w.org\/{rel}","templated":true}]}}