{"id":1901,"date":"2021-08-02T11:22:41","date_gmt":"2021-08-02T11:22:41","guid":{"rendered":"http:\/\/sfaltea.com\/componentes-de-la-coral-polifonica-de-la-sfa\/"},"modified":"2025-03-17T18:01:20","modified_gmt":"2025-03-17T17:01:20","slug":"components-coral","status":"publish","type":"page","link":"https:\/\/www.sfaltea.com\/es\/components-coral\/","title":{"rendered":"Componentes de la Coral Polif\u00f3nica de la SFA"},"content":{"rendered":"\t\t<div data-elementor-type=\"wp-page\" data-elementor-id=\"1901\" class=\"elementor elementor-1901\" data-elementor-settings=\"[]\">\n\t\t\t\t\t\t\t<div class=\"elementor-section-wrap\">\n\t\t\t\t\t\t\t<section class=\"elementor-section elementor-top-section elementor-element elementor-element-91195c2 elementor-section-boxed elementor-section-height-default elementor-section-height-default\" data-id=\"91195c2\" data-element_type=\"section\">\n\t\t\t\t\t\t<div class=\"elementor-container elementor-column-gap-default\">\n\t\t\t\t\t<div class=\"elementor-column elementor-col-100 elementor-top-column elementor-element elementor-element-f601d9d\" data-id=\"f601d9d\" data-element_type=\"column\">\n\t\t\t<div class=\"elementor-widget-wrap elementor-element-populated\">\n\t\t\t\t\t\t\t\t<div class=\"elementor-element elementor-element-77a21e2 elementor-widget elementor-widget-text-editor\" data-id=\"77a21e2\" data-element_type=\"widget\" data-widget_type=\"text-editor.default\">\n\t\t\t\t<div class=\"elementor-widget-container\">\n\t\t\t\t\t\t\t<p><a href=\"http:\/\/sfaltea.com\/es\/coral\/\">\ud83e\udc78VOLVER<\/a><\/p>\t\t\t\t\t\t<\/div>\n\t\t\t\t<\/div>\n\t\t\t\t\t<\/div>\n\t\t<\/div>\n\t\t\t\t\t\t\t<\/div>\n\t\t<\/section>\n\t\t\t\t<section class=\"elementor-section elementor-top-section elementor-element elementor-element-a542a84 elementor-section-boxed elementor-section-height-default elementor-section-height-default\" data-id=\"a542a84\" data-element_type=\"section\">\n\t\t\t\t\t\t<div class=\"elementor-container elementor-column-gap-default\">\n\t\t\t\t\t<div class=\"elementor-column elementor-col-100 elementor-top-column elementor-element elementor-element-7147814\" data-id=\"7147814\" data-element_type=\"column\">\n\t\t\t<div class=\"elementor-widget-wrap elementor-element-populated\">\n\t\t\t\t\t\t\t\t<div class=\"elementor-element elementor-element-c0e2c62 elementor-widget elementor-widget-text-editor\" data-id=\"c0e2c62\" data-element_type=\"widget\" data-widget_type=\"text-editor.default\">\n\t\t\t\t<div class=\"elementor-widget-container\">\n\t\t\t\t\t\t\t<h4 style=\"text-align: center;\"><span style=\"color: #00ccff;\"><em><strong>Director<\/strong><\/em><\/span><\/h4><p style=\"text-align: center;\">GUILLEM RONDA VIDAL<\/p><hr \/><h5 style=\"text-align: center;\"><span style=\"color: #00ccff;\"><em><strong>Sopranos<\/strong><\/em><\/span><\/h5><p style=\"text-align: center;\">ALEXANDRE AMORES, MARISOL<br \/>AZNAR ALVADO, CONCHA<br \/>CORTES ORTU\u00d1O, INMA<br \/>GARRIDO CABELLO, PATRICIA<br \/>GONZALEZ, MILA<br \/>JUKIC, ROSEMARY<br \/>LARKIN, ANTONIA<br \/>LLOPIS SANZ, MARINA<br \/>MALLEUS, EVA<br \/>MAR\u00cdN, MARISA<br \/>MARTINEZ, TRINI<br \/>ORTU\u00d1O BERTOMEU, INMACULADA<br \/>OSTERLOLE, CAREN<br \/>P\u00c9REZ MART\u00cd, GEMMA<br \/>PEREZ RIPOLL, \u00c0NGELA<br \/>RIQUELME, LORETO<br \/>SELLES GUARINOS, M\u00aa ANGELES<br \/>SERRAT ALVADO, MANOLI<br \/>SUCH ZARAGOZ\u00cd, \u00c0NGELA<\/p><hr \/><h5 style=\"text-align: center;\"><span style=\"color: #00ccff;\"><em><strong>Contraltos<\/strong><\/em><\/span><\/h5><p style=\"text-align: center;\">\u00c1LVAREZ, M\u00aa CARMEN<br \/>ARIAS, PILAR<br \/>BLASCO ARGENTI, EVA<br \/>BUIGUES, ROSA<br \/>CONGOST, FINA<br \/>CORTES ORTU\u00d1O, MARUJA<br \/>FALGAS ALVADO, ANNA<br \/>FUSTER MART\u00cdNEZ, MERCEDES<br \/>GARCIA ALDAZ, MARISA<br \/>GIOMAVI P\u00c9REZ, MARUJA<br \/>JUNQUERA, BARBARA<br \/>LE\u00d3N, ANA<br \/>LLORET LLORENS, MARIA ISABEL<br \/>MART\u00cdNEZ, MAGDALENA<br \/>MULET, PAQUITA<br \/>PERDREAUVILLE, CYNTHIA<br \/>PEREZ GREGORI, FRANCISCA<br \/>PEREZ PEREZ, PEPA<br \/>RIERA LLORCA, MARIA<br \/>SANCHEZ, MARUJA<br \/>SCHOTT, MARGARET<br \/>SELLES ZARAGOZI, ANTONIA<br \/>TECLES, PEPA<br \/>TOVAR MORAN, CONSUELO<br \/>WIEDERMANNOVA, MANUELA<br \/>WILLIAMS, MARTA<\/p><hr \/><h5 style=\"text-align: center;\"><span style=\"color: #00ccff;\"><em><strong>Tenores<\/strong><\/em><\/span><\/h5><p style=\"text-align: center;\">AZNAR ALVADO, DIEGO<br \/>AZNAR, DIEGO<br \/>DEVESA CRESPO, XIMO<br \/>DURA RIPOLL, JUAN<br \/>GUZMAN RIPOLL, JOSE<br \/>MARTINEZ LAVIOS, BAUTISTA<br \/>MIRA, EUGENIO ESTEVE<br \/>PEREZ GARCIA, CARLOS<br \/>RIPOLL MARTINS, JAIME FRANCISCO<br \/>SOSA PINTADO, ANA MARIS<br \/>VALLS IZQUIERDO, MANEL<br \/>ZARAGOZI MULET, JACINTO<\/p><hr \/><h5 style=\"text-align: center;\"><span style=\"color: #00ccff;\"><i>Bajos<\/i><\/span><\/h5><p style=\"text-align: center;\">FAYOS PUIG ,ALEX<br \/>ALVADO FRESNEDA, LUIS<br \/>AZCARATE, JULIO<br \/>GUIU BLADE, \u00d3SCAR<br \/>LEROY, OMER<br \/>LLOBELL ORTIZ, VICENTE<br \/>SOLER PIC\u00d3, JAIME<br \/>VALERA, MIGUEL<\/p>\t\t\t\t\t\t<\/div>\n\t\t\t\t<\/div>\n\t\t\t\t\t<\/div>\n\t\t<\/div>\n\t\t\t\t\t\t\t<\/div>\n\t\t<\/section>\n\t\t\t\t<section class=\"elementor-section elementor-top-section elementor-element elementor-element-c91e4f4 elementor-section-boxed elementor-section-height-default elementor-section-height-default\" data-id=\"c91e4f4\" data-element_type=\"section\">\n\t\t\t\t\t\t<div class=\"elementor-container elementor-column-gap-default\">\n\t\t\t\t\t<div class=\"elementor-column elementor-col-100 elementor-top-column elementor-element elementor-element-59d9bce\" data-id=\"59d9bce\" data-element_type=\"column\">\n\t\t\t<div class=\"elementor-widget-wrap elementor-element-populated\">\n\t\t\t\t\t\t\t\t<div class=\"elementor-element elementor-element-a41e0f8 elementor-widget elementor-widget-image\" data-id=\"a41e0f8\" data-element_type=\"widget\" data-widget_type=\"image.default\">\n\t\t\t\t<div class=\"elementor-widget-container\">\n\t\t\t\t\t\t\t\t\t\t\t\t<figure class=\"wp-caption\">\n\t\t\t\t\t\t\t\t\t\t\t<a href=\"http:\/\/sfaltea.com\/wp-content\/uploads\/2023\/04\/fest-cors.jpg\" data-elementor-open-lightbox=\"yes\" data-elementor-lightbox-title=\"fest cors\" e-action-hash=\"#elementor-action%3Aaction%3Dlightbox%26settings%3DeyJpZCI6MjM0NiwidXJsIjoiaHR0cHM6XC9cL3d3dy5zZmFsdGVhLmNvbVwvd3AtY29udGVudFwvdXBsb2Fkc1wvMjAyM1wvMDRcL2Zlc3QtY29ycy5qcGcifQ%3D%3D\">\n\t\t\t\t\t\t\t<img src=\"https:\/\/www.sfaltea.com\/wp-content\/uploads\/elementor\/thumbs\/fest-cors-q5hwmhgi43sqg4jpkt9aabe55gj551zv98w3fgk6d0.jpg\" title=\"fest cors\" alt=\"fest cors\" \/>\t\t\t\t\t\t\t\t<\/a>\n\t\t\t\t\t\t\t\t\t\t\t<figcaption class=\"widget-image-caption wp-caption-text\">Pulsa sobre la imagen para ampliar<\/figcaption>\n\t\t\t\t\t\t\t\t\t\t<\/figure>\n\t\t\t\t\t\t\t\t\t<\/div>\n\t\t\t\t<\/div>\n\t\t\t\t\t<\/div>\n\t\t<\/div>\n\t\t\t\t\t\t\t<\/div>\n\t\t<\/section>\n\t\t\t\t\t\t<\/div>\n\t\t\t\t\t<\/div>\n\t\t","protected":false},"excerpt":{"rendered":"<p>\ud83e\udc78VOLVER Director GUILLEM RONDA VIDAL Sopranos ALEXANDRE AMORES, MARISOLAZNAR ALVADO, CONCHACORTES ORTU\u00d1O, INMAGARRIDO CABELLO, PATRICIAGONZALEZ, MILAJUKIC, ROSEMARYLARKIN, ANTONIALLOPIS SANZ, MARINAMALLEUS, EVAMAR\u00cdN, MARISAMARTINEZ, TRINIORTU\u00d1O BERTOMEU, INMACULADAOSTERLOLE, CARENP\u00c9REZ MART\u00cd, GEMMAPEREZ RIPOLL, \u00c0NGELARIQUELME, &#8230;<\/p>\n","protected":false},"author":1,"featured_media":0,"parent":0,"menu_order":0,"comment_status":"closed","ping_status":"closed","template":"template-layout-full-width.php","meta":[],"_links":{"self":[{"href":"https:\/\/www.sfaltea.com\/es\/wp-json\/wp\/v2\/pages\/1901"}],"collection":[{"href":"https:\/\/www.sfaltea.com\/es\/wp-json\/wp\/v2\/pages"}],"about":[{"href":"https:\/\/www.sfaltea.com\/es\/wp-json\/wp\/v2\/types\/page"}],"author":[{"embeddable":true,"href":"https:\/\/www.sfaltea.com\/es\/wp-json\/wp\/v2\/users\/1"}],"replies":[{"embeddable":true,"href":"https:\/\/www.sfaltea.com\/es\/wp-json\/wp\/v2\/comments?post=1901"}],"version-history":[{"count":28,"href":"https:\/\/www.sfaltea.com\/es\/wp-json\/wp\/v2\/pages\/1901\/revisions"}],"predecessor-version":[{"id":4710,"href":"https:\/\/www.sfaltea.com\/es\/wp-json\/wp\/v2\/pages\/1901\/revisions\/4710"}],"wp:attachment":[{"href":"https:\/\/www.sfaltea.com\/es\/wp-json\/wp\/v2\/media?parent=1901"}],"curies":[{"name":"wp","href":"https:\/\/api.w.org\/{rel}","templated":true}]}}