{"id":1957,"date":"2021-08-03T10:54:29","date_gmt":"2021-08-03T10:54:29","guid":{"rendered":"http:\/\/sfaltea.com\/historia-de-la-orquesta-de-pulso-y-pua\/"},"modified":"2023-05-11T09:05:05","modified_gmt":"2023-05-11T09:05:05","slug":"historia-opp","status":"publish","type":"page","link":"https:\/\/www.sfaltea.com\/es\/historia-opp\/","title":{"rendered":"Historia de la Orquesta de Pulso y P\u00faa"},"content":{"rendered":"\t\t<div data-elementor-type=\"wp-page\" data-elementor-id=\"1957\" class=\"elementor elementor-1957\" data-elementor-settings=\"[]\">\n\t\t\t\t\t\t\t<div class=\"elementor-section-wrap\">\n\t\t\t\t\t\t\t<section class=\"elementor-section elementor-top-section elementor-element elementor-element-dacab5d elementor-section-boxed elementor-section-height-default elementor-section-height-default\" data-id=\"dacab5d\" data-element_type=\"section\">\n\t\t\t\t\t\t<div class=\"elementor-container elementor-column-gap-default\">\n\t\t\t\t\t<div class=\"elementor-column elementor-col-100 elementor-top-column elementor-element elementor-element-c067ce4\" data-id=\"c067ce4\" data-element_type=\"column\">\n\t\t\t<div class=\"elementor-widget-wrap elementor-element-populated\">\n\t\t\t\t\t\t\t\t<div class=\"elementor-element elementor-element-f23d69d elementor-widget elementor-widget-text-editor\" data-id=\"f23d69d\" data-element_type=\"widget\" data-widget_type=\"text-editor.default\">\n\t\t\t\t<div class=\"elementor-widget-container\">\n\t\t\t\t\t\t\t<p><a href=\"http:\/\/sfaltea.com\/es\/opp\">\ud83e\udc78VOLVER<\/a><\/p>\t\t\t\t\t\t<\/div>\n\t\t\t\t<\/div>\n\t\t\t\t\t<\/div>\n\t\t<\/div>\n\t\t\t\t\t\t\t<\/div>\n\t\t<\/section>\n\t\t\t\t<section class=\"elementor-section elementor-top-section elementor-element elementor-element-5c1420d elementor-section-boxed elementor-section-height-default elementor-section-height-default\" data-id=\"5c1420d\" data-element_type=\"section\">\n\t\t\t\t\t\t<div class=\"elementor-container elementor-column-gap-default\">\n\t\t\t\t\t<div class=\"elementor-column elementor-col-100 elementor-top-column elementor-element elementor-element-da5618e\" data-id=\"da5618e\" data-element_type=\"column\">\n\t\t\t<div class=\"elementor-widget-wrap elementor-element-populated\">\n\t\t\t\t\t\t\t\t<div class=\"elementor-element elementor-element-09d27a7 elementor-widget elementor-widget-image\" data-id=\"09d27a7\" data-element_type=\"widget\" data-widget_type=\"image.default\">\n\t\t\t\t<div class=\"elementor-widget-container\">\n\t\t\t\t\t\t\t\t\t\t\t\t\t\t\t<img src=\"https:\/\/www.sfaltea.com\/wp-content\/uploads\/elementor\/thumbs\/opp-pb2h6aqt17ih6bryez9bcdojixokf2syluo6rbru1u.jpg\" title=\"opp\" alt=\"opp\" \/>\t\t\t\t\t\t\t\t\t\t\t\t\t\t\t<\/div>\n\t\t\t\t<\/div>\n\t\t\t\t\t<\/div>\n\t\t<\/div>\n\t\t\t\t\t\t\t<\/div>\n\t\t<\/section>\n\t\t\t\t<section class=\"elementor-section elementor-top-section elementor-element elementor-element-b44a94a elementor-section-boxed elementor-section-height-default elementor-section-height-default\" data-id=\"b44a94a\" data-element_type=\"section\">\n\t\t\t\t\t\t<div class=\"elementor-container elementor-column-gap-default\">\n\t\t\t\t\t<div class=\"elementor-column elementor-col-100 elementor-top-column elementor-element elementor-element-6838175\" data-id=\"6838175\" data-element_type=\"column\">\n\t\t\t<div class=\"elementor-widget-wrap elementor-element-populated\">\n\t\t\t\t\t\t\t\t<div class=\"elementor-element elementor-element-e359387 elementor-widget elementor-widget-text-editor\" data-id=\"e359387\" data-element_type=\"widget\" data-widget_type=\"text-editor.default\">\n\t\t\t\t<div class=\"elementor-widget-container\">\n\t\t\t\t\t\t\t<p>OR\u00cdGENES<br \/>La actual Orquesta de Pulo y P\u00faa de la Sociedad Filarm\u00f3nica Alteanense se constituy\u00f3 el 1991 y formalmente en agosto de 1992 con la denominaci\u00f3n inicial de Rondalla Bernia y bajo la presidencia de Jaime Alvado P\u00e9rez quien, con la uni\u00f3n de un grupo de amigos, satisfacen sus inquietudes musicales por medio de los instrumentos tradicionales de bandurria, la\u00fad, mandolina y guitarra. La orquesta recoge la vieja tradici\u00f3n rondallista de la agrupaci\u00f3n dirigida en los a\u00f1os sesenta por el recordado Jos\u00e9 Ortiz (Pepito Perolo) . El a\u00f1o 2001 se integr\u00f3 en la Sociedad Filarm\u00f3nica Alteanense.<\/p><p>DIRECTORES<br \/>Han sido directores de la orquesta Francisco P\u00e9rez Lapera, Miguel \u00c1ngel Rodr\u00edguez y, actualmente, Ra\u00fal Mahiques Canet.<\/p><p>COMPOSICI\u00d3N<br \/>La orquesta est\u00e1 formada por veinte m\u00fasicos: 7 band\u00farrias, 2 mandolinas, 3 laudes, 7 guitarras y 1 contrabajo.<\/p><p>PARTICIPACI\u00d3N<br \/>Ha realizado actuaciones en numerosas poblaciones de la Comunidad Valenciana y en Aurillac (Francia). Ha participado en festivales con otras orquestas, principalmente valencianas y catalanas. Ha dado conciertos conjuntamente con agrupaciones de c\u00e1mara, solistas de instrumentos de viento-madera y agrupaciones coralistas. En teatros, iglesias, centros regionales y educativos, en recintos feriales y en establecimientos oficiales y privados ha dejado reconocidas muestres de su buen oficio.<\/p><p>REPERTORIO<br \/>En su repertorio figuran obras de Mozart, Bockau, Fackler, H\u00fcbert, Barbieri o G. Gim\u00e9nez, tanto piezas tradicionales de m\u00fasica propia de pulso y p\u00faa como tambi\u00e9n transcripciones y arreglos de m\u00fasica de c\u00e1mara y popular.<\/p><p>Diversos de sus solistas integran la orquesta de Pulso y P\u00faa de la Federaci\u00f3n.<\/p>\t\t\t\t\t\t<\/div>\n\t\t\t\t<\/div>\n\t\t\t\t\t<\/div>\n\t\t<\/div>\n\t\t\t\t\t\t\t<\/div>\n\t\t<\/section>\n\t\t\t\t\t\t<\/div>\n\t\t\t\t\t<\/div>\n\t\t","protected":false},"excerpt":{"rendered":"<p>\ud83e\udc78VOLVER OR\u00cdGENESLa actual Orquesta de Pulo y P\u00faa de la Sociedad Filarm\u00f3nica Alteanense se constituy\u00f3 el 1991 y formalmente en agosto de 1992 con la denominaci\u00f3n inicial de Rondalla Bernia &#8230;<\/p>\n","protected":false},"author":1,"featured_media":0,"parent":0,"menu_order":0,"comment_status":"closed","ping_status":"closed","template":"template-layout-full-width.php","meta":[],"_links":{"self":[{"href":"https:\/\/www.sfaltea.com\/es\/wp-json\/wp\/v2\/pages\/1957"}],"collection":[{"href":"https:\/\/www.sfaltea.com\/es\/wp-json\/wp\/v2\/pages"}],"about":[{"href":"https:\/\/www.sfaltea.com\/es\/wp-json\/wp\/v2\/types\/page"}],"author":[{"embeddable":true,"href":"https:\/\/www.sfaltea.com\/es\/wp-json\/wp\/v2\/users\/1"}],"replies":[{"embeddable":true,"href":"https:\/\/www.sfaltea.com\/es\/wp-json\/wp\/v2\/comments?post=1957"}],"version-history":[{"count":16,"href":"https:\/\/www.sfaltea.com\/es\/wp-json\/wp\/v2\/pages\/1957\/revisions"}],"predecessor-version":[{"id":3212,"href":"https:\/\/www.sfaltea.com\/es\/wp-json\/wp\/v2\/pages\/1957\/revisions\/3212"}],"wp:attachment":[{"href":"https:\/\/www.sfaltea.com\/es\/wp-json\/wp\/v2\/media?parent=1957"}],"curies":[{"name":"wp","href":"https:\/\/api.w.org\/{rel}","templated":true}]}}