{"id":1976,"date":"2021-08-09T10:43:37","date_gmt":"2021-08-09T10:43:37","guid":{"rendered":"http:\/\/sfaltea.com\/director-de-la-orquesta-de-pulso-y-pua\/"},"modified":"2023-05-11T09:09:49","modified_gmt":"2023-05-11T09:09:49","slug":"director-opp","status":"publish","type":"page","link":"https:\/\/www.sfaltea.com\/es\/director-opp\/","title":{"rendered":"Director de la Orquesta de Pulso y P\u00faa"},"content":{"rendered":"\t\t<div data-elementor-type=\"wp-page\" data-elementor-id=\"1976\" class=\"elementor elementor-1976\" data-elementor-settings=\"[]\">\n\t\t\t\t\t\t\t<div class=\"elementor-section-wrap\">\n\t\t\t\t\t\t\t<section class=\"elementor-section elementor-top-section elementor-element elementor-element-74ff1a8 elementor-section-boxed elementor-section-height-default elementor-section-height-default\" data-id=\"74ff1a8\" data-element_type=\"section\">\n\t\t\t\t\t\t<div class=\"elementor-container elementor-column-gap-default\">\n\t\t\t\t\t<div class=\"elementor-column elementor-col-100 elementor-top-column elementor-element elementor-element-d563e3e\" data-id=\"d563e3e\" data-element_type=\"column\">\n\t\t\t<div class=\"elementor-widget-wrap elementor-element-populated\">\n\t\t\t\t\t\t\t\t<div class=\"elementor-element elementor-element-83b80e4 elementor-widget elementor-widget-text-editor\" data-id=\"83b80e4\" data-element_type=\"widget\" data-widget_type=\"text-editor.default\">\n\t\t\t\t<div class=\"elementor-widget-container\">\n\t\t\t\t\t\t\t<p><a href=\"http:\/\/sfaltea.com\/es\/opp\">\ud83e\udc78VOLVER<\/a><\/p>\t\t\t\t\t\t<\/div>\n\t\t\t\t<\/div>\n\t\t\t\t\t<\/div>\n\t\t<\/div>\n\t\t\t\t\t\t\t<\/div>\n\t\t<\/section>\n\t\t\t\t<section class=\"elementor-section elementor-top-section elementor-element elementor-element-bb6250f elementor-section-boxed elementor-section-height-default elementor-section-height-default\" data-id=\"bb6250f\" data-element_type=\"section\">\n\t\t\t\t\t\t<div class=\"elementor-container elementor-column-gap-default\">\n\t\t\t\t\t<div class=\"elementor-column elementor-col-100 elementor-top-column elementor-element elementor-element-21b253e\" data-id=\"21b253e\" data-element_type=\"column\">\n\t\t\t<div class=\"elementor-widget-wrap elementor-element-populated\">\n\t\t\t\t\t\t\t\t<div class=\"elementor-element elementor-element-ee334ce elementor-widget elementor-widget-heading\" data-id=\"ee334ce\" data-element_type=\"widget\" data-widget_type=\"heading.default\">\n\t\t\t\t<div class=\"elementor-widget-container\">\n\t\t\t<h3 class=\"elementor-heading-title elementor-size-default\">Ra\u00fal Mahiques Canet<\/h3>\t\t<\/div>\n\t\t\t\t<\/div>\n\t\t\t\t\t<\/div>\n\t\t<\/div>\n\t\t\t\t\t\t\t<\/div>\n\t\t<\/section>\n\t\t\t\t<section class=\"elementor-section elementor-top-section elementor-element elementor-element-5323573 elementor-section-boxed elementor-section-height-default elementor-section-height-default\" data-id=\"5323573\" data-element_type=\"section\">\n\t\t\t\t\t\t<div class=\"elementor-container elementor-column-gap-default\">\n\t\t\t\t\t<div class=\"elementor-column elementor-col-100 elementor-top-column elementor-element elementor-element-4ae951e\" data-id=\"4ae951e\" data-element_type=\"column\">\n\t\t\t<div class=\"elementor-widget-wrap elementor-element-populated\">\n\t\t\t\t\t\t\t\t<div class=\"elementor-element elementor-element-80da533 elementor-widget elementor-widget-text-editor\" data-id=\"80da533\" data-element_type=\"widget\" data-widget_type=\"text-editor.default\">\n\t\t\t\t<div class=\"elementor-widget-container\">\n\t\t\t\t\t\t\t<p><img loading=\"lazy\" class=\"alignright wp-image-936\" src=\"http:\/\/sfaltea.com\/wp-content\/uploads\/2021\/08\/raul.jpg\" alt=\"\" width=\"254\" height=\"378\" srcset=\"https:\/\/www.sfaltea.com\/wp-content\/uploads\/2021\/08\/raul.jpg 200w, https:\/\/www.sfaltea.com\/wp-content\/uploads\/2021\/08\/raul-100x149.jpg 100w\" sizes=\"(max-width: 254px) 100vw, 254px\" \/>INICIOS<br \/>Naci\u00f3 en Pinet (Valencia) el 1964. Inicia sus estudios musicales en la Uni\u00f3n Musical de Benidorm con Rafael Domenech Pardo. Posteriormente se traslada en el Conservatorio Superior d&#8217;Alacant, donde estudia clarinete con Jes\u00fas Mula y Francisco Florido. El 1984 obtiene el t\u00edtulo superior de Clarinete y los Premios Extraordinarios de Grado Superior en la especialidad de Clarinete y Grado Medio en M\u00fasica de C\u00e1mara.<\/p><p>PARTICIPACI\u00d3N<br \/>Ha formado parte de varios grupos de c\u00e1mara, d\u00faos, tr\u00edos, cuartetos, quintillas, Orquesta del Conservatorio Superior de Alicante y del Grupo de M\u00fasica Contempor\u00e1nea Lucentum, dirigido por Joan Ginjoan y Adolfo Guti\u00e9rrez. Ha hecho tambi\u00e9n algunas grabaciones para RTVE y RNE. En la Escuola Superior Mozarteum de Salzburgo ha ampliado estudios con Alfred Prinz, en Francia con Walter Boeykens y con Guy Deplus, en Italia becado por el Ministerio de Educaci\u00f3n y Ciencia con Antony Pay y Karl Leister. En Espa\u00f1a, becado por la Joven Orquesta Nacional, estudia con Anton Weinberg y Christie Lundquist. Tambi\u00e9n ha ampliado formaci\u00f3n estudiante Armon\u00eda con Monserrat Bellas, Direcci\u00f3n de Orquesta con Francisco Cabrelles, Direcci\u00f3n Coral en el Centro Cultural La Caprella de L\u00e9rida y Pedagog\u00eda Musical ORFF con Jos Wuytack.<\/p><p>MAESTRO Y DIRECTOR<br \/>Ha sido seleccionado por la Generalidad Valenciana para impartir los cursos de Especializaci\u00f3n Musical para Maestros de Educaci\u00f3n Primaria. En la actualidad es profesor de Clarinete en el Conservatorio Profesional de Benidorm y en el Colegio Cooperativa Almedia de Callosa d&#8217;En Sarri\u00e0. Desde el a\u00f1o 1999 es director de l&#8217;Orquestra de Pulso y P\u00faa de la Sociedad Filarm\u00f3nica Alteanense.<\/p>\t\t\t\t\t\t<\/div>\n\t\t\t\t<\/div>\n\t\t\t\t\t<\/div>\n\t\t<\/div>\n\t\t\t\t\t\t\t<\/div>\n\t\t<\/section>\n\t\t\t\t\t\t<\/div>\n\t\t\t\t\t<\/div>\n\t\t","protected":false},"excerpt":{"rendered":"<p>\ud83e\udc78VOLVER Ra\u00fal Mahiques Canet INICIOSNaci\u00f3 en Pinet (Valencia) el 1964. Inicia sus estudios musicales en la Uni\u00f3n Musical de Benidorm con Rafael Domenech Pardo. Posteriormente se traslada en el Conservatorio &#8230;<\/p>\n","protected":false},"author":1,"featured_media":0,"parent":0,"menu_order":0,"comment_status":"closed","ping_status":"closed","template":"template-layout-full-width.php","meta":[],"_links":{"self":[{"href":"https:\/\/www.sfaltea.com\/es\/wp-json\/wp\/v2\/pages\/1976"}],"collection":[{"href":"https:\/\/www.sfaltea.com\/es\/wp-json\/wp\/v2\/pages"}],"about":[{"href":"https:\/\/www.sfaltea.com\/es\/wp-json\/wp\/v2\/types\/page"}],"author":[{"embeddable":true,"href":"https:\/\/www.sfaltea.com\/es\/wp-json\/wp\/v2\/users\/1"}],"replies":[{"embeddable":true,"href":"https:\/\/www.sfaltea.com\/es\/wp-json\/wp\/v2\/comments?post=1976"}],"version-history":[{"count":19,"href":"https:\/\/www.sfaltea.com\/es\/wp-json\/wp\/v2\/pages\/1976\/revisions"}],"predecessor-version":[{"id":3219,"href":"https:\/\/www.sfaltea.com\/es\/wp-json\/wp\/v2\/pages\/1976\/revisions\/3219"}],"wp:attachment":[{"href":"https:\/\/www.sfaltea.com\/es\/wp-json\/wp\/v2\/media?parent=1976"}],"curies":[{"name":"wp","href":"https:\/\/api.w.org\/{rel}","templated":true}]}}