{"id":1995,"date":"2021-08-09T11:20:13","date_gmt":"2021-08-09T11:20:13","guid":{"rendered":"http:\/\/sfaltea.com\/componente-de-la-orquesta-de-camara-de-la-sfa\/"},"modified":"2025-03-17T18:14:33","modified_gmt":"2025-03-17T17:14:33","slug":"components-cambra","status":"publish","type":"page","link":"https:\/\/www.sfaltea.com\/es\/components-cambra\/","title":{"rendered":"Componentes de la Orquesta de C\u00e1mara de la SFA"},"content":{"rendered":"\t\t<div data-elementor-type=\"wp-page\" data-elementor-id=\"1995\" class=\"elementor elementor-1995\" data-elementor-settings=\"[]\">\n\t\t\t\t\t\t\t<div class=\"elementor-section-wrap\">\n\t\t\t\t\t\t\t<section class=\"elementor-section elementor-top-section elementor-element elementor-element-d79ba21 elementor-section-boxed elementor-section-height-default elementor-section-height-default\" data-id=\"d79ba21\" data-element_type=\"section\">\n\t\t\t\t\t\t<div class=\"elementor-container elementor-column-gap-default\">\n\t\t\t\t\t<div class=\"elementor-column elementor-col-100 elementor-top-column elementor-element elementor-element-b092d31\" data-id=\"b092d31\" data-element_type=\"column\">\n\t\t\t<div class=\"elementor-widget-wrap elementor-element-populated\">\n\t\t\t\t\t\t\t\t<div class=\"elementor-element elementor-element-8a841d0 elementor-widget elementor-widget-text-editor\" data-id=\"8a841d0\" data-element_type=\"widget\" data-widget_type=\"text-editor.default\">\n\t\t\t\t<div class=\"elementor-widget-container\">\n\t\t\t\t\t\t\t<p><a href=\"http:\/\/sfaltea.com\/es\/cambra\">\ud83e\udc78VOLVER<\/a><\/p>\t\t\t\t\t\t<\/div>\n\t\t\t\t<\/div>\n\t\t\t\t\t<\/div>\n\t\t<\/div>\n\t\t\t\t\t\t\t<\/div>\n\t\t<\/section>\n\t\t\t\t<section class=\"elementor-section elementor-top-section elementor-element elementor-element-f8a7c39 elementor-section-boxed elementor-section-height-default elementor-section-height-default\" data-id=\"f8a7c39\" data-element_type=\"section\">\n\t\t\t\t\t\t<div class=\"elementor-container elementor-column-gap-default\">\n\t\t\t\t\t<div class=\"elementor-column elementor-col-100 elementor-top-column elementor-element elementor-element-3bfdde9\" data-id=\"3bfdde9\" data-element_type=\"column\">\n\t\t\t<div class=\"elementor-widget-wrap elementor-element-populated\">\n\t\t\t\t\t\t\t\t<div class=\"elementor-element elementor-element-f815147 elementor-widget elementor-widget-text-editor\" data-id=\"f815147\" data-element_type=\"widget\" data-widget_type=\"text-editor.default\">\n\t\t\t\t<div class=\"elementor-widget-container\">\n\t\t\t\t\t\t\t<h4 style=\"text-align: center;\"><span style=\"color: #00ccff;\"><em><strong>Director<\/strong><\/em><\/span><\/h4><p style=\"text-align: center;\">SLAVA SLAVOVA<\/p><hr \/><h4 style=\"text-align: center;\"><em><span style=\"color: #00ccff;\">Violines<\/span><\/em><\/h4><h6 style=\"text-align: center;\"><span style=\"color: #00ccff;\"><em>Viola<\/em><\/span><\/h6><p style=\"text-align: center;\">FERRER P\u00c9REZ, ALBA<br \/>MATIES REINA, JOAN<\/p><h6 style=\"text-align: center;\"><em><span style=\"color: #00ccff;\">Viol\u00edn 1\u00ba<\/span><\/em><\/h6><p style=\"text-align: center;\">AIBAR CASCALES, AMELIA<br \/>IVARS LLORENS, MARINA<br \/>MANJ\u00d3N CASTILLO, NEREA<br \/>ORTU\u00d1O BERTOMEU, INMA<\/p><h6 style=\"text-align: center;\"><em><span style=\"color: #00ccff;\">Viol\u00edn 2\u00ba<\/span><\/em><\/h6><p style=\"text-align: center;\">MART\u00cdNEZ MICHEL, TAMARA<br \/>MORALES, CARMEN<br \/>VELTKAMP, CRISTINA<br \/>DE LA HOZ SELL\u00c9S, ELISA<\/p><h6 style=\"text-align: center;\"><em><span style=\"color: #00ccff;\">Viol\u00edn 3\u00ba<\/span><\/em><\/h6><p style=\"text-align: center;\">DUR\u00c1 RONDA, ROSER<\/p><hr \/><h4 style=\"text-align: center;\"><em><span style=\"color: #00ccff;\">Violonchelos<\/span><\/em><\/h4><p style=\"text-align: center;\">GARC\u00cdA SAEZ, PAULA ELISA<br \/>FALGAS ALVADO, ANNA<br \/>BORJA LLORET, MARINA<br \/>PEREZ BALDO, M\u00aa JOSE<br \/>MORALES DEVESA, M\u00aa TERESA<br \/>LAVIOS BERENGUER, ANGELA<br \/>SOLER I MART\u00cdNEZ, M\u00aa ROSA<br \/>LLOPIS CANET, REBECA<\/p>\t\t\t\t\t\t<\/div>\n\t\t\t\t<\/div>\n\t\t\t\t\t<\/div>\n\t\t<\/div>\n\t\t\t\t\t\t\t<\/div>\n\t\t<\/section>\n\t\t\t\t<section class=\"elementor-section elementor-top-section elementor-element elementor-element-6b34267 elementor-section-boxed elementor-section-height-default elementor-section-height-default\" data-id=\"6b34267\" data-element_type=\"section\">\n\t\t\t\t\t\t<div class=\"elementor-container elementor-column-gap-default\">\n\t\t\t\t\t<div class=\"elementor-column elementor-col-100 elementor-top-column elementor-element elementor-element-bf6ed30\" data-id=\"bf6ed30\" data-element_type=\"column\">\n\t\t\t<div class=\"elementor-widget-wrap elementor-element-populated\">\n\t\t\t\t\t\t\t\t<div class=\"elementor-element elementor-element-42e7112 elementor-widget elementor-widget-image\" data-id=\"42e7112\" data-element_type=\"widget\" data-widget_type=\"image.default\">\n\t\t\t\t<div class=\"elementor-widget-container\">\n\t\t\t\t\t\t\t\t\t\t\t\t<figure class=\"wp-caption\">\n\t\t\t\t\t\t\t\t\t\t\t<a href=\"https:\/\/www.sfaltea.com\/wp-content\/uploads\/2025\/03\/cambra-palau-2019.jpg\" data-elementor-open-lightbox=\"yes\" data-elementor-lightbox-title=\"cambra-palau 2019\" e-action-hash=\"#elementor-action%3Aaction%3Dlightbox%26settings%3DeyJpZCI6NDcyNywidXJsIjoiaHR0cHM6XC9cL3d3dy5zZmFsdGVhLmNvbVwvd3AtY29udGVudFwvdXBsb2Fkc1wvMjAyNVwvMDNcL2NhbWJyYS1wYWxhdS0yMDE5LmpwZyJ9\">\n\t\t\t\t\t\t\t<img src=\"https:\/\/www.sfaltea.com\/wp-content\/uploads\/elementor\/thumbs\/cambra-palau-2019-r303kc0f1o4xg5s7kaatw7vbu1aqhh996tsezs0g1g.jpg\" title=\"cambra-palau 2019\" alt=\"cambra-palau 2019\" \/>\t\t\t\t\t\t\t\t<\/a>\n\t\t\t\t\t\t\t\t\t\t\t<figcaption class=\"widget-image-caption wp-caption-text\">Pulsa sobre la imagen para ampliar<\/figcaption>\n\t\t\t\t\t\t\t\t\t\t<\/figure>\n\t\t\t\t\t\t\t\t\t<\/div>\n\t\t\t\t<\/div>\n\t\t\t\t\t<\/div>\n\t\t<\/div>\n\t\t\t\t\t\t\t<\/div>\n\t\t<\/section>\n\t\t\t\t\t\t<\/div>\n\t\t\t\t\t<\/div>\n\t\t","protected":false},"excerpt":{"rendered":"<p>\ud83e\udc78VOLVER Director SLAVA SLAVOVA Violines Viola FERRER P\u00c9REZ, ALBAMATIES REINA, JOAN Viol\u00edn 1\u00ba AIBAR CASCALES, AMELIAIVARS LLORENS, MARINAMANJ\u00d3N CASTILLO, NEREAORTU\u00d1O BERTOMEU, INMA Viol\u00edn 2\u00ba MART\u00cdNEZ MICHEL, TAMARAMORALES, CARMENVELTKAMP, CRISTINADE LA &#8230;<\/p>\n","protected":false},"author":1,"featured_media":0,"parent":0,"menu_order":0,"comment_status":"closed","ping_status":"closed","template":"template-layout-full-width.php","meta":[],"_links":{"self":[{"href":"https:\/\/www.sfaltea.com\/es\/wp-json\/wp\/v2\/pages\/1995"}],"collection":[{"href":"https:\/\/www.sfaltea.com\/es\/wp-json\/wp\/v2\/pages"}],"about":[{"href":"https:\/\/www.sfaltea.com\/es\/wp-json\/wp\/v2\/types\/page"}],"author":[{"embeddable":true,"href":"https:\/\/www.sfaltea.com\/es\/wp-json\/wp\/v2\/users\/1"}],"replies":[{"embeddable":true,"href":"https:\/\/www.sfaltea.com\/es\/wp-json\/wp\/v2\/comments?post=1995"}],"version-history":[{"count":20,"href":"https:\/\/www.sfaltea.com\/es\/wp-json\/wp\/v2\/pages\/1995\/revisions"}],"predecessor-version":[{"id":4739,"href":"https:\/\/www.sfaltea.com\/es\/wp-json\/wp\/v2\/pages\/1995\/revisions\/4739"}],"wp:attachment":[{"href":"https:\/\/www.sfaltea.com\/es\/wp-json\/wp\/v2\/media?parent=1995"}],"curies":[{"name":"wp","href":"https:\/\/api.w.org\/{rel}","templated":true}]}}