{"id":2030,"date":"2021-08-09T11:11:36","date_gmt":"2021-08-09T11:11:36","guid":{"rendered":"http:\/\/sfaltea.com\/historia-de-la-orquesta-de-camara-de-la-sfa\/"},"modified":"2023-05-11T10:06:38","modified_gmt":"2023-05-11T10:06:38","slug":"historia-cambra","status":"publish","type":"page","link":"https:\/\/www.sfaltea.com\/es\/historia-cambra\/","title":{"rendered":"Historia de la Orquesta de C\u00e1mara de la SFA"},"content":{"rendered":"\t\t<div data-elementor-type=\"wp-page\" data-elementor-id=\"2030\" class=\"elementor elementor-2030\" data-elementor-settings=\"[]\">\n\t\t\t\t\t\t\t<div class=\"elementor-section-wrap\">\n\t\t\t\t\t\t\t<section class=\"elementor-section elementor-top-section elementor-element elementor-element-803dcaa elementor-section-boxed elementor-section-height-default elementor-section-height-default\" data-id=\"803dcaa\" data-element_type=\"section\">\n\t\t\t\t\t\t<div class=\"elementor-container elementor-column-gap-default\">\n\t\t\t\t\t<div class=\"elementor-column elementor-col-100 elementor-top-column elementor-element elementor-element-5c86c92\" data-id=\"5c86c92\" data-element_type=\"column\">\n\t\t\t<div class=\"elementor-widget-wrap elementor-element-populated\">\n\t\t\t\t\t\t\t\t<div class=\"elementor-element elementor-element-d871ae0 elementor-widget elementor-widget-text-editor\" data-id=\"d871ae0\" data-element_type=\"widget\" data-widget_type=\"text-editor.default\">\n\t\t\t\t<div class=\"elementor-widget-container\">\n\t\t\t\t\t\t\t<p><a href=\"http:\/\/sfaltea.com\/es\/cambra\">\ud83e\udc78VOLVER<\/a><\/p>\t\t\t\t\t\t<\/div>\n\t\t\t\t<\/div>\n\t\t\t\t\t<\/div>\n\t\t<\/div>\n\t\t\t\t\t\t\t<\/div>\n\t\t<\/section>\n\t\t\t\t<section class=\"elementor-section elementor-top-section elementor-element elementor-element-a3ced84 elementor-section-boxed elementor-section-height-default elementor-section-height-default\" data-id=\"a3ced84\" data-element_type=\"section\">\n\t\t\t\t\t\t<div class=\"elementor-container elementor-column-gap-default\">\n\t\t\t\t\t<div class=\"elementor-column elementor-col-100 elementor-top-column elementor-element elementor-element-42ba827\" data-id=\"42ba827\" data-element_type=\"column\">\n\t\t\t<div class=\"elementor-widget-wrap elementor-element-populated\">\n\t\t\t\t\t\t\t\t<div class=\"elementor-element elementor-element-27edab8 elementor-widget elementor-widget-image\" data-id=\"27edab8\" data-element_type=\"widget\" data-widget_type=\"image.default\">\n\t\t\t\t<div class=\"elementor-widget-container\">\n\t\t\t\t\t\t\t\t\t\t\t\t\t\t\t<img width=\"720\" height=\"480\" src=\"https:\/\/www.sfaltea.com\/wp-content\/uploads\/2023\/05\/cambra-historia.jpg\" class=\"attachment-large size-large\" alt=\"\" loading=\"lazy\" srcset=\"https:\/\/www.sfaltea.com\/wp-content\/uploads\/2023\/05\/cambra-historia.jpg 720w, https:\/\/www.sfaltea.com\/wp-content\/uploads\/2023\/05\/cambra-historia-300x200.jpg 300w, https:\/\/www.sfaltea.com\/wp-content\/uploads\/2023\/05\/cambra-historia-391x260.jpg 391w, https:\/\/www.sfaltea.com\/wp-content\/uploads\/2023\/05\/cambra-historia-100x67.jpg 100w\" sizes=\"(max-width: 720px) 100vw, 720px\" \/>\t\t\t\t\t\t\t\t\t\t\t\t\t\t\t<\/div>\n\t\t\t\t<\/div>\n\t\t\t\t\t<\/div>\n\t\t<\/div>\n\t\t\t\t\t\t\t<\/div>\n\t\t<\/section>\n\t\t\t\t<section class=\"elementor-section elementor-top-section elementor-element elementor-element-07b0798 elementor-section-boxed elementor-section-height-default elementor-section-height-default\" data-id=\"07b0798\" data-element_type=\"section\">\n\t\t\t\t\t\t<div class=\"elementor-container elementor-column-gap-default\">\n\t\t\t\t\t<div class=\"elementor-column elementor-col-100 elementor-top-column elementor-element elementor-element-f37df1c\" data-id=\"f37df1c\" data-element_type=\"column\">\n\t\t\t<div class=\"elementor-widget-wrap elementor-element-populated\">\n\t\t\t\t\t\t\t\t<div class=\"elementor-element elementor-element-7c62c91 elementor-widget elementor-widget-text-editor\" data-id=\"7c62c91\" data-element_type=\"widget\" data-widget_type=\"text-editor.default\">\n\t\t\t\t<div class=\"elementor-widget-container\">\n\t\t\t\t\t\t\t<p>Se forma en 1989, bajo el impulso de la Junta Directiva y del maestro-director Jes\u00fas Juan Oriola. Realiza su primer concierto en junio de 1989 al auditorio de la Casa de Cultura de Altea.<\/p><p>En sus primeros a\u00f1os la orquesta consigue reconocido prestigio y numerosas actividades y conciertos lo avalan.<\/p><p>Sin embargo, a mediados de noventa, varias circunstancias desencadenan en la desaparici\u00f3n de la orquesta, pero en febrero del 2007 y gracias a la obstinaci\u00f3n de la Junta y su presidente Sr. Luis Morote Barber\u00e1, consiguen reagrupar a sus m\u00fasicos, con la adicci\u00f3n de nuevos m\u00fasicos de la Filarm\u00f3nica.<\/p><p>La nueva etapa de la Orquesta abre de nuevo las ilusiones de aquellos m\u00fasicos de la Filarm\u00f3nica que a\u00f1oraron su desaparici\u00f3n y que ven recompensado sus esfuerzos y ense\u00f1anzas en los instrumentos de cuerda.<\/p><p>La Orquesta actualmente se compone de aproximadamente 15-20 m\u00fasicos, entre violines, violas, violonchelos y contrabajo. A veces y por exigencias del repertorio la orquesta cuenta con una secci\u00f3n de viento extra\u00edda de la Banda Sinf\u00f3nica de la Filarm\u00f3nica, reuniendo m\u00e1s de 35 m\u00fasicos en el escenario.<\/p><p>Los conciertos que la Orquesta realiza de manera ordinaria y anual son: Concierto de Primavera (en abril o mayo), Concierto de Verano (en junio o julio), Concierto en Honor a Santa Cecilia (en noviembre) y el Concierto de Navidad en conjunto con las otras agrupaciones de la SFA.<\/p><p>Con la reaparici\u00f3n de la orquesta la batuta ha ca\u00eddo en manos de directores titulares de la Entidad: Rafael Garrig\u00f3s (2007-2008), Jordi Franc\u00e9s Sanju\u00e1n (2008-2010) y Jaime Fco. Ripoll Martins (2010-2011). En la actualidad la Orquesta est\u00e1 dirigida por Slava Slavova.<\/p>\t\t\t\t\t\t<\/div>\n\t\t\t\t<\/div>\n\t\t\t\t\t<\/div>\n\t\t<\/div>\n\t\t\t\t\t\t\t<\/div>\n\t\t<\/section>\n\t\t\t\t\t\t<\/div>\n\t\t\t\t\t<\/div>\n\t\t","protected":false},"excerpt":{"rendered":"<p>\ud83e\udc78VOLVER Se forma en 1989, bajo el impulso de la Junta Directiva y del maestro-director Jes\u00fas Juan Oriola. Realiza su primer concierto en junio de 1989 al auditorio de la &#8230;<\/p>\n","protected":false},"author":1,"featured_media":0,"parent":0,"menu_order":0,"comment_status":"closed","ping_status":"closed","template":"template-layout-full-width.php","meta":[],"_links":{"self":[{"href":"https:\/\/www.sfaltea.com\/es\/wp-json\/wp\/v2\/pages\/2030"}],"collection":[{"href":"https:\/\/www.sfaltea.com\/es\/wp-json\/wp\/v2\/pages"}],"about":[{"href":"https:\/\/www.sfaltea.com\/es\/wp-json\/wp\/v2\/types\/page"}],"author":[{"embeddable":true,"href":"https:\/\/www.sfaltea.com\/es\/wp-json\/wp\/v2\/users\/1"}],"replies":[{"embeddable":true,"href":"https:\/\/www.sfaltea.com\/es\/wp-json\/wp\/v2\/comments?post=2030"}],"version-history":[{"count":29,"href":"https:\/\/www.sfaltea.com\/es\/wp-json\/wp\/v2\/pages\/2030\/revisions"}],"predecessor-version":[{"id":3296,"href":"https:\/\/www.sfaltea.com\/es\/wp-json\/wp\/v2\/pages\/2030\/revisions\/3296"}],"wp:attachment":[{"href":"https:\/\/www.sfaltea.com\/es\/wp-json\/wp\/v2\/media?parent=2030"}],"curies":[{"name":"wp","href":"https:\/\/api.w.org\/{rel}","templated":true}]}}